{"id":243360,"date":"2023-04-26T11:25:37","date_gmt":"2023-04-26T11:25:37","guid":{"rendered":"https:\/\/sustainablealmond.eu\/umweltschonende-landwirtschaft\/"},"modified":"2023-07-05T08:38:12","modified_gmt":"2023-07-05T08:38:12","slug":"umweltschonende-landwirtschaft","status":"publish","type":"page","link":"https:\/\/sustainablealmond.eu\/de\/umweltschonende-landwirtschaft\/","title":{"rendered":"Umweltschonende Landwirtschaft"},"content":{"rendered":"<p>[et_pb_section fb_built=&#8220;1&#8243; custom_padding_last_edited=&#8220;on|desktop&#8220; next_background_color=&#8220;#ffffff&#8220; admin_label=&#8220;Header&#8220; _builder_version=&#8220;4.20.4&#8243; background_color=&#8220;#fcfaf7&#8243; background_image=&#8220;https:\/\/sustainablealmond.eu\/wp-content\/uploads\/2023\/04\/header_almond_picture.png&#8220; background_size=&#8220;initial&#8220; background_position=&#8220;top_center&#8220; custom_padding=&#8220;||3vw||false|false&#8220; custom_padding_tablet=&#8220;||0vw|&#8220; custom_padding_phone=&#8220;&#8220; bottom_divider_style=&#8220;wave&#8220; bottom_divider_height=&#8220;80%&#8220; bottom_divider_repeat=&#8220;0.6x&#8220; bottom_divider_flip=&#8220;vertical|horizontal&#8220; global_colors_info=&#8220;{}&#8220;][et_pb_row column_structure=&#8220;1_2,1_2&#8243; _builder_version=&#8220;4.16&#8243; custom_margin=&#8220;100px||&#8220; custom_margin_tablet=&#8220;||&#8220; custom_margin_phone=&#8220;0px|||&#8220; custom_margin_last_edited=&#8220;on|tablet&#8220; global_colors_info=&#8220;{}&#8220;][et_pb_column type=&#8220;1_2&#8243; _builder_version=&#8220;4.16&#8243; custom_padding=&#8220;|||&#8220; global_colors_info=&#8220;{}&#8220; custom_padding__hover=&#8220;|||&#8220;][et_pb_text _builder_version=&#8220;4.20.4&#8243; header_font=&#8220;Rns Sanz|700|||||||&#8220; header_text_color=&#8220;#ad521b&#8220; header_font_size=&#8220;60px&#8220; header_letter_spacing=&#8220;1px&#8220; hover_enabled=&#8220;0&#8243; header_font_size_tablet=&#8220;40px&#8220; header_font_size_phone=&#8220;34px&#8220; header_font_size_last_edited=&#8220;on|desktop&#8220; header_letter_spacing_tablet=&#8220;0px&#8220; header_letter_spacing_phone=&#8220;0px&#8220; header_letter_spacing_last_edited=&#8220;on|tablet&#8220; global_colors_info=&#8220;{}&#8220; sticky_enabled=&#8220;0&#8243;]<\/p>\n<h1>Die europ\u00e4ische Mandel, umweltschonende Landwirtschaft<\/h1>\n<p>[\/et_pb_text][et_pb_text _builder_version=&#8220;4.20.4&#8243; text_font=&#8220;Open Sans||||||||&#8220; text_letter_spacing=&#8220;0.5px&#8220; text_line_height=&#8220;2em&#8220; ul_font=&#8220;Rns Sanz||||||||&#8220; ul_font_size=&#8220;17px&#8220; ul_line_height=&#8220;2em&#8220; transform_scale_tablet=&#8220;&#8220; transform_scale_phone=&#8220;&#8220; transform_scale_last_edited=&#8220;on|desktop&#8220; transform_translate_tablet=&#8220;&#8220; transform_translate_phone=&#8220;&#8220; transform_translate_last_edited=&#8220;on|desktop&#8220; transform_rotate_tablet=&#8220;&#8220; transform_rotate_phone=&#8220;&#8220; transform_rotate_last_edited=&#8220;on|desktop&#8220; transform_skew_tablet=&#8220;&#8220; transform_skew_phone=&#8220;&#8220; transform_skew_last_edited=&#8220;on|desktop&#8220; transform_origin_tablet=&#8220;&#8220; transform_origin_phone=&#8220;&#8220; transform_origin_last_edited=&#8220;on|desktop&#8220; transform_styles_last_edited=&#8220;on|desktop&#8220; hover_enabled=&#8220;0&#8243; text_font_size_tablet=&#8220;16px&#8220; text_font_size_phone=&#8220;14px&#8220; text_font_size_last_edited=&#8220;on|phone&#8220; text_letter_spacing_tablet=&#8220;&#8220; text_letter_spacing_phone=&#8220;0px&#8220; text_letter_spacing_last_edited=&#8220;on|tablet&#8220; transform_styles_tablet=&#8220;&#8220; transform_styles_phone=&#8220;&#8220; global_colors_info=&#8220;{}&#8220; sticky_enabled=&#8220;0&#8243;]<\/p>\n<ul>\n<li>Bindet mehr CO2.<\/li>\n<li>Verbraucht weniger Wasser.<\/li>\n<li>Tr\u00e4gt zum Schutz der Artenvielfalt und der Bienen bei.<\/li>\n<li>Verzichtet auf den Einsatz einiger Pflanzenschutzmittel.<\/li>\n<li>Bremst die Erosion und bildet eine nat\u00fcrliche Brandschneise.<\/li>\n<\/ul>\n<p>[\/et_pb_text][\/et_pb_column][et_pb_column type=&#8220;1_2&#8243; _builder_version=&#8220;4.16&#8243; custom_padding=&#8220;|||&#8220; global_colors_info=&#8220;{}&#8220; custom_padding__hover=&#8220;|||&#8220;][et_pb_image src=&#8220;https:\/\/sustainablealmond.eu\/wp-content\/uploads\/2023\/04\/almond_01.png&#8220; title_text=&#8220;almond_01&#8243; align=&#8220;right&#8220; _builder_version=&#8220;4.20.4&#8243; transform_scale=&#8220;120%|120%&#8220; transform_scale_tablet=&#8220;100%|100%&#8220; transform_scale_phone=&#8220;&#8220; transform_scale_last_edited=&#8220;on|tablet&#8220; transform_translate_tablet=&#8220;&#8220; transform_translate_phone=&#8220;&#8220; transform_translate_last_edited=&#8220;on|desktop&#8220; transform_rotate_tablet=&#8220;&#8220; transform_rotate_phone=&#8220;&#8220; transform_rotate_last_edited=&#8220;on|desktop&#8220; transform_skew_tablet=&#8220;&#8220; transform_skew_phone=&#8220;&#8220; transform_skew_last_edited=&#8220;on|desktop&#8220; transform_origin_tablet=&#8220;&#8220; transform_origin_phone=&#8220;&#8220; transform_origin_last_edited=&#8220;on|desktop&#8220; transform_styles_last_edited=&#8220;on|tablet&#8220; width_tablet=&#8220;60%&#8220; width_phone=&#8220;&#8220; width_last_edited=&#8220;on|phone&#8220; custom_margin=&#8220;|||&#8220; custom_margin_tablet=&#8220;-24px||||false|false&#8220; custom_margin_phone=&#8220;-24px||||false|false&#8220; custom_margin_last_edited=&#8220;on|tablet&#8220; transform_styles_tablet=&#8220;&#8220; transform_styles_phone=&#8220;&#8220; always_center_on_mobile=&#8220;off&#8220; global_colors_info=&#8220;{}&#8220;][\/et_pb_image][\/et_pb_column][\/et_pb_row][\/et_pb_section][et_pb_section fb_built=&#8220;1&#8243; admin_label=&#8220;Section Title&#8220; _builder_version=&#8220;4.16&#8243; custom_padding=&#8220;||0px|||&#8220; global_colors_info=&#8220;{}&#8220;][et_pb_row _builder_version=&#8220;4.16&#8243; locked=&#8220;off&#8220; global_colors_info=&#8220;{}&#8220;][et_pb_column type=&#8220;4_4&#8243; _builder_version=&#8220;4.16&#8243; custom_padding=&#8220;|||&#8220; global_colors_info=&#8220;{}&#8220; custom_padding__hover=&#8220;|||&#8220;][et_pb_text _builder_version=&#8220;4.20.4&#8243; text_font=&#8220;Rns Sanz||||||||&#8220; header_font=&#8220;||||||||&#8220; header_2_font=&#8220;Rns Sanz|700|||||||&#8220; header_2_text_color=&#8220;#ad521b&#8220; header_2_font_size=&#8220;30px&#8220; header_2_line_height=&#8220;1.2em&#8220; custom_margin_tablet=&#8220;-46px||||false|false&#8220; custom_margin_phone=&#8220;-46px||||false|false&#8220; custom_margin_last_edited=&#8220;on|tablet&#8220; hover_enabled=&#8220;0&#8243; header_2_font_size_tablet=&#8220;26px&#8220; header_2_font_size_phone=&#8220;24px&#8220; header_2_font_size_last_edited=&#8220;on|desktop&#8220; header_2_letter_spacing_tablet=&#8220;0px&#8220; header_2_letter_spacing_phone=&#8220;0px&#8220; header_2_letter_spacing_last_edited=&#8220;off|tablet&#8220; global_colors_info=&#8220;{}&#8220; sticky_enabled=&#8220;0&#8243;]<\/p>\n<h2>Die europ\u00e4ische Mandel ist ein perfektes Beispiel f\u00fcr eine schonende und nachhaltige Landwirtschaft in einem Gebiet, das besonders anf\u00e4llig f\u00fcr den Klimawandel ist.<\/h2>\n<p>[\/et_pb_text][\/et_pb_column][\/et_pb_row][\/et_pb_section][et_pb_section fb_built=&#8220;1&#8243; specialty=&#8220;on&#8220; admin_label=&#8220;What We Do&#8220; _builder_version=&#8220;4.20.4&#8243; background_image=&#8220;https:\/\/sustainablealmond.eu\/wp-content\/uploads\/2023\/04\/left.jpg&#8220; background_size=&#8220;initial&#8220; background_position=&#8220;bottom_center&#8220; background_blend=&#8220;multiply&#8220; custom_padding=&#8220;0px||5px|||&#8220; global_colors_info=&#8220;{}&#8220;][et_pb_column type=&#8220;2_3&#8243; specialty_columns=&#8220;2&#8243; _builder_version=&#8220;4.16&#8243; custom_padding=&#8220;|||&#8220; global_colors_info=&#8220;{}&#8220; custom_padding__hover=&#8220;|||&#8220;][et_pb_row_inner column_structure=&#8220;1_2,1_2&#8243; _builder_version=&#8220;4.16&#8243; global_colors_info=&#8220;{}&#8220;][et_pb_column_inner type=&#8220;1_2&#8243; saved_specialty_column_type=&#8220;2_3&#8243; _builder_version=&#8220;4.16&#8243; custom_padding=&#8220;|||&#8220; global_colors_info=&#8220;{}&#8220; custom_padding__hover=&#8220;|||&#8220;][et_pb_blurb title=&#8220;Co2&#8243; image=&#8220;https:\/\/sustainablealmond.eu\/wp-content\/uploads\/2023\/04\/huella_carbono.png&#8220; image_icon_width=&#8220;90px&#8220; content_max_width=&#8220;800px&#8220; image_icon_width_last_edited=&#8220;off|phone&#8220; _builder_version=&#8220;4.20.4&#8243; header_font=&#8220;Rns Sanz|700|||||||&#8220; header_text_color=&#8220;#ad521b&#8220; header_font_size=&#8220;26px&#8220; body_font=&#8220;Rns Sanz||||||||&#8220; body_font_size=&#8220;15px&#8220; body_line_height=&#8220;1.2em&#8220; background_color=&#8220;rgba(255,255,255,0.4)&#8220; text_orientation=&#8220;center&#8220; custom_margin_tablet=&#8220;||-40px&#8220; custom_margin_last_edited=&#8220;off|desktop&#8220; custom_padding=&#8220;80px|30px|80px|30px|true|true&#8220; custom_padding_tablet=&#8220;30px||30px||true&#8220; custom_padding_phone=&#8220;&#8220; custom_padding_last_edited=&#8220;on|desktop&#8220; animation=&#8220;off&#8220; hover_enabled=&#8220;0&#8243; header_font_size_tablet=&#8220;&#8220; header_font_size_phone=&#8220;21px&#8220; header_font_size_last_edited=&#8220;on|phone&#8220; body_font_size_tablet=&#8220;&#8220; body_font_size_phone=&#8220;14px&#8220; body_font_size_last_edited=&#8220;on|phone&#8220; body_line_height_tablet=&#8220;&#8220; body_line_height_phone=&#8220;1.8em&#8220; body_line_height_last_edited=&#8220;on|phone&#8220; border_radii=&#8220;on|20px|20px|20px|20px&#8220; border_width_all=&#8220;2px&#8220; border_color_all=&#8220;#f2ba44&#8243; box_shadow_style=&#8220;preset6&#8243; box_shadow_blur=&#8220;0px&#8220; box_shadow_spread=&#8220;2px&#8220; box_shadow_color=&#8220;rgba(0,0,0,0.1)&#8220; image_max_width=&#8220;90px&#8220; image_max_width_last_edited=&#8220;off|phone&#8220; locked=&#8220;off&#8220; global_colors_info=&#8220;{}&#8220; sticky_enabled=&#8220;0&#8243;]<\/p>\n<p>Laut einer 2013 von der Regierung von Aragon ver\u00f6ffentlichten <a href=\"https:\/\/bibliotecavirtual.aragon.es\/i18n\/catalogo_imagenes\/grupo.cmd?path=3707991\">Studie<\/a> bindet <strong>jeder Hektar bew\u00e4sserter Mandelb\u00e4ume 22,24\u00a0Tonnen CO2\/Jahr.<\/strong><\/p>\n<p>Hochgerechnet auf die gesamte Iberische Halbinsel w\u00fcrde dies bedeuten, dass die iberischen Mandelbaumplantagen <strong>jedes Jahr etwa 16.900.000 Tonnen CO2 aufnehmen w\u00fcrden.<\/strong><\/p>\n<p>Das ist mehr als der Aussto\u00df der <strong>gesamten Stadt Barcelona.<\/strong><\/p>\n<p>Ganz zu schweigen von der Tatsache, dass viele der Farmen bereits mit Programmen zur <strong>Erzeugung von erneuerbaren Energien<\/strong> arbeiten.<\/p>\n<p>[\/et_pb_blurb][\/et_pb_column_inner][et_pb_column_inner type=&#8220;1_2&#8243; saved_specialty_column_type=&#8220;2_3&#8243; _builder_version=&#8220;4.16&#8243; custom_padding=&#8220;|||&#8220; global_colors_info=&#8220;{}&#8220; custom_padding__hover=&#8220;|||&#8220;][et_pb_blurb title=&#8220;Wassermanagement&#8220; image=&#8220;https:\/\/sustainablealmond.eu\/wp-content\/uploads\/2023\/04\/agua.png&#8220; image_icon_width=&#8220;90px&#8220; content_max_width=&#8220;800px&#8220; image_icon_width_last_edited=&#8220;off|phone&#8220; _builder_version=&#8220;4.20.4&#8243; header_font=&#8220;Rns Sanz|700|||||||&#8220; header_text_color=&#8220;#ad521b&#8220; header_font_size=&#8220;26px&#8220; body_font=&#8220;||||||||&#8220; body_font_size=&#8220;15px&#8220; body_line_height=&#8220;1.3em&#8220; background_color=&#8220;rgba(255,255,255,0.4)&#8220; text_orientation=&#8220;center&#8220; custom_margin_tablet=&#8220;||-40px&#8220; custom_margin_last_edited=&#8220;off|desktop&#8220; custom_padding=&#8220;80px|30px|80px|30px|true|true&#8220; custom_padding_tablet=&#8220;30px||30px||true&#8220; custom_padding_phone=&#8220;&#8220; custom_padding_last_edited=&#8220;on|desktop&#8220; animation=&#8220;off&#8220; hover_enabled=&#8220;0&#8243; header_font_size_tablet=&#8220;&#8220; header_font_size_phone=&#8220;21px&#8220; header_font_size_last_edited=&#8220;on|phone&#8220; body_font_size_tablet=&#8220;&#8220; body_font_size_phone=&#8220;14px&#8220; body_font_size_last_edited=&#8220;on|phone&#8220; body_line_height_tablet=&#8220;&#8220; body_line_height_phone=&#8220;1.8em&#8220; body_line_height_last_edited=&#8220;on|phone&#8220; border_radii=&#8220;on|20px|20px|20px|20px&#8220; border_width_all=&#8220;2px&#8220; border_color_all=&#8220;#f2ba44&#8243; box_shadow_style=&#8220;preset6&#8243; box_shadow_blur=&#8220;0px&#8220; box_shadow_spread=&#8220;2px&#8220; box_shadow_color=&#8220;rgba(0,0,0,0.1)&#8220; image_max_width=&#8220;90px&#8220; image_max_width_last_edited=&#8220;off|phone&#8220; locked=&#8220;off&#8220; global_colors_info=&#8220;{}&#8220; sticky_enabled=&#8220;0&#8243;]<\/p>\n<p>Der Sektor setzt sich sehr f\u00fcr einen verantwortungsvollen und effizienten Umgang mit dieser Ressource ein, die in einem Gebiet mit so gro\u00dfem Wasserstress wie dem Mittelmeerraum besonders wertvoll ist.<\/p>\n<p>85 % der Mandelb\u00e4ume, die in beiden L\u00e4ndern angebaut werden, werden durch Regen bew\u00e4ssert.<\/p>\n<p>Und die Betriebe, die mit Bew\u00e4sserung arbeiten, setzen Technologien zur Begrenzung ihres Verbrauchs ein, indem sie per Computer ferngesteuerte bedarfsgerechte Bew\u00e4sserungspl\u00e4ne f\u00fcr jeden Baum erstellen.<\/p>\n<p>[\/et_pb_blurb][\/et_pb_column_inner][\/et_pb_row_inner][\/et_pb_column][et_pb_column type=&#8220;1_3&#8243; _builder_version=&#8220;4.16&#8243; custom_padding=&#8220;|||&#8220; global_colors_info=&#8220;{}&#8220; custom_padding__hover=&#8220;|||&#8220;][et_pb_image src=&#8220;https:\/\/sustainablealmond.eu\/wp-content\/uploads\/2023\/04\/gestion-agua.jpg&#8220; title_text=&#8220;gestion agua&#8220; align_tablet=&#8220;center&#8220; align_phone=&#8220;center&#8220; align_last_edited=&#8220;on|desktop&#8220; disabled_on=&#8220;on|on|off&#8220; _builder_version=&#8220;4.20.4&#8243; width_tablet=&#8220;&#8220; width_phone=&#8220;&#8220; width_last_edited=&#8220;on|tablet&#8220; border_radii=&#8220;on|8px|8px|8px|8px&#8220; border_width_all=&#8220;2px&#8220; border_color_all=&#8220;rgba(0,0,0,0.1)&#8220; box_shadow_style=&#8220;preset1&#8243; box_shadow_vertical=&#8220;70px&#8220; box_shadow_blur=&#8220;100px&#8220; box_shadow_color=&#8220;rgba(0,0,0,0.2)&#8220; global_colors_info=&#8220;{}&#8220;][\/et_pb_image][\/et_pb_column][\/et_pb_section][et_pb_section fb_built=&#8220;1&#8243; disabled_on=&#8220;off|off|on&#8220; _builder_version=&#8220;4.20.4&#8243; _module_preset=&#8220;default&#8220; global_colors_info=&#8220;{}&#8220;][et_pb_row _builder_version=&#8220;4.20.4&#8243; _module_preset=&#8220;default&#8220; global_colors_info=&#8220;{}&#8220;][et_pb_column type=&#8220;4_4&#8243; _builder_version=&#8220;4.20.4&#8243; _module_preset=&#8220;default&#8220; global_colors_info=&#8220;{}&#8220;][et_pb_image src=&#8220;https:\/\/sustainablealmond.eu\/wp-content\/uploads\/2023\/04\/mano.jpg&#8220; title_text=&#8220;mano&#8220; align=&#8220;center&#8220; _builder_version=&#8220;4.20.4&#8243; _module_preset=&#8220;default&#8220; width_tablet=&#8220;60%&#8220; width_phone=&#8220;auto&#8220; width_last_edited=&#8220;on|tablet&#8220; custom_margin_tablet=&#8220;0px||0px||false|false&#8220; custom_margin_phone=&#8220;0px||0px||false|false&#8220; custom_margin_last_edited=&#8220;on|tablet&#8220; custom_padding=&#8220;0px||0px||false|false&#8220; custom_padding_tablet=&#8220;0px||0px||false|false&#8220; custom_padding_phone=&#8220;0px||0px||false|false&#8220; custom_padding_last_edited=&#8220;on|tablet&#8220; global_colors_info=&#8220;{}&#8220;][\/et_pb_image][\/et_pb_column][\/et_pb_row][\/et_pb_section][et_pb_section fb_built=&#8220;1&#8243; specialty=&#8220;on&#8220; _builder_version=&#8220;4.20.4&#8243; _module_preset=&#8220;default&#8220; custom_margin=&#8220;0px||||false|false&#8220; custom_padding=&#8220;0px||||false|false&#8220; global_colors_info=&#8220;{}&#8220;][et_pb_column type=&#8220;1_3&#8243; _builder_version=&#8220;4.16&#8243; custom_padding=&#8220;|||&#8220; global_colors_info=&#8220;{}&#8220; custom_padding__hover=&#8220;|||&#8220;][et_pb_image src=&#8220;https:\/\/sustainablealmond.eu\/wp-content\/uploads\/2023\/04\/mano.jpg&#8220; title_text=&#8220;mano&#8220; align_tablet=&#8220;center&#8220; align_phone=&#8220;center&#8220; align_last_edited=&#8220;on|desktop&#8220; disabled_on=&#8220;on|on|off&#8220; _builder_version=&#8220;4.20.4&#8243; width_tablet=&#8220;&#8220; width_phone=&#8220;&#8220; width_last_edited=&#8220;on|tablet&#8220; border_radii=&#8220;on|8px|8px|8px|8px&#8220; border_width_all=&#8220;2px&#8220; border_color_all=&#8220;rgba(0,0,0,0.1)&#8220; box_shadow_style=&#8220;preset1&#8243; box_shadow_vertical=&#8220;70px&#8220; box_shadow_blur=&#8220;100px&#8220; box_shadow_color=&#8220;rgba(0,0,0,0.2)&#8220; global_colors_info=&#8220;{}&#8220;][\/et_pb_image][\/et_pb_column][et_pb_column type=&#8220;2_3&#8243; specialty_columns=&#8220;2&#8243; _builder_version=&#8220;4.16&#8243; custom_padding=&#8220;|||&#8220; global_colors_info=&#8220;{}&#8220; custom_padding__hover=&#8220;|||&#8220;][et_pb_row_inner column_structure=&#8220;1_2,1_2&#8243; _builder_version=&#8220;4.20.4&#8243; _module_preset=&#8220;default&#8220; global_colors_info=&#8220;{}&#8220;][et_pb_column_inner type=&#8220;1_2&#8243; saved_specialty_column_type=&#8220;2_3&#8243; _builder_version=&#8220;4.20.4&#8243; _module_preset=&#8220;default&#8220; global_colors_info=&#8220;{}&#8220;][et_pb_blurb title=&#8220;Artenvielfalt&#8220; image=&#8220;https:\/\/sustainablealmond.eu\/wp-content\/uploads\/2023\/04\/biodiversidad.png&#8220; image_icon_width=&#8220;90px&#8220; content_max_width=&#8220;800px&#8220; image_icon_width_last_edited=&#8220;off|phone&#8220; _builder_version=&#8220;4.20.4&#8243; header_font=&#8220;Rns Sanz|700|||||||&#8220; header_text_color=&#8220;#ad521b&#8220; header_font_size=&#8220;26px&#8220; body_font=&#8220;||||||||&#8220; body_font_size=&#8220;15px&#8220; body_line_height=&#8220;1.2em&#8220; background_color=&#8220;rgba(255,255,255,0.4)&#8220; text_orientation=&#8220;center&#8220; custom_margin_tablet=&#8220;||-40px&#8220; custom_margin_last_edited=&#8220;off|desktop&#8220; custom_padding=&#8220;80px|30px|80px|30px|true|true&#8220; custom_padding_tablet=&#8220;30px||30px||true&#8220; custom_padding_phone=&#8220;&#8220; custom_padding_last_edited=&#8220;on|desktop&#8220; animation=&#8220;off&#8220; header_font_size_tablet=&#8220;&#8220; header_font_size_phone=&#8220;21px&#8220; header_font_size_last_edited=&#8220;on|phone&#8220; body_font_size_tablet=&#8220;&#8220; body_font_size_phone=&#8220;14px&#8220; body_font_size_last_edited=&#8220;on|phone&#8220; body_line_height_tablet=&#8220;&#8220; body_line_height_phone=&#8220;1.8em&#8220; body_line_height_last_edited=&#8220;on|phone&#8220; border_radii=&#8220;on|20px|20px|20px|20px&#8220; border_width_all=&#8220;2px&#8220; border_color_all=&#8220;#f2ba44&#8243; box_shadow_style=&#8220;preset6&#8243; box_shadow_blur=&#8220;0px&#8220; box_shadow_spread=&#8220;2px&#8220; box_shadow_color=&#8220;rgba(0,0,0,0.1)&#8220; image_max_width=&#8220;90px&#8220; image_max_width_last_edited=&#8220;off|phone&#8220; locked=&#8220;off&#8220; global_colors_info=&#8220;{}&#8220;]<\/p>\n<p>Ein weiterer Punkt, der f\u00fcr die Nachhaltigkeit der europ\u00e4ischen Mandel spricht, ist ihr genetischer Reichtum. Allein in Spanien werden mehr als 100 Sorten angebaut, von denen einige Tausende von Jahren alt sind.<\/p>\n<p>Au\u00dferdem sind die Mandeln in den Mittelmeerl\u00e4ndern in der Regel hartschalig, was sie widerstandsf\u00e4higer gegen Sch\u00e4dlingsbefall und die Wirkung von Insektiziden sowie gegen andere \u00e4u\u00dfere Einfl\u00fcsse w\u00e4hrend der Lagerung und der industriellen Verarbeitungsprozesse macht. Dadurch verringert sich die Notwendigkeit des Einsatzes von Pflanzenschutzmitteln.<\/p>\n<p>[\/et_pb_blurb][\/et_pb_column_inner][et_pb_column_inner type=&#8220;1_2&#8243; saved_specialty_column_type=&#8220;2_3&#8243; _builder_version=&#8220;4.20.4&#8243; _module_preset=&#8220;default&#8220; global_colors_info=&#8220;{}&#8220;][et_pb_blurb title=&#8220;Erosion und Br\u00e4nde&#8220; image=&#8220;https:\/\/sustainablealmond.eu\/wp-content\/uploads\/2023\/04\/erosion.png&#8220; image_icon_width=&#8220;90px&#8220; content_max_width=&#8220;800px&#8220; image_icon_width_last_edited=&#8220;off|phone&#8220; _builder_version=&#8220;4.20.4&#8243; header_font=&#8220;Rns Sanz|700|||||||&#8220; header_text_color=&#8220;#ad521b&#8220; header_font_size=&#8220;26px&#8220; body_font=&#8220;||||||||&#8220; body_font_size=&#8220;15px&#8220; body_line_height=&#8220;1.3em&#8220; background_color=&#8220;rgba(255,255,255,0.4)&#8220; text_orientation=&#8220;center&#8220; custom_margin_tablet=&#8220;||-40px&#8220; custom_margin_last_edited=&#8220;off|desktop&#8220; custom_padding=&#8220;80px|30px|80px|30px|true|true&#8220; custom_padding_tablet=&#8220;30px||30px||true&#8220; custom_padding_phone=&#8220;&#8220; custom_padding_last_edited=&#8220;on|desktop&#8220; animation=&#8220;off&#8220; hover_enabled=&#8220;0&#8243; header_font_size_tablet=&#8220;&#8220; header_font_size_phone=&#8220;21px&#8220; header_font_size_last_edited=&#8220;on|phone&#8220; body_font_size_tablet=&#8220;&#8220; body_font_size_phone=&#8220;14px&#8220; body_font_size_last_edited=&#8220;on|phone&#8220; body_line_height_tablet=&#8220;&#8220; body_line_height_phone=&#8220;1.8em&#8220; body_line_height_last_edited=&#8220;on|phone&#8220; border_radii=&#8220;on|20px|20px|20px|20px&#8220; border_width_all=&#8220;2px&#8220; border_color_all=&#8220;#f2ba44&#8243; box_shadow_style=&#8220;preset6&#8243; box_shadow_blur=&#8220;0px&#8220; box_shadow_spread=&#8220;2px&#8220; box_shadow_color=&#8220;rgba(0,0,0,0.1)&#8220; image_max_width=&#8220;90px&#8220; image_max_width_last_edited=&#8220;off|phone&#8220; locked=&#8220;off&#8220; global_colors_info=&#8220;{}&#8220; sticky_enabled=&#8220;0&#8243;]<\/p>\n<p>Schlie\u00dflich sind Mandelbaumfelder eine wirksame Erosionsbremse in einem daf\u00fcr sehr anf\u00e4lligen Gel\u00e4nde, insbesondere in Hanglagen. In Terrassen angebaut, verbessern sie die Bodenstruktur, erm\u00f6glichen die Wasserr\u00fcckhaltung und tragen zur Entstehung von mikrobiellem Leben bei.<\/p>\n<p>Und sie wirken als nat\u00fcrliche Brandschneisen, da ihr dichtes Blattwerk die Ausbreitung von Flammen weitgehend verhindert.<\/p>\n<p>[\/et_pb_blurb][\/et_pb_column_inner][\/et_pb_row_inner][\/et_pb_column][\/et_pb_section][et_pb_section fb_built=&#8220;1&#8243; disabled_on=&#8220;on|on|on&#8220; admin_label=&#8220;Video&#8220; _builder_version=&#8220;4.20.4&#8243; disabled=&#8220;on&#8220; locked=&#8220;off&#8220; global_colors_info=&#8220;{}&#8220;][et_pb_row _builder_version=&#8220;4.20.4&#8243; max_width=&#8220;1280px&#8220; custom_margin=&#8220;|auto|-1px|auto||&#8220; custom_padding=&#8220;0px||0px||true|&#8220; locked=&#8220;off&#8220; global_colors_info=&#8220;{}&#8220;][et_pb_column type=&#8220;4_4&#8243; _builder_version=&#8220;4.16&#8243; custom_padding=&#8220;|||&#8220; global_colors_info=&#8220;{}&#8220; custom_padding__hover=&#8220;|||&#8220;][et_pb_image src=&#8220;https:\/\/sustainablealmond.eu\/wp-content\/uploads\/2023\/04\/video_almond.jpg&#8220; title_text=&#8220;video_almond&#8220; _builder_version=&#8220;4.20.4&#8243; _module_preset=&#8220;default&#8220; width=&#8220;75%&#8220; module_alignment=&#8220;center&#8220; global_colors_info=&#8220;{}&#8220;][\/et_pb_image][\/et_pb_column][\/et_pb_row][\/et_pb_section]<\/p>\n","protected":false},"excerpt":{"rendered":"<p>Die europ\u00e4ische Mandel, umweltschonende Landwirtschaft Bindet mehr CO2. Verbraucht weniger Wasser. Tr\u00e4gt zum Schutz der Artenvielfalt und der Bienen bei. Verzichtet auf den Einsatz einiger Pflanzenschutzmittel. Bremst die Erosion und bildet eine nat\u00fcrliche Brandschneise. Die europ\u00e4ische Mandel ist ein perfektes Beispiel f\u00fcr eine schonende und nachhaltige Landwirtschaft in einem Gebiet, das besonders anf\u00e4llig f\u00fcr den [&hellip;]<\/p>\n","protected":false},"author":1,"featured_media":0,"parent":0,"menu_order":0,"comment_status":"closed","ping_status":"closed","template":"","meta":{"_et_pb_use_builder":"on","_et_pb_old_content":"","_et_gb_content_width":"","footnotes":""},"class_list":["post-243360","page","type-page","status-publish","hentry"],"_links":{"self":[{"href":"https:\/\/sustainablealmond.eu\/de\/wp-json\/wp\/v2\/pages\/243360"}],"collection":[{"href":"https:\/\/sustainablealmond.eu\/de\/wp-json\/wp\/v2\/pages"}],"about":[{"href":"https:\/\/sustainablealmond.eu\/de\/wp-json\/wp\/v2\/types\/page"}],"author":[{"embeddable":true,"href":"https:\/\/sustainablealmond.eu\/de\/wp-json\/wp\/v2\/users\/1"}],"replies":[{"embeddable":true,"href":"https:\/\/sustainablealmond.eu\/de\/wp-json\/wp\/v2\/comments?post=243360"}],"version-history":[{"count":3,"href":"https:\/\/sustainablealmond.eu\/de\/wp-json\/wp\/v2\/pages\/243360\/revisions"}],"predecessor-version":[{"id":243363,"href":"https:\/\/sustainablealmond.eu\/de\/wp-json\/wp\/v2\/pages\/243360\/revisions\/243363"}],"wp:attachment":[{"href":"https:\/\/sustainablealmond.eu\/de\/wp-json\/wp\/v2\/media?parent=243360"}],"curies":[{"name":"wp","href":"https:\/\/api.w.org\/{rel}","templated":true}]}}