{"id":243364,"date":"2023-04-26T14:16:34","date_gmt":"2023-04-26T14:16:34","guid":{"rendered":"https:\/\/sustainablealmond.eu\/ein-vorbild-fuer-den-oekologischen-anbau\/"},"modified":"2023-07-05T08:45:32","modified_gmt":"2023-07-05T08:45:32","slug":"ein-vorbild-fuer-den-oekologischen-anbau","status":"publish","type":"page","link":"https:\/\/sustainablealmond.eu\/de\/ein-vorbild-fuer-den-oekologischen-anbau\/","title":{"rendered":"Ein Vorbild f\u00fcr den \u00f6kologischen Anbau"},"content":{"rendered":"<p>[et_pb_section fb_built=&#8220;1&#8243; custom_padding_last_edited=&#8220;on|tablet&#8220; admin_label=&#8220;Testimonials&#8220; _builder_version=&#8220;4.20.4&#8243; background_image=&#8220;https:\/\/sustainablealmond.eu\/wp-content\/uploads\/2023\/04\/left.jpg&#8220; background_size=&#8220;initial&#8220; custom_padding=&#8220;29px||29px||true|&#8220; custom_padding_tablet=&#8220;0px||0px||true&#8220; custom_padding_phone=&#8220;&#8220; global_colors_info=&#8220;{}&#8220;][et_pb_row _builder_version=&#8220;4.16&#8243; global_colors_info=&#8220;{}&#8220;][et_pb_column type=&#8220;4_4&#8243; _builder_version=&#8220;4.16&#8243; custom_padding=&#8220;|||&#8220; global_colors_info=&#8220;{}&#8220; custom_padding__hover=&#8220;|||&#8220;][et_pb_text _builder_version=&#8220;4.20.4&#8243; text_font=&#8220;||||||||&#8220; header_font=&#8220;Rns Sanz||||||||&#8220; header_text_color=&#8220;#ad521b&#8220; header_font_size=&#8220;60px&#8220; header_2_font=&#8220;Rns Sanz|700|||||||&#8220; header_2_text_color=&#8220;#ad521b&#8220; header_2_font_size=&#8220;50px&#8220; text_orientation=&#8220;center&#8220; max_width=&#8220;800px&#8220; module_alignment=&#8220;center&#8220; header_font_size_tablet=&#8220;40px&#8220; header_font_size_phone=&#8220;34px&#8220; header_font_size_last_edited=&#8220;on|desktop&#8220; header_2_font_size_tablet=&#8220;36px&#8220; header_2_font_size_phone=&#8220;28px&#8220; header_2_font_size_last_edited=&#8220;on|phone&#8220; header_2_letter_spacing_tablet=&#8220;0px&#8220; header_2_letter_spacing_phone=&#8220;0px&#8220; header_2_letter_spacing_last_edited=&#8220;off|tablet&#8220; locked=&#8220;off&#8220; global_colors_info=&#8220;{}&#8220;]<\/p>\n<h1>Ein Vorbild f\u00fcr den \u00f6kologischen Anbau<\/h1>\n<p>[\/et_pb_text][\/et_pb_column][\/et_pb_row][et_pb_row _builder_version=&#8220;4.16&#8243; background_color=&#8220;rgba(252,250,247,0.9)&#8220; global_colors_info=&#8220;{}&#8220;][et_pb_column type=&#8220;4_4&#8243; _builder_version=&#8220;4.16&#8243; custom_padding=&#8220;|||&#8220; global_colors_info=&#8220;{}&#8220; custom_padding__hover=&#8220;|||&#8220;][et_pb_slider arrows_custom_color=&#8220;#ad521b&#8220; dot_nav_custom_color=&#8220;#ad521b&#8220; _builder_version=&#8220;4.20.4&#8243; body_font=&#8220;Merriweather||||||||&#8220; body_font_size=&#8220;20px&#8220; body_line_height=&#8220;2em&#8220; background_color=&#8220;rgba(0,0,0,0)&#8220; custom_padding=&#8220;100px|||||&#8220; custom_padding_tablet=&#8220;20px||&#8220; custom_padding_phone=&#8220;&#8220; custom_padding_last_edited=&#8220;on|tablet&#8220; auto=&#8220;on&#8220; hover_enabled=&#8220;0&#8243; body_font_size_tablet=&#8220;&#8220; body_font_size_phone=&#8220;14px&#8220; body_font_size_last_edited=&#8220;on|phone&#8220; global_colors_info=&#8220;{}&#8220; sticky_enabled=&#8220;0&#8243;][et_pb_slide _builder_version=&#8220;4.20.4&#8243; body_font=&#8220;Rns Sanz||||||||&#8220; background_layout=&#8220;light&#8220; hover_enabled=&#8220;0&#8243; global_colors_info=&#8220;{}&#8220; sticky_transition=&#8220;on&#8220; sticky_enabled=&#8220;0&#8243;]<\/p>\n<p>Einer der Wettbewerbsvorteile der iberischen Produkte ist das Klima, das es vielen Produkten (vor allem den traditionelleren, regenbew\u00e4sserten) erleichtert, als <strong>Bio-Produkte<\/strong> zertifiziert zu werden.<\/p>\n<p>[\/et_pb_slide][et_pb_slide _builder_version=&#8220;4.20.4&#8243; body_font=&#8220;Rns Sanz||||||||&#8220; background_layout=&#8220;light&#8220; hover_enabled=&#8220;0&#8243; global_colors_info=&#8220;{}&#8220; sticky_transition=&#8220;on&#8220; sticky_enabled=&#8220;0&#8243;]<\/p>\n<p><strong>Etwa 21\u00a0% der Gesamtfl\u00e4che<\/strong> Spaniens sind bereits als \u00f6kologisch zertifiziert. Dazu kommen noch etwa 5.000\u00a0Hektar in Portugal (INE-Daten\u00a02019).<\/p>\n<p>[\/et_pb_slide][et_pb_slide _builder_version=&#8220;4.20.4&#8243; body_font=&#8220;Rns Sanz||||||||&#8220; background_layout=&#8220;light&#8220; hover_enabled=&#8220;0&#8243; global_colors_info=&#8220;{}&#8220; sticky_transition=&#8220;on&#8220; sticky_enabled=&#8220;0&#8243;]<\/p>\n<p>In den <strong>Vereinigten Staaten und Australien<\/strong> werden <strong>mindestens 2\u00a0%<\/strong> der Anbaufl\u00e4che \u00f6kologisch bewirtschaftet, w\u00e4hrend der Schwerpunkt auf einer superintensiven Bewirtschaftung liegt.<\/p>\n<p>[\/et_pb_slide][\/et_pb_slider][\/et_pb_column][\/et_pb_row][\/et_pb_section][et_pb_section fb_built=&#8220;1&#8243; admin_label=&#8220;About&#8220; _builder_version=&#8220;4.20.4&#8243; background_image=&#8220;https:\/\/sustainablealmond.eu\/wp-content\/uploads\/2023\/04\/right.jpg&#8220; background_size=&#8220;initial&#8220; background_position=&#8220;top_left&#8220; global_colors_info=&#8220;{}&#8220;][et_pb_row column_structure=&#8220;2_5,3_5&#8243; _builder_version=&#8220;4.20.4&#8243; custom_margin_tablet=&#8220;&#8220; custom_margin_phone=&#8220;-39px||||false|false&#8220; custom_margin_last_edited=&#8220;on|phone&#8220; global_colors_info=&#8220;{}&#8220;][et_pb_column type=&#8220;2_5&#8243; _builder_version=&#8220;4.16&#8243; custom_padding=&#8220;|||&#8220; global_colors_info=&#8220;{}&#8220; custom_padding__hover=&#8220;|||&#8220;][et_pb_image src=&#8220;https:\/\/sustainablealmond.eu\/wp-content\/uploads\/2023\/04\/almond_02.jpg&#8220; title_text=&#8220;almond_02&#8243; align_tablet=&#8220;center&#8220; align_phone=&#8220;&#8220; align_last_edited=&#8220;on|desktop&#8220; _builder_version=&#8220;4.20.4&#8243; transform_origin=&#8220;100%|0%&#8220; width_tablet=&#8220;50%&#8220; width_phone=&#8220;&#8220; width_last_edited=&#8220;on|tablet&#8220; custom_margin=&#8220;-98px|||-15vw|false|false&#8220; custom_margin_tablet=&#8220;0vw|||0vw&#8220; custom_margin_phone=&#8220;&#8220; custom_margin_last_edited=&#8220;on|phone&#8220; global_colors_info=&#8220;{}&#8220;][\/et_pb_image][\/et_pb_column][et_pb_column type=&#8220;3_5&#8243; _builder_version=&#8220;4.16&#8243; custom_padding=&#8220;|||&#8220; global_colors_info=&#8220;{}&#8220; custom_padding__hover=&#8220;|||&#8220;][et_pb_text _builder_version=&#8220;4.20.4&#8243; header_font=&#8220;||||||||&#8220; header_2_font=&#8220;Rns Sanz|700|||||||&#8220; header_2_text_color=&#8220;#ad521b&#8220; header_2_font_size=&#8220;30px&#8220; header_2_line_height=&#8220;1.2em&#8220; hover_enabled=&#8220;0&#8243; header_2_font_size_tablet=&#8220;26px&#8220; header_2_font_size_phone=&#8220;20px&#8220; header_2_font_size_last_edited=&#8220;on|desktop&#8220; header_2_letter_spacing_tablet=&#8220;0px&#8220; header_2_letter_spacing_phone=&#8220;0px&#8220; header_2_letter_spacing_last_edited=&#8220;off|tablet&#8220; global_colors_info=&#8220;{}&#8220; sticky_enabled=&#8220;0&#8243;]<\/p>\n<h2>Damit ist die Iberische Halbinsel weltweit ein wichtiges Vorbild f\u00fcr den Anbau von Bio-Mandeln.<\/h2>\n<p>[\/et_pb_text][et_pb_text _builder_version=&#8220;4.20.4&#8243; text_font=&#8220;Rns Sanz||||||||&#8220; text_letter_spacing=&#8220;0.5px&#8220; text_line_height=&#8220;1.5em&#8220; ul_line_height=&#8220;1.5em&#8220; transform_scale_tablet=&#8220;&#8220; transform_scale_phone=&#8220;&#8220; transform_scale_last_edited=&#8220;on|desktop&#8220; transform_translate_tablet=&#8220;&#8220; transform_translate_phone=&#8220;&#8220; transform_translate_last_edited=&#8220;on|desktop&#8220; transform_rotate_tablet=&#8220;&#8220; transform_rotate_phone=&#8220;&#8220; transform_rotate_last_edited=&#8220;on|desktop&#8220; transform_skew_tablet=&#8220;&#8220; transform_skew_phone=&#8220;&#8220; transform_skew_last_edited=&#8220;on|desktop&#8220; transform_origin_tablet=&#8220;&#8220; transform_origin_phone=&#8220;&#8220; transform_origin_last_edited=&#8220;on|desktop&#8220; transform_styles_last_edited=&#8220;on|desktop&#8220; hover_enabled=&#8220;0&#8243; text_font_size_tablet=&#8220;16px&#8220; text_font_size_phone=&#8220;14px&#8220; text_font_size_last_edited=&#8220;on|phone&#8220; text_letter_spacing_tablet=&#8220;&#8220; text_letter_spacing_phone=&#8220;0px&#8220; text_letter_spacing_last_edited=&#8220;on|tablet&#8220; transform_styles_tablet=&#8220;&#8220; transform_styles_phone=&#8220;&#8220; global_colors_info=&#8220;{}&#8220; sticky_enabled=&#8220;0&#8243;]<\/p>\n<p>Und das ist zweifellos eine gro\u00dfe Chance f\u00fcr die Zukunft:<\/p>\n<ul>\n<li><strong>Die Nachfrage<\/strong> nach dieser Art von Produkten <strong>nimmt st\u00e4ndig zu<\/strong>.<\/li>\n<li>Auch<strong> ihr Preis ist h\u00f6her<\/strong>, da die Verbraucher bereit sind, f\u00fcr ein hochwertiges und umweltfreundliches Produkt etwas mehr auszugeben.<\/li>\n<li><strong>Der Weltmarkt f\u00fcr Bio-Lebensmittel wird sich<\/strong> bis zum Jahr 2030 <strong>verdreifachen.<\/strong> Laut einer aktuellen Studie des Beratungsunternehmens Precedence Research wird er j\u00e4hrlich um 12 % auf 497 Milliarden Dollar anwachsen.<\/li>\n<\/ul>\n<p>Daher setzen sich SAB-Almendrave und CNCFS daf\u00fcr ein, bei ihren Partnern <strong>die Umstellung auf den \u00f6kologischen Landbau zu f\u00f6rdern<\/strong>.<\/p>\n<p>[\/et_pb_text][\/et_pb_column][\/et_pb_row][\/et_pb_section]<\/p>\n","protected":false},"excerpt":{"rendered":"<p>Ein Vorbild f\u00fcr den \u00f6kologischen AnbauEiner der Wettbewerbsvorteile der iberischen Produkte ist das Klima, das es vielen Produkten (vor allem den traditionelleren, regenbew\u00e4sserten) erleichtert, als Bio-Produkte zertifiziert zu werden.Etwa 21\u00a0% der Gesamtfl\u00e4che Spaniens sind bereits als \u00f6kologisch zertifiziert. Dazu kommen noch etwa 5.000\u00a0Hektar in Portugal (INE-Daten\u00a02019).In den Vereinigten Staaten und Australien werden mindestens 2\u00a0% der [&hellip;]<\/p>\n","protected":false},"author":1,"featured_media":0,"parent":0,"menu_order":0,"comment_status":"closed","ping_status":"closed","template":"","meta":{"_et_pb_use_builder":"on","_et_pb_old_content":"","_et_gb_content_width":"","footnotes":""},"class_list":["post-243364","page","type-page","status-publish","hentry"],"_links":{"self":[{"href":"https:\/\/sustainablealmond.eu\/de\/wp-json\/wp\/v2\/pages\/243364"}],"collection":[{"href":"https:\/\/sustainablealmond.eu\/de\/wp-json\/wp\/v2\/pages"}],"about":[{"href":"https:\/\/sustainablealmond.eu\/de\/wp-json\/wp\/v2\/types\/page"}],"author":[{"embeddable":true,"href":"https:\/\/sustainablealmond.eu\/de\/wp-json\/wp\/v2\/users\/1"}],"replies":[{"embeddable":true,"href":"https:\/\/sustainablealmond.eu\/de\/wp-json\/wp\/v2\/comments?post=243364"}],"version-history":[{"count":3,"href":"https:\/\/sustainablealmond.eu\/de\/wp-json\/wp\/v2\/pages\/243364\/revisions"}],"predecessor-version":[{"id":243367,"href":"https:\/\/sustainablealmond.eu\/de\/wp-json\/wp\/v2\/pages\/243364\/revisions\/243367"}],"wp:attachment":[{"href":"https:\/\/sustainablealmond.eu\/de\/wp-json\/wp\/v2\/media?parent=243364"}],"curies":[{"name":"wp","href":"https:\/\/api.w.org\/{rel}","templated":true}]}}