{"id":243368,"date":"2023-04-26T14:38:42","date_gmt":"2023-04-26T14:38:42","guid":{"rendered":"https:\/\/sustainablealmond.eu\/kreislaufwirtschaft\/"},"modified":"2023-07-05T08:52:08","modified_gmt":"2023-07-05T08:52:08","slug":"kreislaufwirtschaft","status":"publish","type":"page","link":"https:\/\/sustainablealmond.eu\/de\/kreislaufwirtschaft\/","title":{"rendered":"Kreislaufwirtschaft"},"content":{"rendered":"<p>[et_pb_section fb_built=&#8220;1&#8243; custom_padding_last_edited=&#8220;on|tablet&#8220; next_background_color=&#8220;#ffffff&#8220; admin_label=&#8220;Header&#8220; _builder_version=&#8220;4.20.4&#8243; background_color=&#8220;#fcfaf7&#8243; background_image=&#8220;https:\/\/sustainablealmond.eu\/wp-content\/uploads\/2023\/04\/header_almond_picture.png&#8220; background_size=&#8220;initial&#8220; background_position=&#8220;top_center&#8220; custom_padding_tablet=&#8220;||0vw|&#8220; custom_padding_phone=&#8220;&#8220; bottom_divider_style=&#8220;wave&#8220; bottom_divider_height=&#8220;80%&#8220; bottom_divider_repeat=&#8220;0.6x&#8220; bottom_divider_flip=&#8220;vertical|horizontal&#8220; global_colors_info=&#8220;{}&#8220;][et_pb_row column_structure=&#8220;1_2,1_2&#8243; _builder_version=&#8220;4.16&#8243; custom_margin=&#8220;100px||&#8220; custom_margin_tablet=&#8220;||&#8220; custom_margin_phone=&#8220;0px|||&#8220; custom_margin_last_edited=&#8220;on|tablet&#8220; global_colors_info=&#8220;{}&#8220;][et_pb_column type=&#8220;1_2&#8243; _builder_version=&#8220;4.16&#8243; custom_padding=&#8220;|||&#8220; global_colors_info=&#8220;{}&#8220; custom_padding__hover=&#8220;|||&#8220;][et_pb_text _builder_version=&#8220;4.20.4&#8243; header_font=&#8220;Rns Sanz|700|||||||&#8220; header_text_color=&#8220;#ad521b&#8220; header_font_size=&#8220;60px&#8220; header_letter_spacing=&#8220;1px&#8220; header_line_height=&#8220;1.2em&#8220; header_font_size_tablet=&#8220;40px&#8220; header_font_size_phone=&#8220;34px&#8220; header_font_size_last_edited=&#8220;on|phone&#8220; header_letter_spacing_tablet=&#8220;0px&#8220; header_letter_spacing_phone=&#8220;0px&#8220; header_letter_spacing_last_edited=&#8220;on|tablet&#8220; global_colors_info=&#8220;{}&#8220;]<\/p>\n<h1>Kreislaufwirtschaft<\/h1>\n<p>[\/et_pb_text][et_pb_text _builder_version=&#8220;4.20.4&#8243; text_font=&#8220;Rns Sanz||||||||&#8220; text_letter_spacing=&#8220;0.5px&#8220; text_line_height=&#8220;1.5em&#8220; transform_scale_tablet=&#8220;&#8220; transform_scale_phone=&#8220;&#8220; transform_scale_last_edited=&#8220;on|desktop&#8220; transform_translate_tablet=&#8220;&#8220; transform_translate_phone=&#8220;&#8220; transform_translate_last_edited=&#8220;on|desktop&#8220; transform_rotate_tablet=&#8220;&#8220; transform_rotate_phone=&#8220;&#8220; transform_rotate_last_edited=&#8220;on|desktop&#8220; transform_skew_tablet=&#8220;&#8220; transform_skew_phone=&#8220;&#8220; transform_skew_last_edited=&#8220;on|desktop&#8220; transform_origin_tablet=&#8220;&#8220; transform_origin_phone=&#8220;&#8220; transform_origin_last_edited=&#8220;on|desktop&#8220; transform_styles_last_edited=&#8220;on|desktop&#8220; hover_enabled=&#8220;0&#8243; text_font_size_tablet=&#8220;16px&#8220; text_font_size_phone=&#8220;14px&#8220; text_font_size_last_edited=&#8220;on|phone&#8220; text_letter_spacing_tablet=&#8220;&#8220; text_letter_spacing_phone=&#8220;0px&#8220; text_letter_spacing_last_edited=&#8220;on|tablet&#8220; transform_styles_tablet=&#8220;&#8220; transform_styles_phone=&#8220;&#8220; global_colors_info=&#8220;{}&#8220; sticky_enabled=&#8220;0&#8243;]<\/p>\n<p>Auch bei der Verwertung der anfallenden Nebenprodukte macht der iberische Mandelsektor erfolgreich Fortschritte. Ein wichtiger Aspekt, um Abf\u00e4lle zu minimieren und die Kreislaufwirtschaft zu f\u00f6rdern. Und die Verwendungsm\u00f6glichkeiten sind vielf\u00e4ltig.<\/p>\n<p>[\/et_pb_text][et_pb_blurb title=&#8220;Mandelschalen&#8220; use_icon=&#8220;on&#8220; icon_placement=&#8220;left&#8220; image_icon_width=&#8220;90px&#8220; content_max_width=&#8220;800px&#8220; image_icon_width_tablet=&#8220;&#8220; image_icon_width_phone=&#8220;60px&#8220; image_icon_width_last_edited=&#8220;on|phone&#8220; _builder_version=&#8220;4.20.4&#8243; header_font=&#8220;Rns Sanz|700|||||||&#8220; header_text_color=&#8220;#ad521b&#8220; header_font_size=&#8220;26px&#8220; body_font=&#8220;Rns Sanz||||||||&#8220; body_font_size=&#8220;16px&#8220; body_line_height=&#8220;2em&#8220; background_color=&#8220;#ffffff&#8220; background_color_gradient_direction=&#8220;-60deg&#8220; custom_margin=&#8220;||&#8220; custom_padding=&#8220;30px|30px|30px|30px|true|true&#8220; animation=&#8220;off&#8220; hover_enabled=&#8220;0&#8243; header_font_size_tablet=&#8220;&#8220; header_font_size_phone=&#8220;21px&#8220; header_font_size_last_edited=&#8220;on|phone&#8220; body_font_size_tablet=&#8220;&#8220; body_font_size_phone=&#8220;14px&#8220; body_font_size_last_edited=&#8220;on|phone&#8220; body_line_height_tablet=&#8220;&#8220; body_line_height_phone=&#8220;1.8em&#8220; body_line_height_last_edited=&#8220;on|phone&#8220; border_radii=&#8220;on|6px|6px|6px|6px&#8220; box_shadow_style=&#8220;preset6&#8243; box_shadow_blur=&#8220;0px&#8220; box_shadow_spread=&#8220;2px&#8220; box_shadow_color=&#8220;rgba(0,0,0,0.1)&#8220; image_max_width=&#8220;90px&#8220; image_max_width_tablet=&#8220;&#8220; image_max_width_phone=&#8220;60px&#8220; image_max_width_last_edited=&#8220;on|phone&#8220; locked=&#8220;off&#8220; global_colors_info=&#8220;{}&#8220; sticky_enabled=&#8220;0&#8243;]<\/p>\n<p>Sie sind perfekt f\u00fcr die Erzeugung von Energie aus Biomasse und geh\u00f6ren zu den am h\u00e4ufigsten verwendeten agroindustriellen Abf\u00e4lle. Dies geht aus dem Leitfaden f\u00fcr Biokraftstoffe hervor, der 2022 im Rahmen des europ\u00e4ischen Projekts AgroBioHeat ver\u00f6ffentlicht wurde.<\/p>\n<p>Sie machen zwischen 62 und 78 Prozent des Gesamtgewichts der Frucht aus, sodass auf der Iberischen Halbinsel sch\u00e4tzungsweise 314.000 Tonnen Schalen pro Jahr anfallen.<\/p>\n<p>In dem <a href=\"https:\/\/agrobioheat.eu\/wp-content\/uploads\/2022\/04\/agrobioheat-guia-2022-ES-small.pdf\" target=\"_blank\" rel=\"noopener\">Leitfaden<\/a> hei\u00dft es, dass bei korrekter Lagerung und einer minimalen Behandlung zur Homogenisierung der Partikelgr\u00f6\u00dfe \u201eein fester Biokraftstoff von guter Qualit\u00e4t erzeugt werden kann\u201c.<\/p>\n<p>[\/et_pb_blurb][et_pb_blurb title=&#8220;Die ballaststoffreichen Mandelh\u00e4ute &#8220; use_icon=&#8220;on&#8220; icon_placement=&#8220;left&#8220; image_icon_width=&#8220;90px&#8220; content_max_width=&#8220;800px&#8220; image_icon_width_tablet=&#8220;&#8220; image_icon_width_phone=&#8220;60px&#8220; image_icon_width_last_edited=&#8220;on|phone&#8220; _builder_version=&#8220;4.20.4&#8243; header_font=&#8220;Rns Sanz|700|||||||&#8220; header_text_color=&#8220;#ad521b&#8220; header_font_size=&#8220;26px&#8220; body_font=&#8220;Rns Sanz||||||||&#8220; body_font_size=&#8220;16px&#8220; body_line_height=&#8220;2em&#8220; background_color=&#8220;#ffffff&#8220; background_color_gradient_direction=&#8220;-60deg&#8220; custom_margin=&#8220;||&#8220; custom_padding=&#8220;30px|30px|30px|30px|true|true&#8220; animation=&#8220;off&#8220; hover_enabled=&#8220;0&#8243; header_font_size_tablet=&#8220;&#8220; header_font_size_phone=&#8220;21px&#8220; header_font_size_last_edited=&#8220;on|phone&#8220; body_font_size_tablet=&#8220;&#8220; body_font_size_phone=&#8220;14px&#8220; body_font_size_last_edited=&#8220;on|phone&#8220; body_line_height_tablet=&#8220;&#8220; body_line_height_phone=&#8220;1.8em&#8220; body_line_height_last_edited=&#8220;on|phone&#8220; border_radii=&#8220;on|6px|6px|6px|6px&#8220; box_shadow_style=&#8220;preset6&#8243; box_shadow_blur=&#8220;0px&#8220; box_shadow_spread=&#8220;2px&#8220; box_shadow_color=&#8220;rgba(0,0,0,0.1)&#8220; image_max_width=&#8220;90px&#8220; image_max_width_tablet=&#8220;&#8220; image_max_width_phone=&#8220;60px&#8220; image_max_width_last_edited=&#8220;on|phone&#8220; locked=&#8220;off&#8220; global_colors_info=&#8220;{}&#8220; sticky_enabled=&#8220;0&#8243;]<\/p>\n<p>Gelten nicht einmal mehr als Abfallprodukt, da sie zunehmend in eine Vielzahl funktioneller Lebensmittel integriert werden.<br \/>Aus ihnen k\u00f6nnen Hilfsstoffe f\u00fcr Tierarzneimittel gewonnen werden.<\/p>\n<p>[\/et_pb_blurb][\/et_pb_column][et_pb_column type=&#8220;1_2&#8243; _builder_version=&#8220;4.16&#8243; custom_padding=&#8220;|||&#8220; global_colors_info=&#8220;{}&#8220; custom_padding__hover=&#8220;|||&#8220;][et_pb_image src=&#8220;https:\/\/sustainablealmond.eu\/wp-content\/uploads\/2023\/04\/economia_circular.png&#8220; title_text=&#8220;economia_circular&#8220; align=&#8220;right&#8220; _builder_version=&#8220;4.20.4&#8243; width_tablet=&#8220;300px&#8220; width_phone=&#8220;60%&#8220; width_last_edited=&#8220;on|tablet&#8220; custom_margin=&#8220;|||&#8220; always_center_on_mobile=&#8220;off&#8220; global_colors_info=&#8220;{}&#8220;][\/et_pb_image][\/et_pb_column][\/et_pb_row][\/et_pb_section]<\/p>\n","protected":false},"excerpt":{"rendered":"<p>KreislaufwirtschaftAuch bei der Verwertung der anfallenden Nebenprodukte macht der iberische Mandelsektor erfolgreich Fortschritte. Ein wichtiger Aspekt, um Abf\u00e4lle zu minimieren und die Kreislaufwirtschaft zu f\u00f6rdern. Und die Verwendungsm\u00f6glichkeiten sind vielf\u00e4ltig.Sie sind perfekt f\u00fcr die Erzeugung von Energie aus Biomasse und geh\u00f6ren zu den am h\u00e4ufigsten verwendeten agroindustriellen Abf\u00e4lle. Dies geht aus dem Leitfaden f\u00fcr Biokraftstoffe [&hellip;]<\/p>\n","protected":false},"author":1,"featured_media":0,"parent":0,"menu_order":0,"comment_status":"closed","ping_status":"closed","template":"","meta":{"_et_pb_use_builder":"on","_et_pb_old_content":"","_et_gb_content_width":"","footnotes":""},"class_list":["post-243368","page","type-page","status-publish","hentry"],"_links":{"self":[{"href":"https:\/\/sustainablealmond.eu\/de\/wp-json\/wp\/v2\/pages\/243368"}],"collection":[{"href":"https:\/\/sustainablealmond.eu\/de\/wp-json\/wp\/v2\/pages"}],"about":[{"href":"https:\/\/sustainablealmond.eu\/de\/wp-json\/wp\/v2\/types\/page"}],"author":[{"embeddable":true,"href":"https:\/\/sustainablealmond.eu\/de\/wp-json\/wp\/v2\/users\/1"}],"replies":[{"embeddable":true,"href":"https:\/\/sustainablealmond.eu\/de\/wp-json\/wp\/v2\/comments?post=243368"}],"version-history":[{"count":4,"href":"https:\/\/sustainablealmond.eu\/de\/wp-json\/wp\/v2\/pages\/243368\/revisions"}],"predecessor-version":[{"id":243372,"href":"https:\/\/sustainablealmond.eu\/de\/wp-json\/wp\/v2\/pages\/243368\/revisions\/243372"}],"wp:attachment":[{"href":"https:\/\/sustainablealmond.eu\/de\/wp-json\/wp\/v2\/media?parent=243368"}],"curies":[{"name":"wp","href":"https:\/\/api.w.org\/{rel}","templated":true}]}}