{"id":243373,"date":"2023-04-26T16:07:01","date_gmt":"2023-04-26T16:07:01","guid":{"rendered":"https:\/\/sustainablealmond.eu\/europaeisches-produktionsmodell\/"},"modified":"2023-07-05T08:54:27","modified_gmt":"2023-07-05T08:54:27","slug":"europaeisches-produktionsmodell","status":"publish","type":"page","link":"https:\/\/sustainablealmond.eu\/de\/europaeisches-produktionsmodell\/","title":{"rendered":"Europ\u00e4isches Produktionsmodell"},"content":{"rendered":"<p>[et_pb_section fb_built=&#8220;1&#8243; admin_label=&#8220;About&#8220; _builder_version=&#8220;4.20.4&#8243; background_image=&#8220;https:\/\/sustainablealmond.eu\/wp-content\/uploads\/2023\/04\/right.jpg&#8220; background_size=&#8220;initial&#8220; background_position=&#8220;bottom_center&#8220; global_colors_info=&#8220;{}&#8220;][et_pb_row column_structure=&#8220;2_5,3_5&#8243; _builder_version=&#8220;4.16&#8243; global_colors_info=&#8220;{}&#8220;][et_pb_column type=&#8220;2_5&#8243; _builder_version=&#8220;4.16&#8243; custom_padding=&#8220;|||&#8220; global_colors_info=&#8220;{}&#8220; custom_padding__hover=&#8220;|||&#8220;][et_pb_image src=&#8220;https:\/\/sustainablealmond.eu\/wp-content\/uploads\/2023\/04\/almond_02.jpg&#8220; title_text=&#8220;almond_02&#8243; align_tablet=&#8220;center&#8220; align_phone=&#8220;&#8220; align_last_edited=&#8220;on|desktop&#8220; _builder_version=&#8220;4.20.4&#8243; transform_origin=&#8220;100%|0%&#8220; width_tablet=&#8220;50%&#8220; width_phone=&#8220;&#8220; width_last_edited=&#8220;on|tablet&#8220; custom_margin=&#8220;4vw|||-15vw|false|false&#8220; custom_margin_tablet=&#8220;0vw|||0vw&#8220; custom_margin_phone=&#8220;&#8220; custom_margin_last_edited=&#8220;on|tablet&#8220; global_colors_info=&#8220;{}&#8220;][\/et_pb_image][\/et_pb_column][et_pb_column type=&#8220;3_5&#8243; _builder_version=&#8220;4.16&#8243; custom_padding=&#8220;|||&#8220; global_colors_info=&#8220;{}&#8220; custom_padding__hover=&#8220;|||&#8220;][et_pb_text _builder_version=&#8220;4.20.4&#8243; header_font=&#8220;Rns Sanz||||||||&#8220; header_font_size=&#8220;60px&#8220; header_2_font=&#8220;Cormorant Garamond|700|||||||&#8220; header_2_text_color=&#8220;#002855&#8243; header_2_font_size=&#8220;50px&#8220; header_2_line_height=&#8220;1.2em&#8220; header_font_size_tablet=&#8220;40px&#8220; header_font_size_phone=&#8220;34px&#8220; header_font_size_last_edited=&#8220;on|desktop&#8220; header_2_font_size_tablet=&#8220;36px&#8220; header_2_font_size_phone=&#8220;28px&#8220; header_2_font_size_last_edited=&#8220;on|phone&#8220; header_2_letter_spacing_tablet=&#8220;0px&#8220; header_2_letter_spacing_phone=&#8220;0px&#8220; header_2_letter_spacing_last_edited=&#8220;off|tablet&#8220; global_colors_info=&#8220;{}&#8220;]<\/p>\n<h1>Europ\u00e4isches Produktionsmodell<\/h1>\n<p>[\/et_pb_text][et_pb_text _builder_version=&#8220;4.20.4&#8243; text_font=&#8220;Rns Sanz|500|||||||&#8220; text_letter_spacing=&#8220;0.5px&#8220; text_line_height=&#8220;2em&#8220; transform_scale_tablet=&#8220;&#8220; transform_scale_phone=&#8220;&#8220; transform_scale_last_edited=&#8220;on|desktop&#8220; transform_translate_tablet=&#8220;&#8220; transform_translate_phone=&#8220;&#8220; transform_translate_last_edited=&#8220;on|desktop&#8220; transform_rotate_tablet=&#8220;&#8220; transform_rotate_phone=&#8220;&#8220; transform_rotate_last_edited=&#8220;on|desktop&#8220; transform_skew_tablet=&#8220;&#8220; transform_skew_phone=&#8220;&#8220; transform_skew_last_edited=&#8220;on|desktop&#8220; transform_origin_tablet=&#8220;&#8220; transform_origin_phone=&#8220;&#8220; transform_origin_last_edited=&#8220;on|desktop&#8220; transform_styles_last_edited=&#8220;on|desktop&#8220; hover_enabled=&#8220;0&#8243; text_font_size_tablet=&#8220;16px&#8220; text_font_size_phone=&#8220;14px&#8220; text_font_size_last_edited=&#8220;on|phone&#8220; text_letter_spacing_tablet=&#8220;&#8220; text_letter_spacing_phone=&#8220;0px&#8220; text_letter_spacing_last_edited=&#8220;on|tablet&#8220; transform_styles_tablet=&#8220;&#8220; transform_styles_phone=&#8220;&#8220; global_colors_info=&#8220;{}&#8220; sticky_enabled=&#8220;0&#8243;]<\/p>\n<p>Zudem ist die iberische Mandel Teil des <strong>anspruchsvollsten Produktionsmodells<\/strong> der Welt in Bezug auf \u00f6kologische Nachhaltigkeit, Lebensmittelsicherheit und Qualit\u00e4t: das europ\u00e4ische Modell.<\/p>\n<p>Als solches muss es eine Reihe von sehr strengen Anforderungen erf\u00fcllen, darunter landwirtschaftliche Praktiken und die Verwendung von Pflanzenschutzmitteln.<\/p>\n<p>Was die Lebensmittelsicherheit betrifft, so halten sich die Partner von SAB-Almendrave und CNCFS an das Globale Protokoll f\u00fcr Lebensmittelsicherheit und arbeiten nach dem <strong>HACCP-System (Hazard Analysis and Critical Control Point).<\/strong> Zu diesem Zweck verf\u00fcgen sie \u00fcber eigene, vollst\u00e4ndig ausgestattete Labore, die auf alle Arten von Analysen gem\u00e4\u00df den geltenden Vorschriften spezialisiert sind, um die h\u00f6chstm\u00f6gliche Qualit\u00e4t zu gew\u00e4hrleisten.<\/p>\n<p>Dar\u00fcber hinaus h\u00e4lt sich SAB-Almendrave an den <strong>Verhaltenskodex f\u00fcr verantwortungsvolle Unternehmens- und Marketingpraktiken<\/strong>, ein wichtiges Instrument der \u201eFarm to Fork\u201c-Strategie der Europ\u00e4ischen Kommission. Darin ermutigt sie ihre Mitglieder, Nachhaltigkeitsma\u00dfnahmen und Gesch\u00e4ftspraktiken mit ehrgeizigen Zielen umzusetzen.<\/p>\n<p>In dem Bem\u00fchen um Innovation ist die Organisation auch ein repr\u00e4sentatives Mitglied der <strong>Task Force:<\/strong><strong> Erkennung und Ausrottung der Bittermandel.<\/strong> Dieses Projekt zielt darauf ab, Systeme zu entwickeln, die in der Lage sind, Bittermandeln in S\u00fc\u00dfwarenlieferungen durch Technologie aufzusp\u00fcren und zu beseitigen, ohne gef\u00e4hrliche chemische Mittel zu verwenden oder giftige Abf\u00e4lle zu erzeugen.<\/p>\n<p>[\/et_pb_text][\/et_pb_column][\/et_pb_row][\/et_pb_section]<\/p>\n","protected":false},"excerpt":{"rendered":"<p>Europ\u00e4isches ProduktionsmodellZudem ist die iberische Mandel Teil des anspruchsvollsten Produktionsmodells der Welt in Bezug auf \u00f6kologische Nachhaltigkeit, Lebensmittelsicherheit und Qualit\u00e4t: das europ\u00e4ische Modell. Als solches muss es eine Reihe von sehr strengen Anforderungen erf\u00fcllen, darunter landwirtschaftliche Praktiken und die Verwendung von Pflanzenschutzmitteln. Was die Lebensmittelsicherheit betrifft, so halten sich die Partner von SAB-Almendrave und CNCFS [&hellip;]<\/p>\n","protected":false},"author":1,"featured_media":0,"parent":0,"menu_order":0,"comment_status":"closed","ping_status":"closed","template":"","meta":{"_et_pb_use_builder":"on","_et_pb_old_content":"","_et_gb_content_width":"","footnotes":""},"class_list":["post-243373","page","type-page","status-publish","hentry"],"_links":{"self":[{"href":"https:\/\/sustainablealmond.eu\/de\/wp-json\/wp\/v2\/pages\/243373"}],"collection":[{"href":"https:\/\/sustainablealmond.eu\/de\/wp-json\/wp\/v2\/pages"}],"about":[{"href":"https:\/\/sustainablealmond.eu\/de\/wp-json\/wp\/v2\/types\/page"}],"author":[{"embeddable":true,"href":"https:\/\/sustainablealmond.eu\/de\/wp-json\/wp\/v2\/users\/1"}],"replies":[{"embeddable":true,"href":"https:\/\/sustainablealmond.eu\/de\/wp-json\/wp\/v2\/comments?post=243373"}],"version-history":[{"count":3,"href":"https:\/\/sustainablealmond.eu\/de\/wp-json\/wp\/v2\/pages\/243373\/revisions"}],"predecessor-version":[{"id":243376,"href":"https:\/\/sustainablealmond.eu\/de\/wp-json\/wp\/v2\/pages\/243373\/revisions\/243376"}],"wp:attachment":[{"href":"https:\/\/sustainablealmond.eu\/de\/wp-json\/wp\/v2\/media?parent=243373"}],"curies":[{"name":"wp","href":"https:\/\/api.w.org\/{rel}","templated":true}]}}