{"id":243377,"date":"2023-04-26T16:17:47","date_gmt":"2023-04-26T16:17:47","guid":{"rendered":"https:\/\/sustainablealmond.eu\/kampf-gegen-die-landflucht\/"},"modified":"2023-07-05T08:58:13","modified_gmt":"2023-07-05T08:58:13","slug":"kampf-gegen-die-landflucht","status":"publish","type":"page","link":"https:\/\/sustainablealmond.eu\/de\/kampf-gegen-die-landflucht\/","title":{"rendered":"Kampf gegen die Landflucht"},"content":{"rendered":"<p>[et_pb_section fb_built=&#8220;1&#8243; custom_padding_last_edited=&#8220;on|tablet&#8220; next_background_color=&#8220;#ffffff&#8220; admin_label=&#8220;Header&#8220; _builder_version=&#8220;4.20.4&#8243; background_color=&#8220;#fcfaf7&#8243; background_image=&#8220;https:\/\/sustainablealmond.eu\/wp-content\/uploads\/2023\/04\/header_almond_picture.png&#8220; background_size=&#8220;initial&#8220; background_position=&#8220;top_center&#8220; custom_padding_tablet=&#8220;||0vw|&#8220; custom_padding_phone=&#8220;&#8220; bottom_divider_style=&#8220;wave&#8220; bottom_divider_height=&#8220;80%&#8220; bottom_divider_repeat=&#8220;0.6x&#8220; bottom_divider_flip=&#8220;vertical|horizontal&#8220; global_colors_info=&#8220;{}&#8220;][et_pb_row column_structure=&#8220;1_2,1_2&#8243; _builder_version=&#8220;4.16&#8243; custom_margin=&#8220;100px||&#8220; custom_margin_tablet=&#8220;||&#8220; custom_margin_phone=&#8220;0px|||&#8220; custom_margin_last_edited=&#8220;on|tablet&#8220; global_colors_info=&#8220;{}&#8220;][et_pb_column type=&#8220;1_2&#8243; _builder_version=&#8220;4.16&#8243; custom_padding=&#8220;|||&#8220; global_colors_info=&#8220;{}&#8220; custom_padding__hover=&#8220;|||&#8220;][et_pb_text _builder_version=&#8220;4.20.4&#8243; header_font=&#8220;Rns Sanz|700|||||||&#8220; header_text_color=&#8220;#ad521b&#8220; header_font_size=&#8220;60px&#8220; header_letter_spacing=&#8220;1px&#8220; header_line_height=&#8220;1.2em&#8220; header_font_size_tablet=&#8220;40px&#8220; header_font_size_phone=&#8220;34px&#8220; header_font_size_last_edited=&#8220;on|phone&#8220; header_letter_spacing_tablet=&#8220;0px&#8220; header_letter_spacing_phone=&#8220;0px&#8220; header_letter_spacing_last_edited=&#8220;on|tablet&#8220; global_colors_info=&#8220;{}&#8220;]<\/p>\n<h1>Kampf gegen die Landflucht<\/h1>\n<p>[\/et_pb_text][et_pb_text _builder_version=&#8220;4.20.4&#8243; text_font=&#8220;Rns Sanz||||||||&#8220; text_letter_spacing=&#8220;0.5px&#8220; text_line_height=&#8220;1.5em&#8220; transform_scale_tablet=&#8220;&#8220; transform_scale_phone=&#8220;&#8220; transform_scale_last_edited=&#8220;on|desktop&#8220; transform_translate_tablet=&#8220;&#8220; transform_translate_phone=&#8220;&#8220; transform_translate_last_edited=&#8220;on|desktop&#8220; transform_rotate_tablet=&#8220;&#8220; transform_rotate_phone=&#8220;&#8220; transform_rotate_last_edited=&#8220;on|desktop&#8220; transform_skew_tablet=&#8220;&#8220; transform_skew_phone=&#8220;&#8220; transform_skew_last_edited=&#8220;on|desktop&#8220; transform_origin_tablet=&#8220;&#8220; transform_origin_phone=&#8220;&#8220; transform_origin_last_edited=&#8220;on|desktop&#8220; transform_styles_last_edited=&#8220;on|desktop&#8220; hover_enabled=&#8220;0&#8243; text_font_size_tablet=&#8220;16px&#8220; text_font_size_phone=&#8220;14px&#8220; text_font_size_last_edited=&#8220;on|phone&#8220; text_letter_spacing_tablet=&#8220;&#8220; text_letter_spacing_phone=&#8220;0px&#8220; text_letter_spacing_last_edited=&#8220;on|tablet&#8220; transform_styles_tablet=&#8220;&#8220; transform_styles_phone=&#8220;&#8220; global_colors_info=&#8220;{}&#8220; sticky_enabled=&#8220;0&#8243;]<\/p>\n<p>Die Nachhaltigkeit des Mandelanbaus beschr\u00e4nkt sich nicht nur auf Umweltaspekte, sondern es handelt sich auch um ein <strong>sozial nachhaltiges<\/strong> Produkt.<\/p>\n<p>[\/et_pb_text][et_pb_blurb title=&#8220;Es tr\u00e4gt dazu bei:&#8220; use_icon=&#8220;on&#8220; icon_placement=&#8220;left&#8220; image_icon_width=&#8220;90px&#8220; content_max_width=&#8220;800px&#8220; image_icon_width_tablet=&#8220;&#8220; image_icon_width_phone=&#8220;60px&#8220; image_icon_width_last_edited=&#8220;on|phone&#8220; _builder_version=&#8220;4.20.4&#8243; header_font=&#8220;Rns Sanz|700|||||||&#8220; header_text_color=&#8220;#ad521b&#8220; header_font_size=&#8220;26px&#8220; body_font=&#8220;Rns Sanz||||||||&#8220; body_font_size=&#8220;16px&#8220; body_line_height=&#8220;1.3em&#8220; background_color=&#8220;#ffffff&#8220; background_color_gradient_direction=&#8220;-60deg&#8220; custom_margin=&#8220;||&#8220; custom_padding=&#8220;30px|30px|30px|30px|true|true&#8220; animation=&#8220;off&#8220; hover_enabled=&#8220;0&#8243; header_font_size_tablet=&#8220;&#8220; header_font_size_phone=&#8220;21px&#8220; header_font_size_last_edited=&#8220;on|phone&#8220; body_font_size_tablet=&#8220;&#8220; body_font_size_phone=&#8220;14px&#8220; body_font_size_last_edited=&#8220;on|phone&#8220; body_line_height_tablet=&#8220;&#8220; body_line_height_phone=&#8220;1.8em&#8220; body_line_height_last_edited=&#8220;on|phone&#8220; border_radii=&#8220;on|20px|20px|20px|20px&#8220; border_width_all=&#8220;2px&#8220; border_color_all=&#8220;#f2ba44&#8243; box_shadow_style=&#8220;preset6&#8243; box_shadow_blur=&#8220;0px&#8220; box_shadow_spread=&#8220;2px&#8220; box_shadow_color=&#8220;rgba(0,0,0,0.1)&#8220; image_max_width=&#8220;90px&#8220; image_max_width_tablet=&#8220;&#8220; image_max_width_phone=&#8220;60px&#8220; image_max_width_last_edited=&#8220;on|phone&#8220; locked=&#8220;off&#8220; global_colors_info=&#8220;{}&#8220; sticky_enabled=&#8220;0&#8243;]<\/p>\n<ul>\n<li>Die Bev\u00f6lkerung in l\u00e4ndlichen Gebieten zu halten<\/li>\n<li>Das Unternehmertum zu f\u00f6rdern<\/li>\n<li>Wohlstand und Wohlergehen in Gegenden mit geringer wirtschaftlicher Aktivit\u00e4t zu schaffen. Die meisten Anbaugebiete befinden sich n\u00e4mlich in kleinen und mittelgro\u00dfen Ortschaften.<\/li>\n<li>Zwei der vier spanischen autonomen Gemeinschaften mit der gr\u00f6\u00dften landwirtschaftlichen Nutzfl\u00e4che (Castilla-La Mancha und Aragon) geh\u00f6ren zum sogenannten \u201eentleerten Spanien\u201c, wo die Entv\u00f6lkerung besonders ausgepr\u00e4gt ist.<\/li>\n<li>Dasselbe gilt f\u00fcr Portugal: Die vier Unterregionen Tr\u00e1s-os-Montes, Beira Baja, Baixo Alentejo und Alto Alentejo z\u00e4hlen zu den Regionen mit der geringsten Bev\u00f6lkerungsdichte und gleichzeitig zu denen mit der h\u00f6chsten Konzentration an Mandelanbaugebieten.<\/li>\n<\/ul>\n<p>Dieser Sektor ist also <strong>dem Territorium und seinen landschaftlichen Werten verpflichtet<\/strong> und unterst\u00fctzt aktiv deren Erhalt, da er zur Artenvielfalt des \u00d6kosystems beitr\u00e4gt.<\/p>\n<p>[\/et_pb_blurb][\/et_pb_column][et_pb_column type=&#8220;1_2&#8243; _builder_version=&#8220;4.16&#8243; custom_padding=&#8220;|||&#8220; global_colors_info=&#8220;{}&#8220; custom_padding__hover=&#8220;|||&#8220;][et_pb_image src=&#8220;https:\/\/sustainablealmond.eu\/wp-content\/uploads\/2023\/07\/mapa_poblacional_de.png&#8220; title_text=&#8220;mapa_poblacional_de&#8220; align=&#8220;right&#8220; _builder_version=&#8220;4.20.4&#8243; width_tablet=&#8220;80%&#8220; width_phone=&#8220;100%&#8220; width_last_edited=&#8220;on|phone&#8220; module_alignment=&#8220;center&#8220; custom_margin=&#8220;|||&#8220; hover_enabled=&#8220;0&#8243; always_center_on_mobile=&#8220;off&#8220; global_colors_info=&#8220;{}&#8220; sticky_enabled=&#8220;0&#8243;][\/et_pb_image][\/et_pb_column][\/et_pb_row][\/et_pb_section]<\/p>\n","protected":false},"excerpt":{"rendered":"<p>Kampf gegen die LandfluchtDie Nachhaltigkeit des Mandelanbaus beschr\u00e4nkt sich nicht nur auf Umweltaspekte, sondern es handelt sich auch um ein sozial nachhaltiges Produkt. Die Bev\u00f6lkerung in l\u00e4ndlichen Gebieten zu halten Das Unternehmertum zu f\u00f6rdern Wohlstand und Wohlergehen in Gegenden mit geringer wirtschaftlicher Aktivit\u00e4t zu schaffen. Die meisten Anbaugebiete befinden sich n\u00e4mlich in kleinen und mittelgro\u00dfen [&hellip;]<\/p>\n","protected":false},"author":1,"featured_media":0,"parent":0,"menu_order":0,"comment_status":"closed","ping_status":"closed","template":"","meta":{"_et_pb_use_builder":"on","_et_pb_old_content":"","_et_gb_content_width":"","footnotes":""},"class_list":["post-243377","page","type-page","status-publish","hentry"],"_links":{"self":[{"href":"https:\/\/sustainablealmond.eu\/de\/wp-json\/wp\/v2\/pages\/243377"}],"collection":[{"href":"https:\/\/sustainablealmond.eu\/de\/wp-json\/wp\/v2\/pages"}],"about":[{"href":"https:\/\/sustainablealmond.eu\/de\/wp-json\/wp\/v2\/types\/page"}],"author":[{"embeddable":true,"href":"https:\/\/sustainablealmond.eu\/de\/wp-json\/wp\/v2\/users\/1"}],"replies":[{"embeddable":true,"href":"https:\/\/sustainablealmond.eu\/de\/wp-json\/wp\/v2\/comments?post=243377"}],"version-history":[{"count":4,"href":"https:\/\/sustainablealmond.eu\/de\/wp-json\/wp\/v2\/pages\/243377\/revisions"}],"predecessor-version":[{"id":243385,"href":"https:\/\/sustainablealmond.eu\/de\/wp-json\/wp\/v2\/pages\/243377\/revisions\/243385"}],"wp:attachment":[{"href":"https:\/\/sustainablealmond.eu\/de\/wp-json\/wp\/v2\/media?parent=243377"}],"curies":[{"name":"wp","href":"https:\/\/api.w.org\/{rel}","templated":true}]}}