{"id":243386,"date":"2023-04-27T10:40:41","date_gmt":"2023-04-27T10:40:41","guid":{"rendered":"https:\/\/sustainablealmond.eu\/unser-projekt\/"},"modified":"2024-05-31T07:54:44","modified_gmt":"2024-05-31T07:54:44","slug":"unser-projekt","status":"publish","type":"page","link":"https:\/\/sustainablealmond.eu\/de\/unser-projekt\/","title":{"rendered":"Unser projekt"},"content":{"rendered":"<p>[et_pb_section fb_built=&#8220;1&#8243; next_background_color=&#8220;#ffffff&#8220; admin_label=&#8220;Product Type&#8220; _builder_version=&#8220;4.16&#8243; background_color=&#8220;#fcfaf7&#8243; background_size=&#8220;initial&#8220; custom_padding=&#8220;10vw|||||&#8220; top_divider_height=&#8220;50%&#8220; top_divider_repeat=&#8220;0.4x&#8220; bottom_divider_style=&#8220;wave&#8220; bottom_divider_height=&#8220;80%&#8220; bottom_divider_repeat=&#8220;0.6x&#8220; bottom_divider_flip=&#8220;vertical|horizontal&#8220; locked=&#8220;off&#8220; global_colors_info=&#8220;{}&#8220;][et_pb_row column_structure=&#8220;1_2,1_2&#8243; _builder_version=&#8220;4.16&#8243; global_colors_info=&#8220;{}&#8220;][et_pb_column type=&#8220;1_2&#8243; _builder_version=&#8220;4.16&#8243; custom_padding=&#8220;|||&#8220; global_colors_info=&#8220;{}&#8220; custom_padding__hover=&#8220;|||&#8220;][et_pb_image src=&#8220;https:\/\/sustainablealmond.eu\/wp-content\/uploads\/2023\/05\/mapa_europa.png&#8220; title_text=&#8220;mapa_europa&#8220; align_tablet=&#8220;center&#8220; align_phone=&#8220;center&#8220; align_last_edited=&#8220;on|desktop&#8220; _builder_version=&#8220;4.20.4&#8243; max_width_tablet=&#8220;80%&#8220; max_width_phone=&#8220;100%&#8220; max_width_last_edited=&#8220;on|phone&#8220; module_alignment=&#8220;center&#8220; custom_margin=&#8220;-10vw||-20vw|-10vw&#8220; custom_margin_tablet=&#8220;0vw|0vw|0vw|0vw&#8220; custom_margin_phone=&#8220;&#8220; custom_margin_last_edited=&#8220;on|desktop&#8220; global_colors_info=&#8220;{}&#8220;][\/et_pb_image][\/et_pb_column][et_pb_column type=&#8220;1_2&#8243; _builder_version=&#8220;4.16&#8243; custom_padding=&#8220;|||&#8220; global_colors_info=&#8220;{}&#8220; custom_padding__hover=&#8220;|||&#8220;][et_pb_text _builder_version=&#8220;4.20.4&#8243; header_font=&#8220;Rns Sanz||||||||&#8220; header_font_size=&#8220;60px&#8220; header_2_font=&#8220;Cormorant Garamond|700|||||||&#8220; header_2_text_color=&#8220;#002855&#8243; header_2_font_size=&#8220;50px&#8220; header_2_line_height=&#8220;1.2em&#8220; custom_margin_tablet=&#8220;-58px||||false|false&#8220; custom_margin_phone=&#8220;-58px||||false|false&#8220; custom_margin_last_edited=&#8220;on|phone&#8220; header_font_size_tablet=&#8220;40px&#8220; header_font_size_phone=&#8220;34px&#8220; header_font_size_last_edited=&#8220;on|desktop&#8220; header_2_font_size_tablet=&#8220;36px&#8220; header_2_font_size_phone=&#8220;28px&#8220; header_2_font_size_last_edited=&#8220;on|phone&#8220; header_2_letter_spacing_tablet=&#8220;0px&#8220; header_2_letter_spacing_phone=&#8220;0px&#8220; header_2_letter_spacing_last_edited=&#8220;off|tablet&#8220; locked=&#8220;off&#8220; global_colors_info=&#8220;{}&#8220;]<\/p>\n<h1>Unser projekt<\/h1>\n<p>[\/et_pb_text][et_pb_text _builder_version=&#8220;4.20.4&#8243; text_font=&#8220;Rns Sanz||||||||&#8220; text_letter_spacing=&#8220;0.5px&#8220; text_line_height=&#8220;1.3em&#8220; transform_scale_tablet=&#8220;&#8220; transform_scale_phone=&#8220;&#8220; transform_scale_last_edited=&#8220;on|desktop&#8220; transform_translate_tablet=&#8220;&#8220; transform_translate_phone=&#8220;&#8220; transform_translate_last_edited=&#8220;on|desktop&#8220; transform_rotate_tablet=&#8220;&#8220; transform_rotate_phone=&#8220;&#8220; transform_rotate_last_edited=&#8220;on|desktop&#8220; transform_skew_tablet=&#8220;&#8220; transform_skew_phone=&#8220;&#8220; transform_skew_last_edited=&#8220;on|desktop&#8220; transform_origin_tablet=&#8220;&#8220; transform_origin_phone=&#8220;&#8220; transform_origin_last_edited=&#8220;on|desktop&#8220; transform_styles_last_edited=&#8220;on|desktop&#8220; text_font_size_tablet=&#8220;16px&#8220; text_font_size_phone=&#8220;14px&#8220; text_font_size_last_edited=&#8220;on|phone&#8220; text_letter_spacing_tablet=&#8220;&#8220; text_letter_spacing_phone=&#8220;0px&#8220; text_letter_spacing_last_edited=&#8220;on|tablet&#8220; transform_styles_tablet=&#8220;&#8220; transform_styles_phone=&#8220;&#8220; locked=&#8220;off&#8220; global_colors_info=&#8220;{}&#8220;]<\/p>\n<p>Die europ\u00e4ische Mandel ist:<\/p>\n<ul>\n<li><strong><span style=\"color: #993300;\">Sicher:<\/span> <\/strong>nach europ\u00e4ischen Standards.<\/li>\n<li><strong><span style=\"color: #993300;\">Gesund:<\/span><\/strong> mit positiven Eigenschaften f\u00fcr die Verbraucher.<\/li>\n<li><strong><span style=\"color: #993300;\">Nachhaltig:<\/span><\/strong> Sie sch\u00fctzt die Umwelt und die Lebensqualit\u00e4t in l\u00e4ndlichen Gebieten.<\/li>\n<li><strong><span style=\"color: #993300;\">Hochwertig:<\/span><\/strong> mit Eigenschaften, die die Kreislaufwirtschaft f\u00f6rdern.<\/li>\n<\/ul>\n<p><b class=\"\">Aufgrund der europ\u00e4ischen Vorschriften erf\u00fcllen unsere Mandeln die weltweit h\u00f6chsten Standards in Bezug auf Lebensmittelsicherheit, Qualit\u00e4t und vor allem Umweltvertr\u00e4glichkeit.<\/b><\/p>\n<p>[\/et_pb_text][\/et_pb_column][\/et_pb_row][et_pb_row column_structure=&#8220;1_3,1_3,1_3&#8243; _builder_version=&#8220;4.16&#8243; custom_margin=&#8220;40px|auto||auto||&#8220; global_colors_info=&#8220;{}&#8220;][et_pb_column type=&#8220;1_3&#8243; _builder_version=&#8220;4.16&#8243; custom_padding=&#8220;|||&#8220; global_colors_info=&#8220;{}&#8220; custom_padding__hover=&#8220;|||&#8220;][et_pb_blurb image_icon_width=&#8220;75px&#8220; content_max_width=&#8220;800px&#8220; _builder_version=&#8220;4.25.1&#8243; header_font=&#8220;Cormorant Garamond|700|||||||&#8220; header_font_size=&#8220;26px&#8220; body_font=&#8220;||||||||&#8220; body_text_color=&#8220;#000000&#8243; body_font_size=&#8220;15px&#8220; body_line_height=&#8220;1.3em&#8220; background_color=&#8220;#FFFFFF&#8220; transform_scale=&#8220;110%|110%&#8220; transform_scale_tablet=&#8220;100%|100%&#8220; transform_scale_phone=&#8220;100%|100%&#8220; transform_scale_last_edited=&#8220;on|desktop&#8220; text_orientation=&#8220;center&#8220; background_layout=&#8220;dark&#8220; custom_margin=&#8220;||-100px&#8220; custom_margin_tablet=&#8220;||20px||false|false&#8220; custom_margin_phone=&#8220;||36px||false|false&#8220; custom_margin_last_edited=&#8220;on|phone&#8220; custom_padding=&#8220;80px|30px|80px|30px|false|true&#8220; custom_padding_tablet=&#8220;30px||80px&#8220; custom_padding_phone=&#8220;&#8220; custom_padding_last_edited=&#8220;on|phone&#8220; animation=&#8220;off&#8220; hover_enabled=&#8220;0&#8243; header_font_size_tablet=&#8220;&#8220; header_font_size_phone=&#8220;21px&#8220; header_font_size_last_edited=&#8220;on|phone&#8220; body_font_size_tablet=&#8220;&#8220; body_font_size_phone=&#8220;14px&#8220; body_font_size_last_edited=&#8220;on|phone&#8220; body_line_height_tablet=&#8220;&#8220; body_line_height_phone=&#8220;1.8em&#8220; body_line_height_last_edited=&#8220;on|phone&#8220; border_radii=&#8220;on|20px|20px|20px|20px&#8220; border_width_all=&#8220;2px&#8220; border_color_all=&#8220;#f2ba44&#8243; border_style_all_image=&#8220;none&#8220; box_shadow_style=&#8220;preset1&#8243; box_shadow_vertical=&#8220;20px&#8220; box_shadow_blur=&#8220;64px&#8220; box_shadow_color=&#8220;rgba(0,0,0,0.15)&#8220; image_max_width=&#8220;90px&#8220; image_max_width_last_edited=&#8220;off|desktop&#8220; locked=&#8220;off&#8220; global_colors_info=&#8220;{}&#8220; sticky_enabled=&#8220;0&#8243;]<\/p>\n<p>Ca. <strong>70 % der in Europa konsumierten Mandeln stammen aus den Vereinigten Staaten<\/strong>.<\/p>\n<p>In Deutschland stammen <strong>etwa 65 % der importierten Mandeln den Vereinigten Staaten<\/strong>\u00a0und 20\u00a0% aus Spanien (Weltbank-Daten\u00a02021).<\/p>\n<p><strong>Mehr als 50 % der Importe<\/strong> Frankreichs kommen aus Spanien, aber die USA und Australien machen immer noch fast 30\u00a0% aus.<\/p>\n<p>[\/et_pb_blurb][\/et_pb_column][et_pb_column type=&#8220;1_3&#8243; _builder_version=&#8220;4.16&#8243; custom_padding=&#8220;|||&#8220; global_colors_info=&#8220;{}&#8220; custom_padding__hover=&#8220;|||&#8220;][et_pb_blurb image_icon_width=&#8220;75px&#8220; content_max_width=&#8220;800px&#8220; _builder_version=&#8220;4.25.1&#8243; header_font=&#8220;Cormorant Garamond|700|||||||&#8220; header_font_size=&#8220;26px&#8220; body_font=&#8220;||||||||&#8220; body_text_color=&#8220;#000000&#8243; body_font_size=&#8220;15px&#8220; body_line_height=&#8220;1.3em&#8220; background_color=&#8220;#FFFFFF&#8220; transform_scale=&#8220;110%|110%&#8220; transform_scale_tablet=&#8220;100%|100%&#8220; transform_scale_phone=&#8220;&#8220; transform_scale_last_edited=&#8220;on|desktop&#8220; transform_translate_tablet=&#8220;&#8220; transform_translate_phone=&#8220;&#8220; transform_translate_last_edited=&#8220;on|desktop&#8220; transform_rotate_tablet=&#8220;&#8220; transform_rotate_phone=&#8220;&#8220; transform_rotate_last_edited=&#8220;on|desktop&#8220; transform_skew_tablet=&#8220;&#8220; transform_skew_phone=&#8220;&#8220; transform_skew_last_edited=&#8220;on|desktop&#8220; transform_origin_tablet=&#8220;&#8220; transform_origin_phone=&#8220;&#8220; transform_origin_last_edited=&#8220;on|desktop&#8220; text_orientation=&#8220;center&#8220; background_layout=&#8220;dark&#8220; custom_margin=&#8220;||-100px&#8220; custom_margin_tablet=&#8220;||20px||false|false&#8220; custom_margin_phone=&#8220;||36px||false|false&#8220; custom_margin_last_edited=&#8220;on|phone&#8220; custom_padding=&#8220;80px|30px|95px|30px|false|true&#8220; custom_padding_tablet=&#8220;30px||80px&#8220; custom_padding_phone=&#8220;&#8220; custom_padding_last_edited=&#8220;on|phone&#8220; animation=&#8220;off&#8220; hover_enabled=&#8220;0&#8243; header_font_size_tablet=&#8220;&#8220; header_font_size_phone=&#8220;21px&#8220; header_font_size_last_edited=&#8220;on|phone&#8220; body_font_size_tablet=&#8220;&#8220; body_font_size_phone=&#8220;14px&#8220; body_font_size_last_edited=&#8220;on|phone&#8220; body_line_height_tablet=&#8220;&#8220; body_line_height_phone=&#8220;1.8em&#8220; body_line_height_last_edited=&#8220;on|phone&#8220; border_radii=&#8220;on|20px|20px|20px|20px&#8220; border_width_all=&#8220;2px&#8220; border_color_all=&#8220;#f2ba44&#8243; box_shadow_style=&#8220;preset1&#8243; box_shadow_vertical=&#8220;20px&#8220; box_shadow_blur=&#8220;64px&#8220; box_shadow_color=&#8220;rgba(0,0,0,0.15)&#8220; image_max_width=&#8220;90px&#8220; image_max_width_last_edited=&#8220;off|desktop&#8220; locked=&#8220;off&#8220; global_colors_info=&#8220;{}&#8220; sticky_enabled=&#8220;0&#8243;]<\/p>\n<p>Aus diesen Gr\u00fcnden beschlossen der spanische Verband SAB-Almendrave und das portugiesische CNCFS (Centro Nacional de Compet\u00eancias dos Frutos Secos), <strong>ein europ\u00e4isches Programm<\/strong> mit Fokus auf der Nachhaltigkeit in der iberischen Mandelproduktion <strong>zu starten<\/strong>.<\/p>\n<p>Die Kampagne zielt darauf ab, <strong>den Wissensstand und die Bekanntheit der europ\u00e4ischen Mandel zu erh\u00f6hen<\/strong> und ihre Nachhaltigkeit zu betonen. Au\u00dferdem soll sie die Nachfrage nach Mandeln steigern und ihre Expansion erleichtern.<\/p>\n<p>[\/et_pb_blurb][\/et_pb_column][et_pb_column type=&#8220;1_3&#8243; _builder_version=&#8220;4.16&#8243; custom_padding=&#8220;|||&#8220; global_colors_info=&#8220;{}&#8220; custom_padding__hover=&#8220;|||&#8220;][et_pb_blurb use_icon=&#8220;on&#8220; font_icon=&#8220;&#xe01d;||divi||400&#8243; icon_color=&#8220;#000000&#8243; image_icon_width=&#8220;75px&#8220; content_max_width=&#8220;800px&#8220; _builder_version=&#8220;4.20.4&#8243; header_font=&#8220;Cormorant Garamond|700|||||||&#8220; header_font_size=&#8220;26px&#8220; body_font=&#8220;||||||||&#8220; body_text_color=&#8220;#000000&#8243; body_font_size=&#8220;15px&#8220; body_line_height=&#8220;2em&#8220; background_color=&#8220;#f2ba44&#8243; transform_scale=&#8220;110%|110%&#8220; transform_scale_tablet=&#8220;100%|100%&#8220; transform_scale_phone=&#8220;100%|100%&#8220; transform_scale_last_edited=&#8220;on|desktop&#8220; text_orientation=&#8220;center&#8220; background_layout=&#8220;dark&#8220; custom_margin=&#8220;||-100px&#8220; custom_margin_tablet=&#8220;||-40px&#8220; custom_margin_phone=&#8220;&#8220; custom_margin_last_edited=&#8220;on|desktop&#8220; custom_padding=&#8220;80px|30px|160px|30px|false|true&#8220; custom_padding_tablet=&#8220;30px||80px&#8220; custom_padding_phone=&#8220;&#8220; custom_padding_last_edited=&#8220;on|phone&#8220; animation=&#8220;off&#8220; header_font_size_tablet=&#8220;&#8220; header_font_size_phone=&#8220;21px&#8220; header_font_size_last_edited=&#8220;on|phone&#8220; body_font_size_tablet=&#8220;&#8220; body_font_size_phone=&#8220;14px&#8220; body_font_size_last_edited=&#8220;on|phone&#8220; body_line_height_tablet=&#8220;&#8220; body_line_height_phone=&#8220;1.8em&#8220; body_line_height_last_edited=&#8220;on|phone&#8220; border_radii=&#8220;on|20px|20px|20px|20px&#8220; border_width_all=&#8220;2px&#8220; border_color_all=&#8220;#f2ba44&#8243; box_shadow_style=&#8220;preset1&#8243; box_shadow_vertical=&#8220;20px&#8220; box_shadow_blur=&#8220;64px&#8220; box_shadow_color=&#8220;rgba(0,0,0,0.15)&#8220; image_max_width=&#8220;90px&#8220; image_max_width_last_edited=&#8220;off|phone&#8220; locked=&#8220;off&#8220; global_colors_info=&#8220;{}&#8220;]<\/p>\n<p>Dabei konzentriert sich die Kampagne auf <strong>vier EU-M\u00e4rkte<\/strong>:<\/p>\n<p>&nbsp;<\/p>\n<h3><span style=\"color: #000000;\">Spanien<\/span><\/h3>\n<h3><span style=\"color: #000000;\">Portugal<\/span><\/h3>\n<h3><span style=\"color: #000000;\">Deutschland<\/span><\/h3>\n<h3><span style=\"color: #000000;\">Frankreich<\/span><\/h3>\n<p>[\/et_pb_blurb][\/et_pb_column][\/et_pb_row][\/et_pb_section][et_pb_section fb_built=&#8220;1&#8243; _builder_version=&#8220;4.20.4&#8243; _module_preset=&#8220;default&#8220; custom_padding=&#8220;||22px|||&#8220; global_colors_info=&#8220;{}&#8220;][et_pb_row _builder_version=&#8220;4.20.4&#8243; _module_preset=&#8220;default&#8220; custom_margin=&#8220;5vw||||false|false&#8220; custom_margin_tablet=&#8220;0vw||||false|false&#8220; custom_margin_phone=&#8220;0vw||||false|false&#8220; custom_margin_last_edited=&#8220;on|phone&#8220; global_colors_info=&#8220;{}&#8220;][et_pb_column type=&#8220;4_4&#8243; _builder_version=&#8220;4.20.4&#8243; _module_preset=&#8220;default&#8220; global_colors_info=&#8220;{}&#8220;][et_pb_text _builder_version=&#8220;4.20.4&#8243; _module_preset=&#8220;default&#8220; text_font=&#8220;Rns Sanz||||||||&#8220; text_font_size=&#8220;21px&#8220; global_colors_info=&#8220;{}&#8220;]<\/p>\n<p style=\"text-align: center;\">Sie basiert auf einer 360\u00ba-Strategie, die <strong>einen informativen und einen kreativen Teil<\/strong> kombiniert. Der erste Teil zielt darauf ab, die besonderen Merkmale der europ\u00e4ischen Mandel zu vermitteln, die sie von Mandeln anderer Herkunft unterscheiden.<\/p>\n<p style=\"text-align: center;\">Merkmale wie ihre <strong>\u00f6kologische und soziale Nachhaltigkeit<\/strong>, ihr hervorragendes Wassermanagement, die bedeutenden Investitionen der Erzeuger in F&amp;E, um ihre Qualit\u00e4t und Lebensmittelsicherheit zu gew\u00e4hrleisten, sowie ihre f\u00fchrende Rolle im Bereich des \u00f6kologischen Anbaus.<\/p>\n<p style=\"text-align: center;\">In Bezug auf die Kreativit\u00e4t wurde <strong>eine direkte und starke Botschaft<\/strong> gew\u00e4hlt, um diese wichtige Komponente der Nachhaltigkeit hervorzuheben.<\/p>\n<p>[\/et_pb_text][\/et_pb_column][\/et_pb_row][\/et_pb_section][et_pb_section fb_built=&#8220;1&#8243; _builder_version=&#8220;4.20.4&#8243; _module_preset=&#8220;default&#8220; custom_padding=&#8220;22px|||||&#8220; global_colors_info=&#8220;{}&#8220;][et_pb_row column_structure=&#8220;1_2,1_2&#8243; _builder_version=&#8220;4.20.4&#8243; _module_preset=&#8220;default&#8220; custom_margin_tablet=&#8220;-36px||||false|false&#8220; custom_margin_phone=&#8220;-36px||||false|false&#8220; custom_margin_last_edited=&#8220;on|phone&#8220; global_colors_info=&#8220;{}&#8220;][et_pb_column type=&#8220;1_2&#8243; _builder_version=&#8220;4.20.4&#8243; _module_preset=&#8220;default&#8220; global_colors_info=&#8220;{}&#8220;][et_pb_image src=&#8220;https:\/\/sustainablealmond.eu\/wp-content\/uploads\/2023\/07\/graph_almond_01_de.jpg&#8220; title_text=&#8220;Grafica DE&#8220; _builder_version=&#8220;4.20.4&#8243; _module_preset=&#8220;default&#8220; global_colors_info=&#8220;{}&#8220;][\/et_pb_image][et_pb_image src=&#8220;https:\/\/sustainablealmond.eu\/wp-content\/uploads\/2023\/07\/graph_almond_03_de.jpg&#8220; title_text=&#8220;Grafica DE&#8220; _builder_version=&#8220;4.20.4&#8243; _module_preset=&#8220;default&#8220; global_colors_info=&#8220;{}&#8220;][\/et_pb_image][\/et_pb_column][et_pb_column type=&#8220;1_2&#8243; _builder_version=&#8220;4.20.4&#8243; _module_preset=&#8220;default&#8220; global_colors_info=&#8220;{}&#8220;][et_pb_image src=&#8220;https:\/\/sustainablealmond.eu\/wp-content\/uploads\/2023\/07\/graph_almond_02_de.jpg&#8220; title_text=&#8220;Grafica DE&#8220; _builder_version=&#8220;4.20.4&#8243; _module_preset=&#8220;default&#8220; global_colors_info=&#8220;{}&#8220;][\/et_pb_image][et_pb_image src=&#8220;https:\/\/sustainablealmond.eu\/wp-content\/uploads\/2023\/07\/graph_almond_04_de.jpg&#8220; title_text=&#8220;Grafica DE&#8220; _builder_version=&#8220;4.20.4&#8243; _module_preset=&#8220;default&#8220; global_colors_info=&#8220;{}&#8220;][\/et_pb_image][\/et_pb_column][\/et_pb_row][et_pb_row _builder_version=&#8220;4.20.4&#8243; _module_preset=&#8220;default&#8220; custom_margin=&#8220;||||false|false&#8220; global_colors_info=&#8220;{}&#8220;][et_pb_column type=&#8220;4_4&#8243; _builder_version=&#8220;4.20.4&#8243; _module_preset=&#8220;default&#8220; global_colors_info=&#8220;{}&#8220;][et_pb_text _builder_version=&#8220;4.20.4&#8243; _module_preset=&#8220;default&#8220; text_font=&#8220;Rns Sanz||||||||&#8220; text_font_size=&#8220;21px&#8220; global_colors_info=&#8220;{}&#8220;]<\/p>\n<p style=\"text-align: center;\">Dar\u00fcber hinaus wurde <strong>ein Siegel<\/strong> geschaffen, das die Kampagne in allen Medien und L\u00e4ndern vereinheitlicht, aber auch dazu dient, die Werte der europ\u00e4ischen Mandel auf einen Blick zu vermitteln:<\/p>\n<p>[\/et_pb_text][et_pb_image src=&#8220;https:\/\/sustainablealmond.eu\/wp-content\/uploads\/2023\/07\/sello_de.png&#8220; title_text=&#8220;sello_de&#8220; align=&#8220;center&#8220; _builder_version=&#8220;4.20.4&#8243; _module_preset=&#8220;default&#8220; width=&#8220;60%&#8220; module_alignment=&#8220;center&#8220; global_colors_info=&#8220;{}&#8220;][\/et_pb_image][\/et_pb_column][\/et_pb_row][et_pb_row disabled_on=&#8220;off|off|off&#8220; _builder_version=&#8220;4.20.4&#8243; _module_preset=&#8220;default&#8220; custom_margin=&#8220;||||false|false&#8220; global_colors_info=&#8220;{}&#8220;][et_pb_column type=&#8220;4_4&#8243; _builder_version=&#8220;4.20.4&#8243; _module_preset=&#8220;default&#8220; global_colors_info=&#8220;{}&#8220;][et_pb_text _builder_version=&#8220;4.20.4&#8243; _module_preset=&#8220;default&#8220; text_font=&#8220;Rns Sanz||||||||&#8220; text_font_size=&#8220;21px&#8220; global_colors_info=&#8220;{}&#8220;]<\/p>\n<p style=\"text-align: center;\">Und schlie\u00dflich haben wir einen Protagonisten (und gleichzeitig besten Botschafter), der ein ausgesprochener Fan und Kenner von N\u00fcssen ist. Ein sympathisches, naturverbundenes, sehr aktives und gesundes Wesen, das wie kein anderes all die Werte vermittelt, f\u00fcr die die europ\u00e4ische Mandel steht. Gemeint ist\u00a0&#8230;\u00a0<strong>das iberische Eichh\u00f6rnchen.<\/strong><\/p>\n<p>[\/et_pb_text][et_pb_text _builder_version=&#8220;4.20.4&#8243; _module_preset=&#8220;default&#8220; global_colors_info=&#8220;{}&#8220;]<a class=\"vp-a vp-dr\" href=\"https:\/\/youtu.be\/4zNgCcZyQEw\" rel=\"nofollow\" data-width=\"1920\" data-height=\"1080\" data-dwrap=\"1\" data-controls=\"1\" data-iv=\"1\"><img decoding=\"async\" class=\"vp-img\" src=\"https:\/\/sustainablealmond.eu\/wp-content\/uploads\/2023\/07\/Video_campana_de.jpg\"><\/a>[\/et_pb_text][\/et_pb_column][\/et_pb_row][\/et_pb_section]<\/p>\n","protected":false},"excerpt":{"rendered":"<p>Unser projektDie europ\u00e4ische Mandel ist: Sicher: nach europ\u00e4ischen Standards. Gesund: mit positiven Eigenschaften f\u00fcr die Verbraucher. Nachhaltig: Sie sch\u00fctzt die Umwelt und die Lebensqualit\u00e4t in l\u00e4ndlichen Gebieten. Hochwertig: mit Eigenschaften, die die Kreislaufwirtschaft f\u00f6rdern. Aufgrund der europ\u00e4ischen Vorschriften erf\u00fcllen unsere Mandeln die weltweit h\u00f6chsten Standards in Bezug auf Lebensmittelsicherheit, Qualit\u00e4t und vor allem Umweltvertr\u00e4glichkeit.Ca. 70 [&hellip;]<\/p>\n","protected":false},"author":1,"featured_media":0,"parent":0,"menu_order":0,"comment_status":"closed","ping_status":"closed","template":"","meta":{"_et_pb_use_builder":"on","_et_pb_old_content":"","_et_gb_content_width":"","footnotes":""},"class_list":["post-243386","page","type-page","status-publish","hentry"],"_links":{"self":[{"href":"https:\/\/sustainablealmond.eu\/de\/wp-json\/wp\/v2\/pages\/243386"}],"collection":[{"href":"https:\/\/sustainablealmond.eu\/de\/wp-json\/wp\/v2\/pages"}],"about":[{"href":"https:\/\/sustainablealmond.eu\/de\/wp-json\/wp\/v2\/types\/page"}],"author":[{"embeddable":true,"href":"https:\/\/sustainablealmond.eu\/de\/wp-json\/wp\/v2\/users\/1"}],"replies":[{"embeddable":true,"href":"https:\/\/sustainablealmond.eu\/de\/wp-json\/wp\/v2\/comments?post=243386"}],"version-history":[{"count":9,"href":"https:\/\/sustainablealmond.eu\/de\/wp-json\/wp\/v2\/pages\/243386\/revisions"}],"predecessor-version":[{"id":243649,"href":"https:\/\/sustainablealmond.eu\/de\/wp-json\/wp\/v2\/pages\/243386\/revisions\/243649"}],"wp:attachment":[{"href":"https:\/\/sustainablealmond.eu\/de\/wp-json\/wp\/v2\/media?parent=243386"}],"curies":[{"name":"wp","href":"https:\/\/api.w.org\/{rel}","templated":true}]}}