{"id":243416,"date":"2023-05-03T08:49:14","date_gmt":"2023-05-03T08:49:14","guid":{"rendered":"https:\/\/sustainablealmond.eu\/vorteile-fuer-die-ernaehrung\/"},"modified":"2023-07-07T10:50:07","modified_gmt":"2023-07-07T10:50:07","slug":"vorteile-fuer-die-ernaehrung","status":"publish","type":"page","link":"https:\/\/sustainablealmond.eu\/de\/vorteile-fuer-die-ernaehrung\/","title":{"rendered":"Vorteile f\u00fcr die ern\u00e4hrung"},"content":{"rendered":"<p>[et_pb_section fb_built=&#8220;1&#8243; custom_padding_last_edited=&#8220;on|tablet&#8220; next_background_color=&#8220;#ffffff&#8220; admin_label=&#8220;Header&#8220; _builder_version=&#8220;4.20.4&#8243; background_color=&#8220;#fcfaf7&#8243; background_image=&#8220;https:\/\/sustainablealmond.eu\/wp-content\/uploads\/2023\/04\/header_almond_picture.png&#8220; background_size=&#8220;initial&#8220; background_position=&#8220;top_center&#8220; custom_padding_tablet=&#8220;||0vw|&#8220; custom_padding_phone=&#8220;&#8220; bottom_divider_style=&#8220;wave&#8220; bottom_divider_height=&#8220;80%&#8220; bottom_divider_repeat=&#8220;0.6x&#8220; bottom_divider_flip=&#8220;vertical|horizontal&#8220; global_colors_info=&#8220;{}&#8220;][et_pb_row column_structure=&#8220;1_2,1_2&#8243; _builder_version=&#8220;4.16&#8243; custom_margin=&#8220;100px||&#8220; custom_margin_tablet=&#8220;||&#8220; custom_margin_phone=&#8220;0px|||&#8220; custom_margin_last_edited=&#8220;on|tablet&#8220; global_colors_info=&#8220;{}&#8220;][et_pb_column type=&#8220;1_2&#8243; _builder_version=&#8220;4.16&#8243; custom_padding=&#8220;|||&#8220; global_colors_info=&#8220;{}&#8220; custom_padding__hover=&#8220;|||&#8220;][et_pb_text _builder_version=&#8220;4.20.4&#8243; header_font=&#8220;Rns Sanz|700|||||||&#8220; header_text_color=&#8220;#ad521b&#8220; header_font_size=&#8220;60px&#8220; header_letter_spacing=&#8220;1px&#8220; header_line_height=&#8220;1.2em&#8220; header_font_size_tablet=&#8220;40px&#8220; header_font_size_phone=&#8220;34px&#8220; header_font_size_last_edited=&#8220;on|phone&#8220; header_letter_spacing_tablet=&#8220;0px&#8220; header_letter_spacing_phone=&#8220;0px&#8220; header_letter_spacing_last_edited=&#8220;on|tablet&#8220; global_colors_info=&#8220;{}&#8220;]<\/p>\n<h1>Vorteile f\u00fcr die ern\u00e4hrung<\/h1>\n<p>[\/et_pb_text][et_pb_text _builder_version=&#8220;4.20.4&#8243; text_font=&#8220;Rns Sanz||||||||&#8220; text_letter_spacing=&#8220;0.5px&#8220; text_line_height=&#8220;1.5em&#8220; transform_scale_tablet=&#8220;&#8220; transform_scale_phone=&#8220;&#8220; transform_scale_last_edited=&#8220;on|desktop&#8220; transform_translate_tablet=&#8220;&#8220; transform_translate_phone=&#8220;&#8220; transform_translate_last_edited=&#8220;on|desktop&#8220; transform_rotate_tablet=&#8220;&#8220; transform_rotate_phone=&#8220;&#8220; transform_rotate_last_edited=&#8220;on|desktop&#8220; transform_skew_tablet=&#8220;&#8220; transform_skew_phone=&#8220;&#8220; transform_skew_last_edited=&#8220;on|desktop&#8220; transform_origin_tablet=&#8220;&#8220; transform_origin_phone=&#8220;&#8220; transform_origin_last_edited=&#8220;on|desktop&#8220; transform_styles_last_edited=&#8220;on|desktop&#8220; text_font_size_tablet=&#8220;16px&#8220; text_font_size_phone=&#8220;14px&#8220; text_font_size_last_edited=&#8220;on|phone&#8220; text_letter_spacing_tablet=&#8220;&#8220; text_letter_spacing_phone=&#8220;0px&#8220; text_letter_spacing_last_edited=&#8220;on|tablet&#8220; transform_styles_tablet=&#8220;&#8220; transform_styles_phone=&#8220;&#8220; global_colors_info=&#8220;{}&#8220;]<\/p>\n<p>Die Mandel ist seit jeher ein wesentlicher Bestandteil der mediterranen Ern\u00e4hrung. <strong>Ihr N\u00e4hrstoffprofil ist sehr umfassend<\/strong> und sie ist, wie alle anderen N\u00fcsse auch, f\u00fcr eine gesunde Ern\u00e4hrung unverzichtbar.<\/p>\n<p>Sie hat zum Beispiel einen hohen Fettgehalt (vor allem <strong>unges\u00e4ttigte Fetts\u00e4uren, d.\u00a0h. solche, die sich positiv auf die kardiovaskul\u00e4re Gesundheit auswirken)<\/strong> und einen hohen Anteil an hochwertigen pflanzlichen Proteinen mit einem umfassenden Gehalt an essentiellen Aminos\u00e4uren.<\/p>\n<p>Ihr Kaloriengehalt ist hoch, aber gerade deshalb haben Mandeln eine <strong>gute s\u00e4ttigende Wirkung.<\/strong><\/p>\n<p>Unter den Mineralstoffen ist <strong>Kalzium<\/strong> besonders hervorzuheben. Es handelt sich um eine der besten pflanzlichen Kalziumquellen, weshalb Mandelmilch bei einer Unvertr\u00e4glichkeit oft als Ersatz f\u00fcr Kuhmilch eingesetzt wird und ihr Verzehr zur St\u00e4rkung der Knochen und zur Vorbeugung von Osteoporose empfohlen wird. Dazu tr\u00e4gt auch ihr Phosphorgehalt bei, der ebenfalls f\u00fcr eine gute Knochenqualit\u00e4t sorgt.<\/p>\n<p>Au\u00dferdem enth\u00e4lt sie moderate Mengen an B-Vitaminen und ist eine <strong>gute Vitamin-E-Quelle<\/strong> mit antioxidativer Wirkung (dazu kommen hohe Anteile an Zink und Phytosterinen).<\/p>\n<p>Aus diesen Gr\u00fcnden werden Mandeln f\u00fcr <strong>Kinder im Wachstum<\/strong> und f\u00fcr Sportler empfohlen.<\/p>\n<p>[\/et_pb_text][et_pb_image src=&#8220;https:\/\/sustainablealmond.eu\/wp-content\/uploads\/2023\/05\/almond_03b.png&#8220; title_text=&#8220;almond_03b&#8220; align_tablet=&#8220;center&#8220; align_phone=&#8220;&#8220; align_last_edited=&#8220;on|desktop&#8220; _builder_version=&#8220;4.20.4&#8243; transform_origin=&#8220;100%|0%&#8220; width_tablet=&#8220;50%&#8220; width_phone=&#8220;&#8220; width_last_edited=&#8220;on|tablet&#8220; custom_margin=&#8220;0px|||-10vw|false|false&#8220; custom_margin_tablet=&#8220;0vw|||0vw&#8220; custom_margin_phone=&#8220;&#8220; custom_margin_last_edited=&#8220;on|phone&#8220; global_colors_info=&#8220;{}&#8220;][\/et_pb_image][et_pb_text _builder_version=&#8220;4.20.4&#8243; _module_preset=&#8220;default&#8220; header_2_font_size=&#8220;22px&#8220; hover_enabled=&#8220;0&#8243; global_colors_info=&#8220;{}&#8220; sticky_enabled=&#8220;0&#8243;]<\/p>\n<h2>Vitamines<\/h2>\n<p>[\/et_pb_text][dvmd_table_maker tbl_row_header_count=&#8220;0&#8243; tbl_responsive_breakpoint=&#8220;none&#8220; tbl_stripes_active=&#8220;on&#8220; tbl_stripes_apply=&#8220;on|off|off|off|off&#8220; tbl_stripes_brightness=&#8220;95%&#8220; tbl_tcell_cell_color=&#8220;#FFFFFF&#8220; tbl_tcell_cell_align_horz=&#8220;center&#8220; tbl_tcell_cell_align_vert=&#8220;center&#8220; tbl_chead_cell_color=&#8220;rgba(224,153,0,0.3)&#8220; tbl_chead_cell_align_horz=&#8220;center&#8220; tbl_chead_cell_align_vert=&#8220;center&#8220; tbl_rhead_cell_color=&#8220;#FFFFFF&#8220; tbl_rhead_cell_align_horz=&#8220;center&#8220; tbl_rhead_cell_align_vert=&#8220;center&#8220; tbl_chead_text_wrap=&#8220;normal&#8220; _builder_version=&#8220;4.20.4&#8243; _module_preset=&#8220;default&#8220; tbl_tcell_text_font=&#8220;Rns Sanz||||||||&#8220; tbl_tcell_text_font_size=&#8220;17px&#8220; tbl_chead_text_font=&#8220;Rns Sanz|700||on|||||&#8220; tbl_chead_text_text_color=&#8220;#000000&#8243; tbl_chead_text_font_size=&#8220;18px&#8220; tbl_rhead_text_font=&#8220;Open Sans|700|||||||&#8220; tbl_rhead_text_text_color=&#8220;#7a7a7a&#8220; custom_margin=&#8220;-25px||||false|false&#8220; hover_enabled=&#8220;0&#8243; locked=&#8220;off&#8220; global_colors_info=&#8220;{}&#8220; sticky_enabled=&#8220;0&#8243;][dvmd_table_maker_item col_label=&#8220;Componente&#8220; col_content=&#8220;KOMPONENT<br \/>\nVitamin-A-Retinol-\u00c4quivalente von Retinolen und Carotinoiden Aktivit\u00e4ten<br \/>\nVitamin D<br \/>\nVitamin E Alpha-Tocopherol-\u00c4quivalente der Vitamin-E-Aktivit\u00e4ten<br \/>\nFolat, gesamt<br \/>\nNiacin-\u00c4quivalente, gesamt<br \/>\nRiboflavin<br \/>\nThiamin<br \/>\nVitamin B12<br \/>\nvitamin B6,  insgesamt<br \/>\nvitamin C ( Ascorbins\u00e4ure)&#8220; col_column_max_width=&#8220;60%&#8220; col_tcell_cell_color=&#8220;#ffffff&#8220; col_tcell_cell_align_horz=&#8220;left&#8220; col_chead_cell_align_horz=&#8220;left&#8220; _builder_version=&#8220;4.20.4&#8243; _module_preset=&#8220;default&#8220; col_chead_text_text_color=&#8220;#000000&#8243; col_chead_text_font_size=&#8220;18px&#8220; hover_enabled=&#8220;0&#8243; global_colors_info=&#8220;{}&#8220; sticky_enabled=&#8220;0&#8243;][\/dvmd_table_maker_item][dvmd_table_maker_item col_label=&#8220;Valor&#8220; col_content=&#8220;WERT\/EINHEIT<br \/>\n0\u03bcg<br \/>\n0\u03bcg<br \/>\n24mg<br \/>\n70\u03bcg<br \/>\n5,3mg<br \/>\n0,78mg<br \/>\n0,21mg<br \/>\n0\u03bcg<br \/>\n0,11mg<br \/>\ntraza mg&#8220; _builder_version=&#8220;4.20.4&#8243; _module_preset=&#8220;default&#8220; col_chead_text_text_color=&#8220;#000000&#8243; col_chead_text_font_size=&#8220;18px&#8220; hover_enabled=&#8220;0&#8243; global_colors_info=&#8220;{}&#8220; sticky_enabled=&#8220;0&#8243;][\/dvmd_table_maker_item][\/dvmd_table_maker][\/et_pb_column][et_pb_column type=&#8220;1_2&#8243; _builder_version=&#8220;4.16&#8243; custom_padding=&#8220;|||&#8220; global_colors_info=&#8220;{}&#8220; custom_padding__hover=&#8220;|||&#8220;][et_pb_text _builder_version=&#8220;4.20.4&#8243; _module_preset=&#8220;default&#8220; header_2_font_size=&#8220;22px&#8220; hover_enabled=&#8220;0&#8243; global_colors_info=&#8220;{}&#8220; sticky_enabled=&#8220;0&#8243;]<\/p>\n<h2>Proximals<\/h2>\n<p>[\/et_pb_text][dvmd_table_maker tbl_row_header_count=&#8220;0&#8243; tbl_responsive_breakpoint=&#8220;none&#8220; tbl_stripes_active=&#8220;on&#8220; tbl_stripes_apply=&#8220;on|off|off|off|off&#8220; tbl_stripes_brightness=&#8220;95%&#8220; tbl_tcell_cell_color=&#8220;#FFFFFF&#8220; tbl_tcell_cell_align_horz=&#8220;center&#8220; tbl_tcell_cell_align_vert=&#8220;center&#8220; tbl_chead_cell_color=&#8220;rgba(224,153,0,0.3)&#8220; tbl_chead_cell_align_horz=&#8220;center&#8220; tbl_chead_cell_align_vert=&#8220;center&#8220; tbl_rhead_cell_color=&#8220;#FFFFFF&#8220; tbl_rhead_cell_align_horz=&#8220;center&#8220; tbl_rhead_cell_align_vert=&#8220;center&#8220; tbl_chead_text_wrap=&#8220;normal&#8220; _builder_version=&#8220;4.20.4&#8243; _module_preset=&#8220;default&#8220; tbl_tcell_text_font=&#8220;Rns Sanz||||||||&#8220; tbl_tcell_text_font_size=&#8220;17px&#8220; tbl_chead_text_font=&#8220;Rns Sanz|700||on|||||&#8220; tbl_chead_text_text_color=&#8220;#000000&#8243; tbl_chead_text_font_size=&#8220;18px&#8220; tbl_rhead_text_font=&#8220;Open Sans|700|||||||&#8220; tbl_rhead_text_text_color=&#8220;#7a7a7a&#8220; custom_margin=&#8220;-25px||||false|false&#8220; hover_enabled=&#8220;0&#8243; locked=&#8220;off&#8220; global_colors_info=&#8220;{}&#8220; sticky_enabled=&#8220;0&#8243;][dvmd_table_maker_item col_label=&#8220;Componente&#8220; col_content=&#8220;KOMPONENT<br \/>\nAlkohol (Ethanol)<br \/>\nEnergie, gesamt<br \/>\nFett, insgesamt (Gesamtfette)<br \/>\nEiwei\u00df, gesamt<br \/>\nWasser (Feuchtigkeit)&#8220; col_column_max_width=&#8220;60%&#8220; col_tcell_cell_color=&#8220;#ffffff&#8220; col_tcell_cell_align_horz=&#8220;left&#8220; col_chead_cell_align_horz=&#8220;left&#8220; _builder_version=&#8220;4.20.4&#8243; _module_preset=&#8220;default&#8220; col_chead_text_text_color=&#8220;#000000&#8243; col_chead_text_font_size=&#8220;18px&#8220; hover_enabled=&#8220;0&#8243; global_colors_info=&#8220;{}&#8220; sticky_enabled=&#8220;0&#8243;][\/dvmd_table_maker_item][dvmd_table_maker_item col_label=&#8220;Valor&#8220; col_content=&#8220;WERT\/EINHEIT<br \/>\n0g<br \/>\n2453 (589)KJ (Kcal)<br \/>\n45,22g<br \/>\n19,1333g<br \/>\n5,8682g&#8220; _builder_version=&#8220;4.20.4&#8243; _module_preset=&#8220;default&#8220; col_chead_text_text_color=&#8220;#000000&#8243; col_chead_text_font_size=&#8220;18px&#8220; hover_enabled=&#8220;0&#8243; global_colors_info=&#8220;{}&#8220; sticky_enabled=&#8220;0&#8243;][\/dvmd_table_maker_item][\/dvmd_table_maker][et_pb_text _builder_version=&#8220;4.20.4&#8243; _module_preset=&#8220;default&#8220; header_2_font_size=&#8220;22px&#8220; hover_enabled=&#8220;0&#8243; global_colors_info=&#8220;{}&#8220; sticky_enabled=&#8220;0&#8243;]<\/p>\n<h2>Kohlenhydrate<\/h2>\n<p>[\/et_pb_text][dvmd_table_maker tbl_row_header_count=&#8220;0&#8243; tbl_responsive_breakpoint=&#8220;none&#8220; tbl_stripes_active=&#8220;on&#8220; tbl_stripes_apply=&#8220;on|off|off|off|off&#8220; tbl_stripes_brightness=&#8220;95%&#8220; tbl_tcell_cell_color=&#8220;#FFFFFF&#8220; tbl_tcell_cell_align_horz=&#8220;center&#8220; tbl_tcell_cell_align_vert=&#8220;center&#8220; tbl_chead_cell_color=&#8220;rgba(224,153,0,0.3)&#8220; tbl_chead_cell_align_horz=&#8220;center&#8220; tbl_chead_cell_align_vert=&#8220;center&#8220; tbl_rhead_cell_color=&#8220;#FFFFFF&#8220; tbl_rhead_cell_align_horz=&#8220;center&#8220; tbl_rhead_cell_align_vert=&#8220;center&#8220; tbl_chead_text_wrap=&#8220;normal&#8220; _builder_version=&#8220;4.20.4&#8243; _module_preset=&#8220;default&#8220; tbl_tcell_text_font=&#8220;Rns Sanz||||||||&#8220; tbl_tcell_text_font_size=&#8220;17px&#8220; tbl_chead_text_font=&#8220;Rns Sanz|700||on|||||&#8220; tbl_chead_text_text_color=&#8220;#000000&#8243; tbl_chead_text_font_size=&#8220;18px&#8220; tbl_rhead_text_font=&#8220;Open Sans|700|||||||&#8220; tbl_rhead_text_text_color=&#8220;#7a7a7a&#8220; custom_margin=&#8220;-25px||||false|false&#8220; hover_enabled=&#8220;0&#8243; locked=&#8220;off&#8220; global_colors_info=&#8220;{}&#8220; sticky_enabled=&#8220;0&#8243;][dvmd_table_maker_item col_label=&#8220;Componente&#8220; col_content=&#8220;KOMPONENT<br \/>\nBallaststoffe, Gesamtlebensmittel<br \/>\nKohlenhydrate&#8220; col_column_max_width=&#8220;60%&#8220; col_tcell_cell_color=&#8220;#ffffff&#8220; col_tcell_cell_align_horz=&#8220;left&#8220; col_chead_cell_align_horz=&#8220;left&#8220; _builder_version=&#8220;4.20.4&#8243; _module_preset=&#8220;default&#8220; col_chead_text_text_color=&#8220;#000000&#8243; col_chead_text_font_size=&#8220;18px&#8220; hover_enabled=&#8220;0&#8243; global_colors_info=&#8220;{}&#8220; sticky_enabled=&#8220;0&#8243;][\/dvmd_table_maker_item][dvmd_table_maker_item col_label=&#8220;Valor&#8220; col_content=&#8220;WERT\/EINHEIT<br \/>\n8,3475g<br \/>\n6,2038g&#8220; _builder_version=&#8220;4.20.4&#8243; _module_preset=&#8220;default&#8220; col_chead_text_text_color=&#8220;#000000&#8243; col_chead_text_font_size=&#8220;18px&#8220; hover_enabled=&#8220;0&#8243; global_colors_info=&#8220;{}&#8220; sticky_enabled=&#8220;0&#8243;][\/dvmd_table_maker_item][\/dvmd_table_maker][et_pb_text _builder_version=&#8220;4.20.4&#8243; _module_preset=&#8220;default&#8220; header_2_font_size=&#8220;22px&#8220; hover_enabled=&#8220;0&#8243; global_colors_info=&#8220;{}&#8220; sticky_enabled=&#8220;0&#8243;]<\/p>\n<h2>Fette<\/h2>\n<p>[\/et_pb_text][dvmd_table_maker tbl_row_header_count=&#8220;0&#8243; tbl_responsive_breakpoint=&#8220;none&#8220; tbl_stripes_active=&#8220;on&#8220; tbl_stripes_apply=&#8220;on|off|off|off|off&#8220; tbl_stripes_brightness=&#8220;95%&#8220; tbl_tcell_cell_color=&#8220;#FFFFFF&#8220; tbl_tcell_cell_align_horz=&#8220;center&#8220; tbl_tcell_cell_align_vert=&#8220;center&#8220; tbl_chead_cell_color=&#8220;rgba(224,153,0,0.3)&#8220; tbl_chead_cell_align_horz=&#8220;center&#8220; tbl_chead_cell_align_vert=&#8220;center&#8220; tbl_rhead_cell_color=&#8220;#FFFFFF&#8220; tbl_rhead_cell_align_horz=&#8220;center&#8220; tbl_rhead_cell_align_vert=&#8220;center&#8220; tbl_chead_text_wrap=&#8220;normal&#8220; _builder_version=&#8220;4.20.4&#8243; _module_preset=&#8220;default&#8220; tbl_tcell_text_font=&#8220;Rns Sanz||||||||&#8220; tbl_tcell_text_font_size=&#8220;17px&#8220; tbl_chead_text_font=&#8220;Rns Sanz|700||on|||||&#8220; tbl_chead_text_text_color=&#8220;#000000&#8243; tbl_chead_text_font_size=&#8220;18px&#8220; tbl_rhead_text_font=&#8220;Open Sans|700|||||||&#8220; tbl_rhead_text_text_color=&#8220;#7a7a7a&#8220; custom_margin=&#8220;-25px||||false|false&#8220; hover_enabled=&#8220;0&#8243; locked=&#8220;off&#8220; global_colors_info=&#8220;{}&#8220; sticky_enabled=&#8220;0&#8243;][dvmd_table_maker_item col_label=&#8220;Componente&#8220; col_content=&#8220;KOMPONENT<br \/>\nFetts\u00e4ure 22:6 n-3 (Docosahexaens\u00e4ure)<br \/>\nFetts\u00e4uren, Gesamt einfach unges\u00e4ttigt<br \/>\nFetts\u00e4uren, Mehrfach unges\u00e4ttigte Fetts\u00e4uren insgesamt<br \/>\nFetts\u00e4uren, Gesamts\u00e4ttigung<br \/>\nFetts\u00e4ure 12:0 (lauric)<br \/>\nFetts\u00e4ure 14:0 (Myristins\u00e4ure)<br \/>\nFetts\u00e4ure 16:0 (Palmitins\u00e4ure)<br \/>\nFetts\u00e4ure 18:0 (Stearins\u00e4ure)<br \/>\nFetts\u00e4ure 18:1 n-9 cis (\u00d6ls\u00e4ure)<br \/>\nCholesterin<br \/>\nFetts\u00e4ure 18:2<br \/>\nFetts\u00e4ure 18:3<br \/>\nFetts\u00e4ure 20:4 n-6 (Arachidons\u00e4ure)<br \/>\nFetts\u00e4ure 20:5 (Eicosapentaens\u00e4ure)&#8220; col_column_max_width=&#8220;60%&#8220; col_tcell_cell_color=&#8220;#ffffff&#8220; col_tcell_cell_align_horz=&#8220;left&#8220; col_chead_cell_align_horz=&#8220;left&#8220; _builder_version=&#8220;4.20.4&#8243; _module_preset=&#8220;default&#8220; col_chead_text_text_color=&#8220;#000000&#8243; col_chead_text_font_size=&#8220;18px&#8220; hover_enabled=&#8220;0&#8243; global_colors_info=&#8220;{}&#8220; sticky_enabled=&#8220;0&#8243;][\/dvmd_table_maker_item][dvmd_table_maker_item col_label=&#8220;Valor&#8220; col_content=&#8220;WERT\/EINHEIT<br \/>\n&#8212;<br \/>\n27,98g<br \/>\n11,14g<br \/>\n4,32g<br \/>\n&#8212;<br \/>\n0,03g<br \/>\n2,98g<br \/>\n1,08g<br \/>\n27,3g<br \/>\n0mg<br \/>\n11,06g<br \/>\n0,05g<br \/>\n&#8212;<br \/>\n&#8211;&#8220; _builder_version=&#8220;4.20.4&#8243; _module_preset=&#8220;default&#8220; col_chead_text_text_color=&#8220;#000000&#8243; col_chead_text_font_size=&#8220;18px&#8220; hover_enabled=&#8220;0&#8243; global_colors_info=&#8220;{}&#8220; sticky_enabled=&#8220;0&#8243;][\/dvmd_table_maker_item][\/dvmd_table_maker][et_pb_text _builder_version=&#8220;4.20.4&#8243; _module_preset=&#8220;default&#8220; header_2_font_size=&#8220;22px&#8220; hover_enabled=&#8220;0&#8243; global_colors_info=&#8220;{}&#8220; sticky_enabled=&#8220;0&#8243;]<\/p>\n<h2>Mineralien<\/h2>\n<p>[\/et_pb_text][dvmd_table_maker tbl_row_header_count=&#8220;0&#8243; tbl_responsive_breakpoint=&#8220;none&#8220; tbl_stripes_active=&#8220;on&#8220; tbl_stripes_apply=&#8220;on|off|off|off|off&#8220; tbl_stripes_brightness=&#8220;95%&#8220; tbl_tcell_cell_color=&#8220;#FFFFFF&#8220; tbl_tcell_cell_align_horz=&#8220;center&#8220; tbl_tcell_cell_align_vert=&#8220;center&#8220; tbl_chead_cell_color=&#8220;rgba(224,153,0,0.3)&#8220; tbl_chead_cell_align_horz=&#8220;center&#8220; tbl_chead_cell_align_vert=&#8220;center&#8220; tbl_rhead_cell_color=&#8220;#FFFFFF&#8220; tbl_rhead_cell_align_horz=&#8220;center&#8220; tbl_rhead_cell_align_vert=&#8220;center&#8220; tbl_chead_text_wrap=&#8220;normal&#8220; _builder_version=&#8220;4.20.4&#8243; _module_preset=&#8220;default&#8220; tbl_tcell_text_font=&#8220;Rns Sanz||||||||&#8220; tbl_tcell_text_font_size=&#8220;17px&#8220; tbl_chead_text_font=&#8220;Rns Sanz|700||on|||||&#8220; tbl_chead_text_text_color=&#8220;#000000&#8243; tbl_chead_text_font_size=&#8220;18px&#8220; tbl_rhead_text_font=&#8220;Open Sans|700|||||||&#8220; tbl_rhead_text_text_color=&#8220;#7a7a7a&#8220; custom_margin=&#8220;-25px||||false|false&#8220; hover_enabled=&#8220;0&#8243; locked=&#8220;off&#8220; global_colors_info=&#8220;{}&#8220; sticky_enabled=&#8220;0&#8243;][dvmd_table_maker_item col_label=&#8220;Componente&#8220; col_content=&#8220;KOMPONENT<br \/>\nKalzium<br \/>\nEisen, gesamt<br \/>\nKalium<br \/>\nMagnesium<br \/>\nNatrium<br \/>\nPhosphor<br \/>\nJodid<br \/>\nSelen, gesamt<br \/>\nZink (Zink)&#8220; col_column_max_width=&#8220;60%&#8220; col_tcell_cell_color=&#8220;#ffffff&#8220; col_tcell_cell_align_horz=&#8220;left&#8220; col_chead_cell_align_horz=&#8220;left&#8220; _builder_version=&#8220;4.20.4&#8243; _module_preset=&#8220;default&#8220; col_chead_text_text_color=&#8220;#000000&#8243; col_chead_text_font_size=&#8220;18px&#8220; hover_enabled=&#8220;0&#8243; global_colors_info=&#8220;{}&#8220; sticky_enabled=&#8220;0&#8243;][\/dvmd_table_maker_item][dvmd_table_maker_item col_label=&#8220;Valor&#8220; col_content=&#8220;WERT\/EINHEIT<br \/>\n248,25mg<br \/>\n3,5875mg<br \/>\n767,25mg<br \/>\n258,125mg<br \/>\n10,3625mg<br \/>\n524,875mg<br \/>\n2\u03bcg<br \/>\n4\u03bcg<br \/>\n3,6mg&#8220; _builder_version=&#8220;4.20.4&#8243; _module_preset=&#8220;default&#8220; col_chead_text_text_color=&#8220;#000000&#8243; col_chead_text_font_size=&#8220;18px&#8220; hover_enabled=&#8220;0&#8243; global_colors_info=&#8220;{}&#8220; sticky_enabled=&#8220;0&#8243;][\/dvmd_table_maker_item][\/dvmd_table_maker][\/et_pb_column][\/et_pb_row][\/et_pb_section][et_pb_section fb_built=&#8220;1&#8243; _builder_version=&#8220;4.20.4&#8243; _module_preset=&#8220;default&#8220; custom_margin=&#8220;0px||||false|false&#8220; custom_padding=&#8220;0px||||false|false&#8220; global_colors_info=&#8220;{}&#8220;][et_pb_row _builder_version=&#8220;4.20.4&#8243; _module_preset=&#8220;default&#8220; min_height=&#8220;425.1px&#8220; global_colors_info=&#8220;{}&#8220;][et_pb_column type=&#8220;4_4&#8243; _builder_version=&#8220;4.20.4&#8243; _module_preset=&#8220;default&#8220; global_colors_info=&#8220;{}&#8220;][et_pb_text _builder_version=&#8220;4.20.4&#8243; _module_preset=&#8220;default&#8220; text_text_color=&#8220;#000000&#8243; text_font_size=&#8220;30px&#8220; text_line_height=&#8220;1.2em&#8220; text_orientation=&#8220;center&#8220; global_colors_info=&#8220;{}&#8220;]<\/p>\n<p>Nach Angaben der spanischen Datenbank f\u00fcr Lebensmittelzusammensetzung (BEDCA) des Ministeriums f\u00fcr Wissenschaft und Innovation haben Mandeln folgende Eigenschaften:<\/p>\n<p>[\/et_pb_text][et_pb_slider arrows_custom_color=&#8220;#E09900&#8243; dot_nav_custom_color=&#8220;#E09900&#8243; _builder_version=&#8220;4.20.4&#8243; body_font=&#8220;Merriweather||||||||&#8220; body_font_size=&#8220;20px&#8220; body_line_height=&#8220;2em&#8220; background_color=&#8220;rgba(155,155,155,0.1)&#8220; custom_padding=&#8220;100px|||||&#8220; custom_padding_tablet=&#8220;20px||&#8220; custom_padding_phone=&#8220;&#8220; custom_padding_last_edited=&#8220;on|tablet&#8220; auto=&#8220;on&#8220; body_font_size_tablet=&#8220;&#8220; body_font_size_phone=&#8220;14px&#8220; body_font_size_last_edited=&#8220;on|phone&#8220; global_colors_info=&#8220;{}&#8220;][et_pb_slide heading=&#8220;Hoher Gehalt an unges\u00e4ttigten Fetts\u00e4uren (39 g pro 100 g)&#8220; _builder_version=&#8220;4.20.4&#8243; header_font_size=&#8220;30px&#8220; body_font=&#8220;Rns Sanz||||||||&#8220; background_layout=&#8220;light&#8220; global_colors_info=&#8220;{}&#8220; sticky_transition=&#8220;on&#8220;]<\/p>\n<p>Laut der spanischen Agentur f\u00fcr Lebensmittelsicherheit und Ern\u00e4hrung (AESAN) \u201esenkt der Ersatz von ges\u00e4ttigten durch unges\u00e4ttigte Fetts\u00e4uren in der Ern\u00e4hrung nachweislich den Cholesterinspiegel im Blut. Ein hoher Cholesterinspiegel ist ein Risikofaktor f\u00fcr koronare Herzkrankheiten.\u201c<\/p>\n<p>[\/et_pb_slide][et_pb_slide heading=&#8220;Quelle f\u00fcr pflanzliche Proteine (19 g pro 100 g)&#8220; _builder_version=&#8220;4.20.4&#8243; header_font_size=&#8220;30px&#8220; body_font=&#8220;Rns Sanz||||||||&#8220; background_layout=&#8220;light&#8220; global_colors_info=&#8220;{}&#8220; sticky_transition=&#8220;on&#8220;]<\/p>\n<p>Die enthaltenen Proteine sind hochwertig und enthalten laut dem spanischen Ministerium f\u00fcr Landwirtschaft, Fischerei und Ern\u00e4hrung (MAPA) alle essentiellen Aminos\u00e4uren.<\/p>\n<p>[\/et_pb_slide][et_pb_slide heading=&#8220;Hoher Ballaststoffgehalt (8 g pro 100 g)&#8220; _builder_version=&#8220;4.20.4&#8243; header_font_size=&#8220;30px&#8220; body_font=&#8220;Rns Sanz||||||||&#8220; background_layout=&#8220;light&#8220; global_colors_info=&#8220;{}&#8220; sticky_transition=&#8220;on&#8220;]<\/p>\n<p>Mehr als andere N\u00fcsse und Trockenfr\u00fcchte.<\/p>\n<p>[\/et_pb_slide][et_pb_slide heading=&#8220;Hoher Vitamin-E-Gehalt (24 mg pro 100 g)&#8220; _builder_version=&#8220;4.20.4&#8243; header_font_size=&#8220;30px&#8220; body_font=&#8220;Rns Sanz||||||||&#8220; background_layout=&#8220;light&#8220; global_colors_info=&#8220;{}&#8220; sticky_transition=&#8220;on&#8220;]<\/p>\n<p>Vitamin E \u201etr\u00e4gt zum Schutz der Zellen vor oxidativen Sch\u00e4den bei\u201c, so die AESAN. Bereits 50 g rohe Mandeln decken 100 % des empfohlenen Tagesbedarfs.<\/p>\n<p>[\/et_pb_slide][et_pb_slide heading=&#8220;Hoher Anteil an Phosphor, Magnesium, Kalzium und Zink sowie Eisenquelle&#8220; _builder_version=&#8220;4.20.4&#8243; header_font_size=&#8220;30px&#8220; body_font=&#8220;Rns Sanz||||||||&#8220; background_layout=&#8220;light&#8220; global_colors_info=&#8220;{}&#8220; sticky_transition=&#8220;on&#8220;]<\/p>\n<p>Eine Portion roher Mandeln (20 g) deckt 15 % der empfohlenen Tageszufuhr an Phosphor und Magnesium und ca. 6 % der empfohlenen Tageszufuhr an Eisen, Kalium und Kalzium.<\/p>\n<p>[\/et_pb_slide][\/et_pb_slider][et_pb_text _builder_version=&#8220;4.20.4&#8243; _module_preset=&#8220;default&#8220; text_font_size=&#8220;22px&#8220; global_colors_info=&#8220;{}&#8220;]<\/p>\n<p><span style=\"color: #000000;\">Daher empfehlen die vier L\u00e4nder, an die sich die Kampagne richtet, den regelm\u00e4\u00dfigen Verzehr von Mandeln und anderen N\u00fcssen.<\/span><\/p>\n<p><span style=\"color: #000000;\">Dies sind die von den verschiedenen Staaten ver\u00f6ffentlichten Leitlinien, die von der Europ\u00e4ischen Kommission zusammengestellt wurden::<\/span><\/p>\n<ul>\n<li style=\"list-style-type: none;\">\n<ul>\n<li>Spanien: \u201eN\u00fcsse liefern Ballaststoffe, pflanzliche Proteine und Omega-3-Fetts\u00e4uren, also unges\u00e4ttigte Fetts\u00e4uren, die sich positiv auf die kardiovaskul\u00e4re Gesundheit auswirken.\u201c<\/li>\n<li>Deutschland: \u201e25 g N\u00fcsse k\u00f6nnen eine Portion Obst ersetzen.\u201c<\/li>\n<li>Frankreich: \u201e[Verzehren Sie] t\u00e4glich eine Handvoll ungesalzene N\u00fcsse.\u201c<\/li>\n<li>Portugal: \u201eNehmen Sie N\u00fcsse als Teil Ihrer Ern\u00e4hrung zu sich.<\/li>\n<\/ul>\n<\/li>\n<\/ul>\n<p>[\/et_pb_text][\/et_pb_column][\/et_pb_row][\/et_pb_section]<\/p>\n","protected":false},"excerpt":{"rendered":"<p>Vorteile f\u00fcr die ern\u00e4hrungDie Mandel ist seit jeher ein wesentlicher Bestandteil der mediterranen Ern\u00e4hrung. Ihr N\u00e4hrstoffprofil ist sehr umfassend und sie ist, wie alle anderen N\u00fcsse auch, f\u00fcr eine gesunde Ern\u00e4hrung unverzichtbar. Sie hat zum Beispiel einen hohen Fettgehalt (vor allem unges\u00e4ttigte Fetts\u00e4uren, d.\u00a0h. solche, die sich positiv auf die kardiovaskul\u00e4re Gesundheit auswirken) und einen [&hellip;]<\/p>\n","protected":false},"author":1,"featured_media":0,"parent":0,"menu_order":0,"comment_status":"closed","ping_status":"closed","template":"","meta":{"_et_pb_use_builder":"on","_et_pb_old_content":"","_et_gb_content_width":"","footnotes":""},"class_list":["post-243416","page","type-page","status-publish","hentry"],"_links":{"self":[{"href":"https:\/\/sustainablealmond.eu\/de\/wp-json\/wp\/v2\/pages\/243416"}],"collection":[{"href":"https:\/\/sustainablealmond.eu\/de\/wp-json\/wp\/v2\/pages"}],"about":[{"href":"https:\/\/sustainablealmond.eu\/de\/wp-json\/wp\/v2\/types\/page"}],"author":[{"embeddable":true,"href":"https:\/\/sustainablealmond.eu\/de\/wp-json\/wp\/v2\/users\/1"}],"replies":[{"embeddable":true,"href":"https:\/\/sustainablealmond.eu\/de\/wp-json\/wp\/v2\/comments?post=243416"}],"version-history":[{"count":5,"href":"https:\/\/sustainablealmond.eu\/de\/wp-json\/wp\/v2\/pages\/243416\/revisions"}],"predecessor-version":[{"id":243483,"href":"https:\/\/sustainablealmond.eu\/de\/wp-json\/wp\/v2\/pages\/243416\/revisions\/243483"}],"wp:attachment":[{"href":"https:\/\/sustainablealmond.eu\/de\/wp-json\/wp\/v2\/media?parent=243416"}],"curies":[{"name":"wp","href":"https:\/\/api.w.org\/{rel}","templated":true}]}}