{"id":243420,"date":"2023-05-03T17:49:32","date_gmt":"2023-05-03T17:49:32","guid":{"rendered":"https:\/\/sustainablealmond.eu\/presse\/"},"modified":"2026-01-20T16:12:39","modified_gmt":"2026-01-20T16:12:39","slug":"presse","status":"publish","type":"page","link":"https:\/\/sustainablealmond.eu\/de\/presse\/","title":{"rendered":"Presse"},"content":{"rendered":"<p>[et_pb_section fb_built=&#8220;1&#8243; custom_padding_last_edited=&#8220;on|desktop&#8220; next_background_color=&#8220;#ffffff&#8220; admin_label=&#8220;Header&#8220; _builder_version=&#8220;4.20.4&#8243; background_color=&#8220;#fcfaf7&#8243; background_image=&#8220;https:\/\/sustainablealmond.eu\/wp-content\/uploads\/2023\/04\/header_almond_picture.png&#8220; background_size=&#8220;initial&#8220; background_position=&#8220;top_center&#8220; custom_padding=&#8220;53px||3vw||false|false&#8220; custom_padding_tablet=&#8220;||0vw|&#8220; custom_padding_phone=&#8220;&#8220; bottom_divider_style=&#8220;wave&#8220; bottom_divider_height=&#8220;80%&#8220; bottom_divider_repeat=&#8220;0.6x&#8220; bottom_divider_flip=&#8220;vertical|horizontal&#8220; da_disable_devices=&#8220;off|off|off&#8220; global_colors_info=&#8220;{}&#8220; da_is_popup=&#8220;off&#8220; da_exit_intent=&#8220;off&#8220; da_has_close=&#8220;on&#8220; da_alt_close=&#8220;off&#8220; da_dark_close=&#8220;off&#8220; da_not_modal=&#8220;on&#8220; da_is_singular=&#8220;off&#8220; da_with_loader=&#8220;off&#8220; da_has_shadow=&#8220;on&#8220;][et_pb_row column_structure=&#8220;1_2,1_2&#8243; _builder_version=&#8220;4.16&#8243; custom_margin=&#8220;100px||&#8220; custom_margin_tablet=&#8220;||&#8220; custom_margin_phone=&#8220;0px|||&#8220; custom_margin_last_edited=&#8220;on|tablet&#8220; global_colors_info=&#8220;{}&#8220;][et_pb_column type=&#8220;1_2&#8243; _builder_version=&#8220;4.16&#8243; custom_padding=&#8220;|||&#8220; global_colors_info=&#8220;{}&#8220; custom_padding__hover=&#8220;|||&#8220;][et_pb_text _builder_version=&#8220;4.20.4&#8243; header_font=&#8220;Rns Sanz|700|||||||&#8220; header_text_color=&#8220;#ad521b&#8220; header_font_size=&#8220;60px&#8220; header_letter_spacing=&#8220;1px&#8220; header_font_size_tablet=&#8220;40px&#8220; header_font_size_phone=&#8220;34px&#8220; header_font_size_last_edited=&#8220;on|desktop&#8220; header_letter_spacing_tablet=&#8220;0px&#8220; header_letter_spacing_phone=&#8220;0px&#8220; header_letter_spacing_last_edited=&#8220;on|tablet&#8220; global_colors_info=&#8220;{}&#8220;]<\/p>\n<h1>Presse<\/h1>\n<p>[\/et_pb_text][et_pb_text _builder_version=&#8220;4.20.4&#8243; text_font=&#8220;Open Sans||||||||&#8220; text_letter_spacing=&#8220;0.5px&#8220; text_line_height=&#8220;2em&#8220; ul_font=&#8220;Rns Sanz||||||||&#8220; ul_font_size=&#8220;17px&#8220; ul_line_height=&#8220;2em&#8220; transform_scale_tablet=&#8220;&#8220; transform_scale_phone=&#8220;&#8220; transform_scale_last_edited=&#8220;on|desktop&#8220; transform_translate_tablet=&#8220;&#8220; transform_translate_phone=&#8220;&#8220; transform_translate_last_edited=&#8220;on|desktop&#8220; transform_rotate_tablet=&#8220;&#8220; transform_rotate_phone=&#8220;&#8220; transform_rotate_last_edited=&#8220;on|desktop&#8220; transform_skew_tablet=&#8220;&#8220; transform_skew_phone=&#8220;&#8220; transform_skew_last_edited=&#8220;on|desktop&#8220; transform_origin_tablet=&#8220;&#8220; transform_origin_phone=&#8220;&#8220; transform_origin_last_edited=&#8220;on|desktop&#8220; transform_styles_last_edited=&#8220;on|desktop&#8220; text_font_size_tablet=&#8220;16px&#8220; text_font_size_phone=&#8220;14px&#8220; text_font_size_last_edited=&#8220;on|phone&#8220; text_letter_spacing_tablet=&#8220;&#8220; text_letter_spacing_phone=&#8220;0px&#8220; text_letter_spacing_last_edited=&#8220;on|tablet&#8220; transform_styles_tablet=&#8220;&#8220; transform_styles_phone=&#8220;&#8220; global_colors_info=&#8220;{}&#8220;]<\/p>\n<p>Informieren Sie sich \u00fcber die neuesten Nachrichten zum Thema europ\u00e4ische Mandeln auf den M\u00e4rkten in Deutschland, Spanien, Frankreich und Portugal.<\/p>\n<p>[\/et_pb_text][\/et_pb_column][et_pb_column type=&#8220;1_2&#8243; _builder_version=&#8220;4.16&#8243; custom_padding=&#8220;|||&#8220; global_colors_info=&#8220;{}&#8220; custom_padding__hover=&#8220;|||&#8220;][et_pb_image src=&#8220;https:\/\/sustainablealmond.eu\/wp-content\/uploads\/2023\/05\/press_almond_01.png&#8220; title_text=&#8220;press_almond_01&#8243; align=&#8220;right&#8220; _builder_version=&#8220;4.20.4&#8243; transform_scale=&#8220;120%|120%&#8220; transform_scale_tablet=&#8220;100%|100%&#8220; transform_scale_phone=&#8220;&#8220; transform_scale_last_edited=&#8220;on|tablet&#8220; transform_translate_tablet=&#8220;&#8220; transform_translate_phone=&#8220;&#8220; transform_translate_last_edited=&#8220;on|desktop&#8220; transform_rotate_tablet=&#8220;&#8220; transform_rotate_phone=&#8220;&#8220; transform_rotate_last_edited=&#8220;on|desktop&#8220; transform_skew_tablet=&#8220;&#8220; transform_skew_phone=&#8220;&#8220; transform_skew_last_edited=&#8220;on|desktop&#8220; transform_origin_tablet=&#8220;&#8220; transform_origin_phone=&#8220;&#8220; transform_origin_last_edited=&#8220;on|desktop&#8220; transform_styles_last_edited=&#8220;on|tablet&#8220; width_tablet=&#8220;60%&#8220; width_phone=&#8220;&#8220; width_last_edited=&#8220;on|phone&#8220; custom_margin=&#8220;-50px||||false|false&#8220; custom_margin_tablet=&#8220;-24px||||false|false&#8220; custom_margin_phone=&#8220;-24px||||false|false&#8220; custom_margin_last_edited=&#8220;on|phone&#8220; transform_styles_tablet=&#8220;&#8220; transform_styles_phone=&#8220;&#8220; always_center_on_mobile=&#8220;off&#8220; global_colors_info=&#8220;{}&#8220;][\/et_pb_image][\/et_pb_column][\/et_pb_row][\/et_pb_section][et_pb_section fb_built=&#8220;1&#8243; specialty=&#8220;on&#8220; admin_label=&#8220;What We Do&#8220; _builder_version=&#8220;4.20.4&#8243; background_image=&#8220;https:\/\/sustainablealmond.eu\/wp-content\/uploads\/2023\/04\/left.jpg&#8220; background_size=&#8220;initial&#8220; background_position=&#8220;bottom_center&#8220; background_blend=&#8220;multiply&#8220; custom_padding=&#8220;0px||5px|||&#8220; da_disable_devices=&#8220;off|off|off&#8220; global_colors_info=&#8220;{}&#8220; da_is_popup=&#8220;off&#8220; da_exit_intent=&#8220;off&#8220; da_has_close=&#8220;on&#8220; da_alt_close=&#8220;off&#8220; da_dark_close=&#8220;off&#8220; da_not_modal=&#8220;on&#8220; da_is_singular=&#8220;off&#8220; da_with_loader=&#8220;off&#8220; da_has_shadow=&#8220;on&#8220;][et_pb_column type=&#8220;2_3&#8243; specialty_columns=&#8220;2&#8243; _builder_version=&#8220;4.16&#8243; custom_padding=&#8220;|||&#8220; global_colors_info=&#8220;{}&#8220; custom_padding__hover=&#8220;|||&#8220;][et_pb_row_inner column_structure=&#8220;1_2,1_2&#8243; _builder_version=&#8220;4.16&#8243; global_colors_info=&#8220;{}&#8220;][et_pb_column_inner type=&#8220;1_2&#8243; saved_specialty_column_type=&#8220;2_3&#8243; _builder_version=&#8220;4.16&#8243; custom_padding=&#8220;|||&#8220; global_colors_info=&#8220;{}&#8220; custom_padding__hover=&#8220;|||&#8220;][et_pb_blurb title=&#8220;Pressedossier&#8220; image=&#8220;https:\/\/sustainablealmond.eu\/wp-content\/uploads\/2023\/05\/dossier.png&#8220; image_icon_width=&#8220;90px&#8220; content_max_width=&#8220;800px&#8220; image_icon_width_last_edited=&#8220;off|phone&#8220; _builder_version=&#8220;4.27.0&#8243; header_font=&#8220;Rns Sanz|700|||||||&#8220; header_text_color=&#8220;#ad521b&#8220; header_font_size=&#8220;26px&#8220; body_font=&#8220;Rns Sanz||||||||&#8220; body_font_size=&#8220;18px&#8220; body_line_height=&#8220;1.2em&#8220; background_color=&#8220;rgba(255,255,255,0.4)&#8220; text_orientation=&#8220;center&#8220; custom_margin_tablet=&#8220;||-40px&#8220; custom_margin_last_edited=&#8220;off|desktop&#8220; custom_padding=&#8220;80px|30px|80px|30px|true|true&#8220; custom_padding_tablet=&#8220;30px||30px||true&#8220; custom_padding_phone=&#8220;&#8220; custom_padding_last_edited=&#8220;on|desktop&#8220; animation=&#8220;off&#8220; hover_enabled=&#8220;0&#8243; header_font_size_tablet=&#8220;&#8220; header_font_size_phone=&#8220;21px&#8220; header_font_size_last_edited=&#8220;on|phone&#8220; body_font_size_tablet=&#8220;&#8220; body_font_size_phone=&#8220;16px&#8220; body_font_size_last_edited=&#8220;on|phone&#8220; body_line_height_tablet=&#8220;&#8220; body_line_height_phone=&#8220;1.8em&#8220; body_line_height_last_edited=&#8220;on|phone&#8220; border_radii=&#8220;on|20px|20px|20px|20px&#8220; border_width_all=&#8220;2px&#8220; border_color_all=&#8220;#f2ba44&#8243; box_shadow_style=&#8220;preset6&#8243; box_shadow_blur=&#8220;0px&#8220; box_shadow_spread=&#8220;2px&#8220; box_shadow_color=&#8220;rgba(0,0,0,0.1)&#8220; image_max_width=&#8220;90px&#8220; image_max_width_last_edited=&#8220;off|phone&#8220; locked=&#8220;off&#8220; global_colors_info=&#8220;{}&#8220; sticky_enabled=&#8220;0&#8243;]&nbsp;<\/p>\n<p><a href=\"https:\/\/sustainablealmond.eu\/wp-content\/uploads\/2026\/01\/DE_Press-dossier_Sustainable-EU-Almond-2025.pdf\" target=\"_blank\" rel=\"noopener\">Pdf downloaden<\/a>[\/et_pb_blurb][\/et_pb_column_inner][et_pb_column_inner type=&#8220;1_2&#8243; saved_specialty_column_type=&#8220;2_3&#8243; _builder_version=&#8220;4.16&#8243; custom_padding=&#8220;|||&#8220; global_colors_info=&#8220;{}&#8220; custom_padding__hover=&#8220;|||&#8220;][et_pb_blurb title=&#8220;Schokoladentrends f\u00fcr den Herbst 2025: nachhaltiger, ges\u00fcnder und pflanzlicher mit europ\u00e4ischen Mandeln&#8220; image=&#8220;https:\/\/sustainablealmond.eu\/wp-content\/uploads\/2023\/05\/nota.png&#8220; image_icon_width=&#8220;90px&#8220; content_max_width=&#8220;800px&#8220; image_icon_width_last_edited=&#8220;off|phone&#8220; _builder_version=&#8220;4.27.0&#8243; header_font=&#8220;Rns Sanz|700|||||||&#8220; header_text_color=&#8220;#ad521b&#8220; header_font_size=&#8220;26px&#8220; body_font=&#8220;Rns Sanz||||||||&#8220; body_font_size=&#8220;18px&#8220; body_line_height=&#8220;1.2em&#8220; background_color=&#8220;rgba(255,255,255,0.4)&#8220; text_orientation=&#8220;center&#8220; custom_margin_tablet=&#8220;||-40px&#8220; custom_margin_last_edited=&#8220;off|desktop&#8220; custom_padding=&#8220;80px|30px|80px|30px|true|true&#8220; custom_padding_tablet=&#8220;30px||30px||true&#8220; custom_padding_phone=&#8220;&#8220; custom_padding_last_edited=&#8220;on|desktop&#8220; animation=&#8220;off&#8220; header_font_size_tablet=&#8220;&#8220; header_font_size_phone=&#8220;21px&#8220; header_font_size_last_edited=&#8220;on|phone&#8220; body_font_size_tablet=&#8220;&#8220; body_font_size_phone=&#8220;16px&#8220; body_font_size_last_edited=&#8220;on|phone&#8220; body_line_height_tablet=&#8220;&#8220; body_line_height_phone=&#8220;1.8em&#8220; body_line_height_last_edited=&#8220;on|phone&#8220; border_radii=&#8220;on|20px|20px|20px|20px&#8220; border_width_all=&#8220;2px&#8220; border_color_all=&#8220;#f2ba44&#8243; box_shadow_style=&#8220;preset6&#8243; box_shadow_blur=&#8220;0px&#8220; box_shadow_spread=&#8220;2px&#8220; box_shadow_color=&#8220;rgba(0,0,0,0.1)&#8220; image_max_width=&#8220;90px&#8220; image_max_width_last_edited=&#8220;off|phone&#8220; locked=&#8220;off&#8220; global_colors_info=&#8220;{}&#8220;]<\/p>\n<p>&nbsp;<\/p>\n<p>10\/10\/2025<\/p>\n<p><a href=\"https:\/\/sustainablealmond.eu\/wp-content\/uploads\/2025\/10\/DE_NDP_Sustainable-EU-Almond.pdf\" target=\"_blank\" rel=\"noopener\">Pdf downloaden<\/a><\/p>\n<p>[\/et_pb_blurb][\/et_pb_column_inner][\/et_pb_row_inner][et_pb_row_inner column_structure=&#8220;1_2,1_2&#8243; _builder_version=&#8220;4.16&#8243; global_colors_info=&#8220;{}&#8220;][et_pb_column_inner type=&#8220;1_2&#8243; saved_specialty_column_type=&#8220;2_3&#8243; _builder_version=&#8220;4.16&#8243; custom_padding=&#8220;|||&#8220; global_colors_info=&#8220;{}&#8220; custom_padding__hover=&#8220;|||&#8220;][et_pb_blurb title=&#8220;Portugal und Spanien lancieren mit vereinten Kra\u0308ften eine Kampagne zur Bewerbung der Nachhaltigkeit und Qualita\u0308t der europa\u0308ischen Mandel&#8220; image=&#8220;https:\/\/sustainablealmond.eu\/wp-content\/uploads\/2023\/05\/nota.png&#8220; image_icon_width=&#8220;90px&#8220; content_max_width=&#8220;800px&#8220; image_icon_width_last_edited=&#8220;off|phone&#8220; _builder_version=&#8220;4.20.4&#8243; header_font=&#8220;Rns Sanz|700|||||||&#8220; header_text_color=&#8220;#ad521b&#8220; header_font_size=&#8220;26px&#8220; body_font=&#8220;Rns Sanz||||||||&#8220; body_font_size=&#8220;18px&#8220; body_line_height=&#8220;1.2em&#8220; background_color=&#8220;rgba(255,255,255,0.4)&#8220; text_orientation=&#8220;center&#8220; custom_margin_tablet=&#8220;||-40px&#8220; custom_margin_last_edited=&#8220;off|desktop&#8220; custom_padding=&#8220;80px|30px|80px|30px|true|true&#8220; custom_padding_tablet=&#8220;30px||30px||true&#8220; custom_padding_phone=&#8220;&#8220; custom_padding_last_edited=&#8220;on|desktop&#8220; animation=&#8220;off&#8220; header_font_size_tablet=&#8220;&#8220; header_font_size_phone=&#8220;21px&#8220; header_font_size_last_edited=&#8220;on|phone&#8220; body_font_size_tablet=&#8220;&#8220; body_font_size_phone=&#8220;16px&#8220; body_font_size_last_edited=&#8220;on|phone&#8220; body_line_height_tablet=&#8220;&#8220; body_line_height_phone=&#8220;1.8em&#8220; body_line_height_last_edited=&#8220;on|phone&#8220; border_radii=&#8220;on|20px|20px|20px|20px&#8220; border_width_all=&#8220;2px&#8220; border_color_all=&#8220;#f2ba44&#8243; box_shadow_style=&#8220;preset6&#8243; box_shadow_blur=&#8220;0px&#8220; box_shadow_spread=&#8220;2px&#8220; box_shadow_color=&#8220;rgba(0,0,0,0.1)&#8220; image_max_width=&#8220;90px&#8220; image_max_width_last_edited=&#8220;off|phone&#8220; locked=&#8220;off&#8220; global_colors_info=&#8220;{}&#8220;]<\/p>\n<p>&nbsp;<\/p>\n<p>04\/05\/2023<\/p>\n<p><a href=\"https:\/\/sustainablealmond.eu\/wp-content\/uploads\/2023\/07\/Pressemitteilung-Europaischen-Mandel-Kampagne_DE.pdf\" target=\"_blank\" rel=\"noopener\">Pdf downloaden<\/a><\/p>\n<p>[\/et_pb_blurb][\/et_pb_column_inner][et_pb_column_inner type=&#8220;1_2&#8243; saved_specialty_column_type=&#8220;2_3&#8243; _builder_version=&#8220;4.16&#8243; custom_padding=&#8220;|||&#8220; global_colors_info=&#8220;{}&#8220; custom_padding__hover=&#8220;|||&#8220;][\/et_pb_column_inner][\/et_pb_row_inner][\/et_pb_column][et_pb_column type=&#8220;1_3&#8243; _builder_version=&#8220;4.16&#8243; custom_padding=&#8220;|||&#8220; global_colors_info=&#8220;{}&#8220; custom_padding__hover=&#8220;|||&#8220;][et_pb_blurb title=&#8220;Nachhaltigeres Marzipan, Vanillekipferl oder Bremer Klaben erstklassiger Qualit\u00e4t\u2026 wie die europ\u00e4ische Mandel die deutsche Weihnacht erobert&#8220; image=&#8220;https:\/\/sustainablealmond.eu\/wp-content\/uploads\/2023\/05\/nota.png&#8220; image_icon_width=&#8220;90px&#8220; content_max_width=&#8220;800px&#8220; image_icon_width_last_edited=&#8220;off|phone&#8220; _builder_version=&#8220;4.27.0&#8243; header_font=&#8220;Rns Sanz|700|||||||&#8220; header_text_color=&#8220;#ad521b&#8220; header_font_size=&#8220;26px&#8220; body_font=&#8220;Rns Sanz||||||||&#8220; body_font_size=&#8220;18px&#8220; body_line_height=&#8220;1.2em&#8220; background_color=&#8220;rgba(255,255,255,0.4)&#8220; text_orientation=&#8220;center&#8220; custom_margin_tablet=&#8220;||-40px&#8220; custom_margin_last_edited=&#8220;off|desktop&#8220; custom_padding=&#8220;80px|30px|80px|30px|true|true&#8220; custom_padding_tablet=&#8220;30px||30px||true&#8220; custom_padding_phone=&#8220;&#8220; custom_padding_last_edited=&#8220;on|desktop&#8220; animation=&#8220;off&#8220; header_font_size_tablet=&#8220;&#8220; header_font_size_phone=&#8220;21px&#8220; header_font_size_last_edited=&#8220;on|phone&#8220; body_font_size_tablet=&#8220;&#8220; body_font_size_phone=&#8220;16px&#8220; body_font_size_last_edited=&#8220;on|phone&#8220; body_line_height_tablet=&#8220;&#8220; body_line_height_phone=&#8220;1.8em&#8220; body_line_height_last_edited=&#8220;on|phone&#8220; border_radii=&#8220;on|20px|20px|20px|20px&#8220; border_width_all=&#8220;2px&#8220; border_color_all=&#8220;#f2ba44&#8243; box_shadow_style=&#8220;preset6&#8243; box_shadow_blur=&#8220;0px&#8220; box_shadow_spread=&#8220;2px&#8220; box_shadow_color=&#8220;rgba(0,0,0,0.1)&#8220; image_max_width=&#8220;90px&#8220; image_max_width_last_edited=&#8220;off|phone&#8220; locked=&#8220;off&#8220; global_colors_info=&#8220;{}&#8220;]&nbsp;<\/p>\n<p>05\/12\/2024<\/p>\n<p><a href=\"https:\/\/sustainablealmond.eu\/wp-content\/uploads\/2024\/12\/Pressemitteilung-Weihnacht-Sustainable-EU-Almond-2024.pdf\" target=\"_blank\" rel=\"noopener\">Pdf downloaden<\/a>[\/et_pb_blurb][\/et_pb_column][\/et_pb_section]<\/p>\n","protected":false},"excerpt":{"rendered":"<p>PresseInformieren Sie sich \u00fcber die neuesten Nachrichten zum Thema europ\u00e4ische Mandeln auf den M\u00e4rkten in Deutschland, Spanien, Frankreich und Portugal.&nbsp; Pdf downloaden&nbsp; 10\/10\/2025 Pdf downloaden&nbsp; 04\/05\/2023 Pdf downloaden&nbsp; 05\/12\/2024 Pdf downloaden<\/p>\n","protected":false},"author":1,"featured_media":0,"parent":0,"menu_order":0,"comment_status":"closed","ping_status":"closed","template":"","meta":{"_et_pb_use_builder":"on","_et_pb_old_content":"","_et_gb_content_width":"","footnotes":""},"class_list":["post-243420","page","type-page","status-publish","hentry"],"_links":{"self":[{"href":"https:\/\/sustainablealmond.eu\/de\/wp-json\/wp\/v2\/pages\/243420"}],"collection":[{"href":"https:\/\/sustainablealmond.eu\/de\/wp-json\/wp\/v2\/pages"}],"about":[{"href":"https:\/\/sustainablealmond.eu\/de\/wp-json\/wp\/v2\/types\/page"}],"author":[{"embeddable":true,"href":"https:\/\/sustainablealmond.eu\/de\/wp-json\/wp\/v2\/users\/1"}],"replies":[{"embeddable":true,"href":"https:\/\/sustainablealmond.eu\/de\/wp-json\/wp\/v2\/comments?post=243420"}],"version-history":[{"count":10,"href":"https:\/\/sustainablealmond.eu\/de\/wp-json\/wp\/v2\/pages\/243420\/revisions"}],"predecessor-version":[{"id":244640,"href":"https:\/\/sustainablealmond.eu\/de\/wp-json\/wp\/v2\/pages\/243420\/revisions\/244640"}],"wp:attachment":[{"href":"https:\/\/sustainablealmond.eu\/de\/wp-json\/wp\/v2\/media?parent=243420"}],"curies":[{"name":"wp","href":"https:\/\/api.w.org\/{rel}","templated":true}]}}