{"id":244549,"date":"2025-10-15T11:20:03","date_gmt":"2025-10-15T11:20:03","guid":{"rendered":"https:\/\/sustainablealmond.eu\/fruit-attraction-2025\/"},"modified":"2025-10-15T11:48:54","modified_gmt":"2025-10-15T11:48:54","slug":"fruit-attraction-2025","status":"publish","type":"page","link":"https:\/\/sustainablealmond.eu\/de\/fruit-attraction-2025\/","title":{"rendered":"Fruit Attraction 2025"},"content":{"rendered":"<p>[et_pb_section fb_built=&#8220;1&#8243; custom_padding_last_edited=&#8220;on|tablet&#8220; next_background_color=&#8220;#ffffff&#8220; admin_label=&#8220;Header&#8220; _builder_version=&#8220;4.20.4&#8243; background_color=&#8220;#fcfaf7&#8243; background_image=&#8220;https:\/\/sustainablealmond.eu\/wp-content\/uploads\/2023\/04\/header_almond_picture.png&#8220; background_size=&#8220;initial&#8220; background_position=&#8220;top_center&#8220; custom_padding_tablet=&#8220;||0vw|&#8220; custom_padding_phone=&#8220;&#8220; bottom_divider_style=&#8220;wave&#8220; bottom_divider_height=&#8220;80%&#8220; bottom_divider_repeat=&#8220;0.6x&#8220; bottom_divider_flip=&#8220;vertical|horizontal&#8220; da_disable_devices=&#8220;off|off|off&#8220; global_colors_info=&#8220;{}&#8220; da_is_popup=&#8220;off&#8220; da_exit_intent=&#8220;off&#8220; da_has_close=&#8220;on&#8220; da_alt_close=&#8220;off&#8220; da_dark_close=&#8220;off&#8220; da_not_modal=&#8220;on&#8220; da_is_singular=&#8220;off&#8220; da_with_loader=&#8220;off&#8220; da_has_shadow=&#8220;on&#8220;][et_pb_row column_structure=&#8220;3_5,2_5&#8243; _builder_version=&#8220;4.16&#8243; custom_margin=&#8220;100px||&#8220; custom_margin_tablet=&#8220;||&#8220; custom_margin_phone=&#8220;0px|||&#8220; custom_margin_last_edited=&#8220;on|tablet&#8220; global_colors_info=&#8220;{}&#8220;][et_pb_column type=&#8220;3_5&#8243; _builder_version=&#8220;4.16&#8243; custom_padding=&#8220;|||&#8220; global_colors_info=&#8220;{}&#8220; custom_padding__hover=&#8220;|||&#8220;][et_pb_text _builder_version=&#8220;4.27.0&#8243; header_font=&#8220;Rns Sanz|700|||||||&#8220; header_text_color=&#8220;#ad521b&#8220; header_font_size=&#8220;60px&#8220; header_letter_spacing=&#8220;1px&#8220; header_line_height=&#8220;1.2em&#8220; header_font_size_tablet=&#8220;40px&#8220; header_font_size_phone=&#8220;34px&#8220; header_font_size_last_edited=&#8220;on|phone&#8220; header_letter_spacing_tablet=&#8220;0px&#8220; header_letter_spacing_phone=&#8220;0px&#8220; header_letter_spacing_last_edited=&#8220;on|tablet&#8220; global_colors_info=&#8220;{}&#8220;]<\/p>\n<h1>Fruit Attraction 2025<\/h1>\n<p>[\/et_pb_text][et_pb_text _builder_version=&#8220;4.27.0&#8243; text_font=&#8220;Rns Sanz||||||||&#8220; text_letter_spacing=&#8220;0.5px&#8220; text_line_height=&#8220;1.5em&#8220; transform_scale_tablet=&#8220;&#8220; transform_scale_phone=&#8220;&#8220; transform_scale_last_edited=&#8220;on|desktop&#8220; transform_translate_tablet=&#8220;&#8220; transform_translate_phone=&#8220;&#8220; transform_translate_last_edited=&#8220;on|desktop&#8220; transform_rotate_tablet=&#8220;&#8220; transform_rotate_phone=&#8220;&#8220; transform_rotate_last_edited=&#8220;on|desktop&#8220; transform_skew_tablet=&#8220;&#8220; transform_skew_phone=&#8220;&#8220; transform_skew_last_edited=&#8220;on|desktop&#8220; transform_origin_tablet=&#8220;&#8220; transform_origin_phone=&#8220;&#8220; transform_origin_last_edited=&#8220;on|desktop&#8220; transform_styles_last_edited=&#8220;on|desktop&#8220; text_font_size_tablet=&#8220;16px&#8220; text_font_size_phone=&#8220;14px&#8220; text_font_size_last_edited=&#8220;on|phone&#8220; text_letter_spacing_tablet=&#8220;&#8220; text_letter_spacing_phone=&#8220;0px&#8220; text_letter_spacing_last_edited=&#8220;on|tablet&#8220; transform_styles_tablet=&#8220;&#8220; transform_styles_phone=&#8220;&#8220; global_colors_info=&#8220;{}&#8220;]<\/p>\n<p>Die Fruit Attraction 2025 war der ideale Treffpunkt, um die Botschaft von Nachhaltigkeit und Qualit\u00e4t europ\u00e4ischer Mandeln weiterzutragen. In Madrid pr\u00e4sentierte sich die Kampagne Sustainable EU Almond mit ihrem Engagement f\u00fcr eine verantwortungsvolle und umweltfreundliche Produktion. Unser Maskottchen, das Eichh\u00f6rnchen, begeisterte erneut die Besucher und vermittelte die Werte der Nachhaltigkeit und europ\u00e4ischen Herkunft, die unsere Mandeln auszeichnen.<\/p>\n<p>[\/et_pb_text][\/et_pb_column][et_pb_column type=&#8220;2_5&#8243; _builder_version=&#8220;4.16&#8243; custom_padding=&#8220;|||&#8220; global_colors_info=&#8220;{}&#8220; custom_padding__hover=&#8220;|||&#8220;][et_pb_image src=&#8220;https:\/\/sustainablealmond.eu\/wp-content\/uploads\/2025\/10\/FRUIT_ATTRACTION_logo.png&#8220; title_text=&#8220;FRUIT_ATTRACTION_logo&#8220; align=&#8220;right&#8220; _builder_version=&#8220;4.27.0&#8243; width_tablet=&#8220;80%&#8220; width_phone=&#8220;100%&#8220; width_last_edited=&#8220;on|phone&#8220; module_alignment=&#8220;center&#8220; custom_margin=&#8220;|||&#8220; always_center_on_mobile=&#8220;off&#8220; global_colors_info=&#8220;{}&#8220;][\/et_pb_image][\/et_pb_column][\/et_pb_row][et_pb_row _builder_version=&#8220;4.27.0&#8243; _module_preset=&#8220;default&#8220; global_colors_info=&#8220;{}&#8220;][et_pb_column type=&#8220;4_4&#8243; _builder_version=&#8220;4.27.0&#8243; _module_preset=&#8220;default&#8220; global_colors_info=&#8220;{}&#8220;][et_pb_gallery gallery_ids=&#8220;244430,244435,244440,244445,244450,244455,244460,244465&#8243; posts_number=&#8220;20&#8243; show_title_and_caption=&#8220;off&#8220; show_pagination=&#8220;off&#8220; _builder_version=&#8220;4.27.0&#8243; _module_preset=&#8220;default&#8220; global_colors_info=&#8220;{}&#8220;][\/et_pb_gallery][\/et_pb_column][\/et_pb_row][\/et_pb_section]<\/p>\n","protected":false},"excerpt":{"rendered":"<p>Fruit Attraction 2025Die Fruit Attraction 2025 war der ideale Treffpunkt, um die Botschaft von Nachhaltigkeit und Qualit\u00e4t europ\u00e4ischer Mandeln weiterzutragen. In Madrid pr\u00e4sentierte sich die Kampagne Sustainable EU Almond mit ihrem Engagement f\u00fcr eine verantwortungsvolle und umweltfreundliche Produktion. Unser Maskottchen, das Eichh\u00f6rnchen, begeisterte erneut die Besucher und vermittelte die Werte der Nachhaltigkeit und europ\u00e4ischen Herkunft, [&hellip;]<\/p>\n","protected":false},"author":1,"featured_media":0,"parent":0,"menu_order":0,"comment_status":"closed","ping_status":"closed","template":"","meta":{"_et_pb_use_builder":"on","_et_pb_old_content":"","_et_gb_content_width":"","footnotes":""},"class_list":["post-244549","page","type-page","status-publish","hentry"],"_links":{"self":[{"href":"https:\/\/sustainablealmond.eu\/de\/wp-json\/wp\/v2\/pages\/244549"}],"collection":[{"href":"https:\/\/sustainablealmond.eu\/de\/wp-json\/wp\/v2\/pages"}],"about":[{"href":"https:\/\/sustainablealmond.eu\/de\/wp-json\/wp\/v2\/types\/page"}],"author":[{"embeddable":true,"href":"https:\/\/sustainablealmond.eu\/de\/wp-json\/wp\/v2\/users\/1"}],"replies":[{"embeddable":true,"href":"https:\/\/sustainablealmond.eu\/de\/wp-json\/wp\/v2\/comments?post=244549"}],"version-history":[{"count":5,"href":"https:\/\/sustainablealmond.eu\/de\/wp-json\/wp\/v2\/pages\/244549\/revisions"}],"predecessor-version":[{"id":244554,"href":"https:\/\/sustainablealmond.eu\/de\/wp-json\/wp\/v2\/pages\/244549\/revisions\/244554"}],"wp:attachment":[{"href":"https:\/\/sustainablealmond.eu\/de\/wp-json\/wp\/v2\/media?parent=244549"}],"curies":[{"name":"wp","href":"https:\/\/api.w.org\/{rel}","templated":true}]}}