{"id":243267,"date":"2023-04-26T16:07:01","date_gmt":"2023-04-26T16:07:01","guid":{"rendered":"https:\/\/sustainablealmond.eu\/modele-de-production-europeen\/"},"modified":"2023-07-04T12:37:37","modified_gmt":"2023-07-04T12:37:37","slug":"modele-de-production-europeen","status":"publish","type":"page","link":"https:\/\/sustainablealmond.eu\/fr\/modele-de-production-europeen\/","title":{"rendered":"Mod\u00e8le de production europ\u00e9en"},"content":{"rendered":"<p>[et_pb_section fb_built=\u00a0\u00bb1&Prime; admin_label=\u00a0\u00bbAbout\u00a0\u00bb _builder_version=\u00a0\u00bb4.20.4&Prime; background_image=\u00a0\u00bbhttps:\/\/sustainablealmond.eu\/wp-content\/uploads\/2023\/04\/right.jpg\u00a0\u00bb background_size=\u00a0\u00bbinitial\u00a0\u00bb background_position=\u00a0\u00bbbottom_center\u00a0\u00bb global_colors_info=\u00a0\u00bb{}\u00a0\u00bb][et_pb_row column_structure=\u00a0\u00bb2_5,3_5&Prime; _builder_version=\u00a0\u00bb4.16&Prime; global_colors_info=\u00a0\u00bb{}\u00a0\u00bb][et_pb_column type=\u00a0\u00bb2_5&Prime; _builder_version=\u00a0\u00bb4.16&Prime; custom_padding=\u00a0\u00bb|||\u00a0\u00bb global_colors_info=\u00a0\u00bb{}\u00a0\u00bb custom_padding__hover=\u00a0\u00bb|||\u00a0\u00bb][et_pb_image src=\u00a0\u00bbhttps:\/\/sustainablealmond.eu\/wp-content\/uploads\/2023\/04\/almond_02.jpg\u00a0\u00bb title_text=\u00a0\u00bbalmond_02&Prime; align_tablet=\u00a0\u00bbcenter\u00a0\u00bb align_phone=\u00a0\u00bb\u00a0\u00bb align_last_edited=\u00a0\u00bbon|desktop\u00a0\u00bb _builder_version=\u00a0\u00bb4.20.4&Prime; transform_origin=\u00a0\u00bb100%|0%\u00a0\u00bb width_tablet=\u00a0\u00bb50%\u00a0\u00bb width_phone=\u00a0\u00bb\u00a0\u00bb width_last_edited=\u00a0\u00bbon|tablet\u00a0\u00bb custom_margin=\u00a0\u00bb4vw|||-15vw|false|false\u00a0\u00bb custom_margin_tablet=\u00a0\u00bb0vw|||0vw\u00a0\u00bb custom_margin_phone=\u00a0\u00bb\u00a0\u00bb custom_margin_last_edited=\u00a0\u00bbon|tablet\u00a0\u00bb global_colors_info=\u00a0\u00bb{}\u00a0\u00bb][\/et_pb_image][\/et_pb_column][et_pb_column type=\u00a0\u00bb3_5&Prime; _builder_version=\u00a0\u00bb4.16&Prime; custom_padding=\u00a0\u00bb|||\u00a0\u00bb global_colors_info=\u00a0\u00bb{}\u00a0\u00bb custom_padding__hover=\u00a0\u00bb|||\u00a0\u00bb][et_pb_text _builder_version=\u00a0\u00bb4.20.4&Prime; header_font=\u00a0\u00bbRns Sanz||||||||\u00a0\u00bb header_font_size=\u00a0\u00bb60px\u00a0\u00bb header_2_font=\u00a0\u00bbCormorant Garamond|700|||||||\u00a0\u00bb header_2_text_color=\u00a0\u00bb#002855&Prime; header_2_font_size=\u00a0\u00bb50px\u00a0\u00bb header_2_line_height=\u00a0\u00bb1.2em\u00a0\u00bb header_font_size_tablet=\u00a0\u00bb40px\u00a0\u00bb header_font_size_phone=\u00a0\u00bb34px\u00a0\u00bb header_font_size_last_edited=\u00a0\u00bbon|desktop\u00a0\u00bb header_2_font_size_tablet=\u00a0\u00bb36px\u00a0\u00bb header_2_font_size_phone=\u00a0\u00bb28px\u00a0\u00bb header_2_font_size_last_edited=\u00a0\u00bbon|phone\u00a0\u00bb header_2_letter_spacing_tablet=\u00a0\u00bb0px\u00a0\u00bb header_2_letter_spacing_phone=\u00a0\u00bb0px\u00a0\u00bb header_2_letter_spacing_last_edited=\u00a0\u00bboff|tablet\u00a0\u00bb global_colors_info=\u00a0\u00bb{}\u00a0\u00bb]<\/p>\n<h1>Mod\u00e8le de production europ\u00e9en<\/h1>\n<p>[\/et_pb_text][et_pb_text _builder_version=\u00a0\u00bb4.20.4&Prime; text_font=\u00a0\u00bbRns Sanz|500|||||||\u00a0\u00bb text_letter_spacing=\u00a0\u00bb0.5px\u00a0\u00bb text_line_height=\u00a0\u00bb2em\u00a0\u00bb transform_scale_tablet=\u00a0\u00bb\u00a0\u00bb transform_scale_phone=\u00a0\u00bb\u00a0\u00bb transform_scale_last_edited=\u00a0\u00bbon|desktop\u00a0\u00bb transform_translate_tablet=\u00a0\u00bb\u00a0\u00bb transform_translate_phone=\u00a0\u00bb\u00a0\u00bb transform_translate_last_edited=\u00a0\u00bbon|desktop\u00a0\u00bb transform_rotate_tablet=\u00a0\u00bb\u00a0\u00bb transform_rotate_phone=\u00a0\u00bb\u00a0\u00bb transform_rotate_last_edited=\u00a0\u00bbon|desktop\u00a0\u00bb transform_skew_tablet=\u00a0\u00bb\u00a0\u00bb transform_skew_phone=\u00a0\u00bb\u00a0\u00bb transform_skew_last_edited=\u00a0\u00bbon|desktop\u00a0\u00bb transform_origin_tablet=\u00a0\u00bb\u00a0\u00bb transform_origin_phone=\u00a0\u00bb\u00a0\u00bb transform_origin_last_edited=\u00a0\u00bbon|desktop\u00a0\u00bb transform_styles_last_edited=\u00a0\u00bbon|desktop\u00a0\u00bb hover_enabled=\u00a0\u00bb0&Prime; text_font_size_tablet=\u00a0\u00bb16px\u00a0\u00bb text_font_size_phone=\u00a0\u00bb14px\u00a0\u00bb text_font_size_last_edited=\u00a0\u00bbon|phone\u00a0\u00bb text_letter_spacing_tablet=\u00a0\u00bb\u00a0\u00bb text_letter_spacing_phone=\u00a0\u00bb0px\u00a0\u00bb text_letter_spacing_last_edited=\u00a0\u00bbon|tablet\u00a0\u00bb transform_styles_tablet=\u00a0\u00bb\u00a0\u00bb transform_styles_phone=\u00a0\u00bb\u00a0\u00bb global_colors_info=\u00a0\u00bb{}\u00a0\u00bb sticky_enabled=\u00a0\u00bb0&Prime;]<\/p>\n<p>En plus de tout ce qui a \u00e9t\u00e9 mentionn\u00e9, il convient de souligner que l&rsquo;amande ib\u00e9rique fait partie du <strong>mod\u00e8le de production le plus exigeant<\/strong> au monde en termes de durabilit\u00e9 environnementale, de s\u00e9curit\u00e9 alimentaire et de qualit\u00e9\u00a0: le mod\u00e8le europ\u00e9en.<\/p>\n<p>Elle doit donc respecter une une s\u00e9rie de conditions tr\u00e8s strictes en termes de pratiques agricoles et d&rsquo;utilisation de produits phytopharmaceutiques, entre autres.<\/p>\n<p>En ce qui concerne la s\u00e9curit\u00e9 alimentaire, les partenaires SAB-Almendrave et CNCFS appliquent le protocole mondial de s\u00e9curit\u00e9 alimentaire et travaillent selon un <strong>syst\u00e8me d&rsquo;analyse des risques et de ma\u00eetrise des points critiques (ARMPC).<\/strong> Pour ce faire, ils disposent de leurs propres laboratoires, enti\u00e8rement \u00e9quip\u00e9s et sp\u00e9cialis\u00e9s dans la r\u00e9alisation de tous types d&rsquo;analyses, conform\u00e9ment aux r\u00e9glementations en vigueur, afin de garantir une qualit\u00e9 optimale.<\/p>\n<p>En outre, SAB-Almendrave a adh\u00e9r\u00e9 au <strong>Code de conduite sur les pratiques commerciales et de marketing responsables,<\/strong> un outil cl\u00e9 de la strat\u00e9gie \u00ab\u00a0De la ferme \u00e0 la table\u00a0\u00bb de la Commission europ\u00e9enne. Ainsi, elle encourage ses membres \u00e0 mettre en \u0153uvre des actions de durabilit\u00e9 et des pratiques commerciales visant \u00e0 atteindre des objectifs ambitieux.<\/p>\n<p>Et, dans un souci d&rsquo;innovation, cette organisation est \u00e9galement un membre repr\u00e9sentant du <strong>Groupe op\u00e9rationnel<\/strong>\u00a0:<strong> d\u00e9tection et \u00e9radication de l\u2019amande am\u00e8re.<\/strong> Ce projet vise \u00e0 d\u00e9velopper des syst\u00e8mes capables de d\u00e9tecter et d&rsquo;\u00e9liminer les amandes am\u00e8res dans les cargaisons de produits sucr\u00e9s gr\u00e2ce \u00e0 la technologie, sans utiliser d&rsquo;agents chimiques dangereux ni g\u00e9n\u00e9rer de d\u00e9chets toxiques.<\/p>\n<p>[\/et_pb_text][\/et_pb_column][\/et_pb_row][\/et_pb_section]<\/p>\n","protected":false},"excerpt":{"rendered":"<p>Mod\u00e8le de production europ\u00e9enEn plus de tout ce qui a \u00e9t\u00e9 mentionn\u00e9, il convient de souligner que l&rsquo;amande ib\u00e9rique fait partie du mod\u00e8le de production le plus exigeant au monde en termes de durabilit\u00e9 environnementale, de s\u00e9curit\u00e9 alimentaire et de qualit\u00e9\u00a0: le mod\u00e8le europ\u00e9en. Elle doit donc respecter une une s\u00e9rie de conditions tr\u00e8s strictes [&hellip;]<\/p>\n","protected":false},"author":1,"featured_media":0,"parent":0,"menu_order":0,"comment_status":"closed","ping_status":"closed","template":"","meta":{"_et_pb_use_builder":"on","_et_pb_old_content":"","_et_gb_content_width":"","footnotes":""},"class_list":["post-243267","page","type-page","status-publish","hentry"],"_links":{"self":[{"href":"https:\/\/sustainablealmond.eu\/fr\/wp-json\/wp\/v2\/pages\/243267"}],"collection":[{"href":"https:\/\/sustainablealmond.eu\/fr\/wp-json\/wp\/v2\/pages"}],"about":[{"href":"https:\/\/sustainablealmond.eu\/fr\/wp-json\/wp\/v2\/types\/page"}],"author":[{"embeddable":true,"href":"https:\/\/sustainablealmond.eu\/fr\/wp-json\/wp\/v2\/users\/1"}],"replies":[{"embeddable":true,"href":"https:\/\/sustainablealmond.eu\/fr\/wp-json\/wp\/v2\/comments?post=243267"}],"version-history":[{"count":3,"href":"https:\/\/sustainablealmond.eu\/fr\/wp-json\/wp\/v2\/pages\/243267\/revisions"}],"predecessor-version":[{"id":243275,"href":"https:\/\/sustainablealmond.eu\/fr\/wp-json\/wp\/v2\/pages\/243267\/revisions\/243275"}],"wp:attachment":[{"href":"https:\/\/sustainablealmond.eu\/fr\/wp-json\/wp\/v2\/media?parent=243267"}],"curies":[{"name":"wp","href":"https:\/\/api.w.org\/{rel}","templated":true}]}}