{"id":243270,"date":"2023-04-26T16:17:47","date_gmt":"2023-04-26T16:17:47","guid":{"rendered":"https:\/\/sustainablealmond.eu\/lutte-contre-le-depeuplement-rural\/"},"modified":"2023-07-04T12:41:50","modified_gmt":"2023-07-04T12:41:50","slug":"lutte-contre-le-depeuplement-rural","status":"publish","type":"page","link":"https:\/\/sustainablealmond.eu\/fr\/lutte-contre-le-depeuplement-rural\/","title":{"rendered":"Lutte contre le d\u00e9peuplement rural"},"content":{"rendered":"<p>[et_pb_section fb_built=\u00a0\u00bb1&Prime; custom_padding_last_edited=\u00a0\u00bbon|tablet\u00a0\u00bb next_background_color=\u00a0\u00bb#ffffff\u00a0\u00bb admin_label=\u00a0\u00bbHeader\u00a0\u00bb _builder_version=\u00a0\u00bb4.20.4&Prime; background_color=\u00a0\u00bb#fcfaf7&Prime; background_image=\u00a0\u00bbhttps:\/\/sustainablealmond.eu\/wp-content\/uploads\/2023\/04\/header_almond_picture.png\u00a0\u00bb background_size=\u00a0\u00bbinitial\u00a0\u00bb background_position=\u00a0\u00bbtop_center\u00a0\u00bb custom_padding_tablet=\u00a0\u00bb||0vw|\u00a0\u00bb custom_padding_phone=\u00a0\u00bb\u00a0\u00bb bottom_divider_style=\u00a0\u00bbwave\u00a0\u00bb bottom_divider_height=\u00a0\u00bb80%\u00a0\u00bb bottom_divider_repeat=\u00a0\u00bb0.6x\u00a0\u00bb bottom_divider_flip=\u00a0\u00bbvertical|horizontal\u00a0\u00bb global_colors_info=\u00a0\u00bb{}\u00a0\u00bb][et_pb_row column_structure=\u00a0\u00bb1_2,1_2&Prime; _builder_version=\u00a0\u00bb4.16&Prime; custom_margin=\u00a0\u00bb100px||\u00a0\u00bb custom_margin_tablet=\u00a0\u00bb||\u00a0\u00bb custom_margin_phone=\u00a0\u00bb0px|||\u00a0\u00bb custom_margin_last_edited=\u00a0\u00bbon|tablet\u00a0\u00bb global_colors_info=\u00a0\u00bb{}\u00a0\u00bb][et_pb_column type=\u00a0\u00bb1_2&Prime; _builder_version=\u00a0\u00bb4.16&Prime; custom_padding=\u00a0\u00bb|||\u00a0\u00bb global_colors_info=\u00a0\u00bb{}\u00a0\u00bb custom_padding__hover=\u00a0\u00bb|||\u00a0\u00bb][et_pb_text _builder_version=\u00a0\u00bb4.20.4&Prime; header_font=\u00a0\u00bbRns Sanz|700|||||||\u00a0\u00bb header_text_color=\u00a0\u00bb#ad521b\u00a0\u00bb header_font_size=\u00a0\u00bb60px\u00a0\u00bb header_letter_spacing=\u00a0\u00bb1px\u00a0\u00bb header_line_height=\u00a0\u00bb1.2em\u00a0\u00bb header_font_size_tablet=\u00a0\u00bb40px\u00a0\u00bb header_font_size_phone=\u00a0\u00bb34px\u00a0\u00bb header_font_size_last_edited=\u00a0\u00bbon|phone\u00a0\u00bb header_letter_spacing_tablet=\u00a0\u00bb0px\u00a0\u00bb header_letter_spacing_phone=\u00a0\u00bb0px\u00a0\u00bb header_letter_spacing_last_edited=\u00a0\u00bbon|tablet\u00a0\u00bb global_colors_info=\u00a0\u00bb{}\u00a0\u00bb]<\/p>\n<h1>Lutte contre le d\u00e9peuplement rural<\/h1>\n<p>[\/et_pb_text][et_pb_text _builder_version=\u00a0\u00bb4.20.4&Prime; text_font=\u00a0\u00bbRns Sanz||||||||\u00a0\u00bb text_letter_spacing=\u00a0\u00bb0.5px\u00a0\u00bb text_line_height=\u00a0\u00bb1.5em\u00a0\u00bb transform_scale_tablet=\u00a0\u00bb\u00a0\u00bb transform_scale_phone=\u00a0\u00bb\u00a0\u00bb transform_scale_last_edited=\u00a0\u00bbon|desktop\u00a0\u00bb transform_translate_tablet=\u00a0\u00bb\u00a0\u00bb transform_translate_phone=\u00a0\u00bb\u00a0\u00bb transform_translate_last_edited=\u00a0\u00bbon|desktop\u00a0\u00bb transform_rotate_tablet=\u00a0\u00bb\u00a0\u00bb transform_rotate_phone=\u00a0\u00bb\u00a0\u00bb transform_rotate_last_edited=\u00a0\u00bbon|desktop\u00a0\u00bb transform_skew_tablet=\u00a0\u00bb\u00a0\u00bb transform_skew_phone=\u00a0\u00bb\u00a0\u00bb transform_skew_last_edited=\u00a0\u00bbon|desktop\u00a0\u00bb transform_origin_tablet=\u00a0\u00bb\u00a0\u00bb transform_origin_phone=\u00a0\u00bb\u00a0\u00bb transform_origin_last_edited=\u00a0\u00bbon|desktop\u00a0\u00bb transform_styles_last_edited=\u00a0\u00bbon|desktop\u00a0\u00bb hover_enabled=\u00a0\u00bb0&Prime; text_font_size_tablet=\u00a0\u00bb16px\u00a0\u00bb text_font_size_phone=\u00a0\u00bb14px\u00a0\u00bb text_font_size_last_edited=\u00a0\u00bbon|phone\u00a0\u00bb text_letter_spacing_tablet=\u00a0\u00bb\u00a0\u00bb text_letter_spacing_phone=\u00a0\u00bb0px\u00a0\u00bb text_letter_spacing_last_edited=\u00a0\u00bbon|tablet\u00a0\u00bb transform_styles_tablet=\u00a0\u00bb\u00a0\u00bb transform_styles_phone=\u00a0\u00bb\u00a0\u00bb global_colors_info=\u00a0\u00bb{}\u00a0\u00bb sticky_enabled=\u00a0\u00bb0&Prime;]<\/p>\n<p>La durabilit\u00e9 de la culture des amandes ne se limite pas \u00e0 des consid\u00e9rations environnementales \u00e9tant donn\u00e9 qu&rsquo;il s&rsquo;agit \u00e9galement d&rsquo;un produit <strong>socialement durable.<\/strong><\/p>\n<p>[\/et_pb_text][et_pb_blurb title=\u00a0\u00bbEn effet, elle permet de :\u00a0\u00bb use_icon=\u00a0\u00bbon\u00a0\u00bb icon_placement=\u00a0\u00bbleft\u00a0\u00bb image_icon_width=\u00a0\u00bb90px\u00a0\u00bb content_max_width=\u00a0\u00bb800px\u00a0\u00bb image_icon_width_tablet=\u00a0\u00bb\u00a0\u00bb image_icon_width_phone=\u00a0\u00bb60px\u00a0\u00bb image_icon_width_last_edited=\u00a0\u00bbon|phone\u00a0\u00bb _builder_version=\u00a0\u00bb4.20.4&Prime; header_font=\u00a0\u00bbRns Sanz|700|||||||\u00a0\u00bb header_text_color=\u00a0\u00bb#ad521b\u00a0\u00bb header_font_size=\u00a0\u00bb26px\u00a0\u00bb body_font=\u00a0\u00bbRns Sanz||||||||\u00a0\u00bb body_font_size=\u00a0\u00bb16px\u00a0\u00bb body_line_height=\u00a0\u00bb1.3em\u00a0\u00bb background_color=\u00a0\u00bb#ffffff\u00a0\u00bb background_color_gradient_direction=\u00a0\u00bb-60deg\u00a0\u00bb custom_margin=\u00a0\u00bb||\u00a0\u00bb custom_padding=\u00a0\u00bb30px|30px|30px|30px|true|true\u00a0\u00bb animation=\u00a0\u00bboff\u00a0\u00bb hover_enabled=\u00a0\u00bb0&Prime; header_font_size_tablet=\u00a0\u00bb\u00a0\u00bb header_font_size_phone=\u00a0\u00bb21px\u00a0\u00bb header_font_size_last_edited=\u00a0\u00bbon|phone\u00a0\u00bb body_font_size_tablet=\u00a0\u00bb\u00a0\u00bb body_font_size_phone=\u00a0\u00bb14px\u00a0\u00bb body_font_size_last_edited=\u00a0\u00bbon|phone\u00a0\u00bb body_line_height_tablet=\u00a0\u00bb\u00a0\u00bb body_line_height_phone=\u00a0\u00bb1.8em\u00a0\u00bb body_line_height_last_edited=\u00a0\u00bbon|phone\u00a0\u00bb border_radii=\u00a0\u00bbon|20px|20px|20px|20px\u00a0\u00bb border_width_all=\u00a0\u00bb2px\u00a0\u00bb border_color_all=\u00a0\u00bb#f2ba44&Prime; box_shadow_style=\u00a0\u00bbpreset6&Prime; box_shadow_blur=\u00a0\u00bb0px\u00a0\u00bb box_shadow_spread=\u00a0\u00bb2px\u00a0\u00bb box_shadow_color=\u00a0\u00bbrgba(0,0,0,0.1)\u00a0\u00bb image_max_width=\u00a0\u00bb90px\u00a0\u00bb image_max_width_tablet=\u00a0\u00bb\u00a0\u00bb image_max_width_phone=\u00a0\u00bb60px\u00a0\u00bb image_max_width_last_edited=\u00a0\u00bbon|phone\u00a0\u00bb locked=\u00a0\u00bboff\u00a0\u00bb global_colors_info=\u00a0\u00bb{}\u00a0\u00bb sticky_enabled=\u00a0\u00bb0&Prime;]<\/p>\n<ul>\n<li>Garder la population dans les zones rurales.<\/li>\n<li>Encourager l&rsquo;esprit d&rsquo;entreprise.<\/li>\n<li>Cr\u00e9er de la richesse et un bien-\u00eatre dans les zones \u00e0 faible activit\u00e9 \u00e9conomique.La plupart des plantations sont en effet situ\u00e9es dans de petites et moyennes agglom\u00e9rations.<\/li>\n<li>Deux des quatre communaut\u00e9s autonomes espagnoles ayant la plus grande surface productive (Castille-La Manche et Aragon) font partie de ce que l&rsquo;on appelle \u00ab l&rsquo;Espagne vide \u00bb, o\u00f9 le d\u00e9peuplement est particuli\u00e8rement marqu\u00e9.<\/li>\n<li>Il en va de m\u00eame au Portugal : les quatre sous-r\u00e9gions de Tr\u00e1s-os-Montes, Beira Baja, Baixo Alentejo et Alto Alentejo font partie des r\u00e9gions pr\u00e9sentant la plus faible densit\u00e9 de population et la plus forte concentration de cultures d&rsquo;amandes.<\/li>\n<\/ul>\n<p>Il s&rsquo;agit donc d&rsquo;un secteur <strong>engag\u00e9 en faveur du territoire et de ses valeurs paysag\u00e8res,<\/strong> qui contribue activement \u00e0 leur pr\u00e9servation, ainsi qu&rsquo;\u00e0 la biodiversit\u00e9 de l&rsquo;\u00e9cosyst\u00e8me.<\/p>\n<p>[\/et_pb_blurb][\/et_pb_column][et_pb_column type=\u00a0\u00bb1_2&Prime; _builder_version=\u00a0\u00bb4.16&Prime; custom_padding=\u00a0\u00bb|||\u00a0\u00bb global_colors_info=\u00a0\u00bb{}\u00a0\u00bb custom_padding__hover=\u00a0\u00bb|||\u00a0\u00bb][et_pb_image src=\u00a0\u00bbhttps:\/\/sustainablealmond.eu\/wp-content\/uploads\/2023\/07\/mapa_poblacional_fr.png\u00a0\u00bb title_text=\u00a0\u00bbmapa_poblacional_fr\u00a0\u00bb align=\u00a0\u00bbright\u00a0\u00bb _builder_version=\u00a0\u00bb4.20.4&Prime; width_tablet=\u00a0\u00bb80%\u00a0\u00bb width_phone=\u00a0\u00bb100%\u00a0\u00bb width_last_edited=\u00a0\u00bbon|phone\u00a0\u00bb module_alignment=\u00a0\u00bbcenter\u00a0\u00bb custom_margin=\u00a0\u00bb|||\u00a0\u00bb hover_enabled=\u00a0\u00bb0&Prime; always_center_on_mobile=\u00a0\u00bboff\u00a0\u00bb global_colors_info=\u00a0\u00bb{}\u00a0\u00bb sticky_enabled=\u00a0\u00bb0&Prime;][\/et_pb_image][\/et_pb_column][\/et_pb_row][\/et_pb_section]<\/p>\n","protected":false},"excerpt":{"rendered":"<p>Lutte contre le d\u00e9peuplement ruralLa durabilit\u00e9 de la culture des amandes ne se limite pas \u00e0 des consid\u00e9rations environnementales \u00e9tant donn\u00e9 qu&rsquo;il s&rsquo;agit \u00e9galement d&rsquo;un produit socialement durable. Garder la population dans les zones rurales. Encourager l&rsquo;esprit d&rsquo;entreprise. Cr\u00e9er de la richesse et un bien-\u00eatre dans les zones \u00e0 faible activit\u00e9 \u00e9conomique.La plupart des plantations [&hellip;]<\/p>\n","protected":false},"author":1,"featured_media":0,"parent":0,"menu_order":0,"comment_status":"closed","ping_status":"closed","template":"","meta":{"_et_pb_use_builder":"on","_et_pb_old_content":"","_et_gb_content_width":"","footnotes":""},"class_list":["post-243270","page","type-page","status-publish","hentry"],"_links":{"self":[{"href":"https:\/\/sustainablealmond.eu\/fr\/wp-json\/wp\/v2\/pages\/243270"}],"collection":[{"href":"https:\/\/sustainablealmond.eu\/fr\/wp-json\/wp\/v2\/pages"}],"about":[{"href":"https:\/\/sustainablealmond.eu\/fr\/wp-json\/wp\/v2\/types\/page"}],"author":[{"embeddable":true,"href":"https:\/\/sustainablealmond.eu\/fr\/wp-json\/wp\/v2\/users\/1"}],"replies":[{"embeddable":true,"href":"https:\/\/sustainablealmond.eu\/fr\/wp-json\/wp\/v2\/comments?post=243270"}],"version-history":[{"count":3,"href":"https:\/\/sustainablealmond.eu\/fr\/wp-json\/wp\/v2\/pages\/243270\/revisions"}],"predecessor-version":[{"id":243280,"href":"https:\/\/sustainablealmond.eu\/fr\/wp-json\/wp\/v2\/pages\/243270\/revisions\/243280"}],"wp:attachment":[{"href":"https:\/\/sustainablealmond.eu\/fr\/wp-json\/wp\/v2\/media?parent=243270"}],"curies":[{"name":"wp","href":"https:\/\/api.w.org\/{rel}","templated":true}]}}