{"id":243452,"date":"2023-06-19T08:10:11","date_gmt":"2023-06-19T08:10:11","guid":{"rendered":"https:\/\/sustainablealmond.eu\/mentions-legales\/"},"modified":"2023-07-10T09:54:48","modified_gmt":"2023-07-10T09:54:48","slug":"avis-juridique","status":"publish","type":"page","link":"https:\/\/sustainablealmond.eu\/fr\/avis-juridique\/","title":{"rendered":"Avis juridique"},"content":{"rendered":"<p>[et_pb_section fb_built=\u00a0\u00bb1&Prime; _builder_version=\u00a0\u00bb4.20.4&Prime; _module_preset=\u00a0\u00bbdefault\u00a0\u00bb global_colors_info=\u00a0\u00bb{}\u00a0\u00bb][et_pb_row _builder_version=\u00a0\u00bb4.20.4&Prime; _module_preset=\u00a0\u00bbdefault\u00a0\u00bb global_colors_info=\u00a0\u00bb{}\u00a0\u00bb][et_pb_column type=\u00a0\u00bb4_4&Prime; _builder_version=\u00a0\u00bb4.20.4&Prime; _module_preset=\u00a0\u00bbdefault\u00a0\u00bb global_colors_info=\u00a0\u00bb{}\u00a0\u00bb][et_pb_text _builder_version=\u00a0\u00bb4.20.4&Prime; _module_preset=\u00a0\u00bbdefault\u00a0\u00bb header_font_size=\u00a0\u00bb45px\u00a0\u00bb hover_enabled=\u00a0\u00bb0&Prime; global_colors_info=\u00a0\u00bb{}\u00a0\u00bb sticky_enabled=\u00a0\u00bb0&Prime;]<\/p>\n<h1>Avis juridique<\/h1>\n<h2>PROPRI\u00c9T\u00c9<\/h2>\n<p>La propri\u00e9t\u00e9 de ce site web <a href=\"https:\/\/sustainablealmond.eu\/fr\/\">https:\/\/sustainablealmond.eu<\/a> correspond \u00e0 ALMENDRAVE &#8211; Spanish Almond Board &#8211; Almendrave, avec C.I.F. G-20712428 avec adresse pour fins de contact \u00e0 Madrid, Diego de Le\u00f3n, 54 -28006, et o CNCFS &#8211; Centro Nacional de Competi\u00e7\u00f5es de Frutose Seca com o C.I.F. 513419306 com morada para efeitos de contacto no Edif\u00edcio do Brigantia EcoPark de Bragan\u00e7a, Avenida Cidade de Le\u00f3n, n.\u00ba 506. 5300-358.<\/p>\n<p>CONDITIONS G\u00c9N\u00c9RALES D&rsquo;UTILISATION DU SITE WEB <a href=\"https:\/\/sustainablealmond.eu\/fr\/\">https:\/\/sustainablealmond.eu<\/a><\/p>\n<p>L&rsquo;utilisateur s&rsquo;engage \u00e0 utiliser <a href=\"https:\/\/sustainablealmond.eu\/fr\/\">https:\/\/sustainablealmond.eu<\/a> et les services mis \u00e0 sa disposition conform\u00e9ment \u00e0 la loi et aux dispositions des pr\u00e9sentes conditions d&rsquo;utilisation.<\/p>\n<p>Tout utilisateur souhaitant utiliser ce site web doit d&rsquo;abord lire et accepter les pr\u00e9sentes conditions d&rsquo;utilisation d\u00e9finies par <a href=\"https:\/\/sustainablealmond.eu\/fr\/\">https:\/\/sustainablealmond.eu<\/a>.<\/p>\n<p>Dans le cas ou\u0300 vous seriez autorise\u0301 a\u0300 vous enregistrer en tant qu&rsquo;utilisateur de ce site, vous vous engagez et e\u0302tes responsable de la ve\u0301racite\u0301 des donne\u0301es que vous introduisez et qui ne servent pas a\u0300 des fins frauduleuses ou trompeuses, et l&rsquo;utilisation du site a\u0300 des fins commerciales ou publicitaires sans rapport avec les inte\u0301re\u0302ts de <a href=\"https:\/\/sustainablealmond.eu\/fr\/\">https:\/\/sustainablealmond.eu<\/a> est e\u0301galement interdite.<\/p>\n<p>En vous inscrivant, vous vous engagez a\u0300 ne pas utiliser les moyens mis a\u0300 votre disposition par <a href=\"https:\/\/sustainablealmond.eu\/fr\/\">https:\/\/sustainablealmond.eu<\/a> a\u0300 d&rsquo;autres fins :<\/p>\n<ul>\n<li style=\"list-style-type: none;\">\n<ul>\n<li>Introduire des informations illicites ou contraires a\u0300 la bonne foi et a\u0300 l&rsquo;ordre public, ou offensantes pour des tiers.<\/li>\n<li>Introduire des donne\u0301es a\u0300 caracte\u0300re personnel vous concernant ou concernant des tiers dans l&rsquo;une des cate\u0301gories suivantes : sante\u0301, origine raciale ou ethnique, vie sexuelle, id\u00e9ologie, appartenance syndicale, religion, croyances, infractions administratives ou pe\u0301nales.<\/li>\n<li>Diffuser des contenus ou de la propagande a\u0300 caracte\u0300re raciste, xe\u0301nophobe, obsce\u0300ne, pornographique, terroriste ou portant atteinte aux droits de l&rsquo;homme.<\/li>\n<li>Introduire des contenus diffamatoires ou calomnieux, des menaces ou de la coercition.<\/li>\n<li>Divulguer des informations prive\u0301es et\/ou confidentielles de personnes physiques ou morales.<\/li>\n<li>Causer des dommages aux syste\u0300mes informatiques de <a href=\"https:\/\/sustainablealmond.eu\/fr\/\">https:\/\/sustainablealmond.eu<\/a> ou de tiers ou d&rsquo;entite\u0301s.<\/li>\n<li>Introduire des virus informatiques, des logiciels malveillants, des logiciels espions, des chevaux de Troie, des vers ou tout autre logiciel malveillant susceptible de causer les dommages susmentionne\u0301s.<\/li>\n<li>Acce\u0301der et\/ou manipuler les informations des autres utilisateurs du syste\u0300me.<\/li>\n<\/ul>\n<\/li>\n<\/ul>\n<p>Les utilisateurs qui ne respectent pas tout ou partie des conditions et re\u0300gles d&rsquo;utilisation de <a href=\"https:\/\/sustainablealmond.eu\/fr\/\">https:\/\/sustainablealmond.eu<\/a>, pourront e\u0302tre supprime\u0301s du site et de sa base de donne\u0301es, et ne pourront pre\u0301tendre a\u0300 aucune indemnite\u0301 a\u0300 ce titre.<\/p>\n<p><a href=\"https:\/\/sustainablealmond.eu\/fr\/\">https:\/\/sustainablealmond.eu<\/a> poursuivra ce type d&rsquo;action, ainsi que toute autre action et\/ou utilisation abusive de son site web, en exerc\u0327ant toutes les actions civiles et pe\u0301nales auxquelles elle peut pre\u0301tendre conforme\u0301ment a\u0300 la le\u0301gislation espagnole.<\/p>\n<p><a href=\"https:\/\/sustainablealmond.eu\/fr\/\">https:\/\/sustainablealmond.eu<\/a> que l&rsquo;utilisation du syste\u0300me par l&rsquo;utilisateur contrevient aux conditions d&rsquo;utilisation susmentionne\u0301es. <a href=\"https:\/\/sustainablealmond.eu\/fr\/\">https:\/\/sustainablealmond.eu<\/a> n&rsquo;est pas responsable des opinions et\/ou des informations introduites par les utilisateurs et ne les approuve pas. Nonobstant ce qui pre\u0301ce\u0300de, si de telles informations sont introduites sur le site web par le personnel d&rsquo;ALMENDRAVE et de la CNCFS, en connaissance de cause et avec son autorisation, ces de\u0301clarations seront conside\u0301re\u0301es comme ayant e\u0301te\u0301 faites au nom d&rsquo;ALMENDRAVE et de la CNCFS.<\/p>\n<p>Si l&rsquo;une des dispositions des pre\u0301sentes conditions d&rsquo;utilisation est de\u0301clare\u0301e nulle ou inope\u0301rante par un tribunal, les autres conditions seront maintenues dans les termes indique\u0301s. Les utilisateurs du site web, pour la re\u0301solution de toute controverse pouvant surgir quant a\u0300 la validite\u0301, l&rsquo;exe\u0301cution, le respect ou la re\u0301solution, totale ou partielle, des pre\u0301sentes conditions d&rsquo;utilisation, se soumettent, en renonc\u0327ant expresse\u0301ment a\u0300 leur propre juridiction ou a\u0300 toute autre qui pourrait leur correspondre, a\u0300 la juridiction des Cours et Tribunaux de la province de Madrid.<\/p>\n<p>En ge\u0301ne\u0301ral, les relations entre le site <a href=\"https:\/\/sustainablealmond.eu\/fr\/\">https:\/\/sustainablealmond.eu<\/a> et les visiteurs du site sont soumises a\u0300 la le\u0301gislation et a\u0300 la juridiction espagnoles.<\/p>\n<blockquote class=\"wp-embedded-content\" data-secret=\"8RdTUw7TTT\"><p><a href=\"https:\/\/sustainablealmond.eu\/fr\/\">Accueil<\/a><\/p><\/blockquote>\n<p><iframe loading=\"lazy\" class=\"wp-embedded-content\" sandbox=\"allow-scripts\" security=\"restricted\" style=\"position: absolute; clip: rect(1px, 1px, 1px, 1px);\" title=\"\u00ab\u00a0Accueil\u00a0\u00bb &#8212; Sustainablealmond.eu\" src=\"https:\/\/sustainablealmond.eu\/fr\/embed\/#?secret=duhxJRpjRB#?secret=8RdTUw7TTT\" data-secret=\"8RdTUw7TTT\" width=\"600\" height=\"338\" frameborder=\"0\" marginwidth=\"0\" marginheight=\"0\" scrolling=\"no\"><\/iframe><\/p>\n<p>DROITS DE PROPRIE\u0301TE\u0301 INTELLECTUELLE ET INDUSTRIELLE<\/p>\n<p>L&rsquo;Utilisateur reconnait et accepte que tous les droits de proprie\u0301te\u0301 industrielle et intellectuelle sur les contenus et\/ou tout autre e\u0301le\u0301ment inse\u0301re\u0301 dans le site Web (y compris, mais sans s&rsquo;y limiter, tous les e\u0301le\u0301ments qui composent l&rsquo;aspect visuel, l&rsquo;image graphique et d&rsquo;autres stimuli sensoriels des pages Web qui composent le site Web) sont la proprie\u0301te\u0301 d&rsquo;ALMENDRAIN, les marques, logos, noms commerciaux, textes, critiques et commentaires, images, graphiques, dessins, sons, bases de donne\u0301es, logiciels, organigrammes, pre\u0301sentation, architecture de navigation, ainsi que les codes sources des pages Web appartiennent a\u0300 ALMENDRAVE et a\u0300 la CNCFS et\/ou a\u0300 des tiers qui ont ce\u0301de\u0301 leurs droits. A\u0300 ces fins, on entend par site Web toutes les cre\u0301ations incorpore\u0301es et exprime\u0301es par tout moyen et\/ou support tangible ou intangible, connu ou a\u0300 connai\u0302tre, qui sont prote\u0301ge\u0301es par la re\u0301glementation en vigueur en matie\u0300re de proprie\u0301te\u0301 intellectuelle et industrielle.<\/p>\n<p>La simple visualisation, l&rsquo;impression, le t\u00e9l\u00e9chargement ou le stockage temporaire, en tout ou en partie, des contenus et\/ou des \u00e9l\u00e9ments ins\u00e8res dans le site Web ou dans les pages qui le composent exclusivement pour un usage personnel, prive\u0301 et non lucratif de la part de l&rsquo;utilisateur est autorise\u0301, a\u0300 condition que, dans tous les cas, l&rsquo;origine et\/ou l&rsquo;auteur de ceux-ci soit indique\u0301 et que, le cas e\u0301che\u0301ant, le symbole de copyright et\/ou les notes de proprie\u0301te\u0301 industrielle de leurs proprie\u0301taires apparaissent.<\/p>\n<p>En aucun cas, l&rsquo;acce\u0300s au site Web n&rsquo;implique une quelconque autorisation, renonciation, transmission, licence ou cession totale ou partielle de ces droits par les titulaires, sauf disposition contraire expresse. Les pre\u0301sentes conditions d&rsquo;utilisation du site Web ne confe\u0300rent a\u0300 l&rsquo;utilisateur aucun autre droit d&rsquo;utilisation, d&rsquo;alte\u0301ration, d&rsquo;exploitation, de reproduction, de distribution ou de communication publique du site Web et\/ou de ses contenus que ceux expresse\u0301ment pre\u0301vus dans les pre\u0301sentes. Toute autre utilisation ou exploitation de tout autre droit sera soumise a\u0300 l&rsquo;autorisation pre\u0301alable et expresse spe\u0301cifiquement accorde\u0301e a\u0300 cet effet par ALMENDRAVE et le CNCFS, le cas e\u0301che\u0301ant, par le tiers titulaire des droits affecte\u0301s.<\/p>\n<p>L&rsquo;utilisation de ces e\u0301le\u0301ments, leur reproduction totale ou partielle, leur communication et\/ou leur distribution a\u0300 des fins commerciales ou lucratives, ainsi que leur modification, alte\u0301ration, de\u0301compilation et\/ou tout autre acte d&rsquo;exploitation du site web, de ses pages et\/ou des contenus qui y sont incorpore\u0301s sont strictement interdits. Pour toute utilisation autre que celles expresse\u0301ment autorise\u0301es, il sera ne\u0301cessaire d&rsquo;obtenir le consentement e\u0301crit pre\u0301alable du titulaire des droits en question.<\/p>\n<p>INFORMATIONS IMPORTANTES EN MATIE\u0300RE DE SE\u0301CURITE\u0301<\/p>\n<p>Le personnel identifie\u0301 comme appartenant a\u0300 <a href=\"https:\/\/sustainablealmond.eu\/fr\/\">https:\/\/sustainablealmond.eu<\/a> ne demandera en aucun cas vos informations d&rsquo;acc\u00e8s (nom d&rsquo;utilisateur, mot de passe) par t\u00e9l\u00e9phone, par e-mail ou en personne en dehors du syste\u0300me d&rsquo;authentification <a href=\"https:\/\/sustainablealmond.eu\/fr\/\">https:\/\/sustainablealmond.eu<\/a>, me\u0302me en cas d&rsquo;incident technique. Le personnel d&rsquo;ALMENDRAVE et du CNCFS n&rsquo;a pas acce\u0300s a\u0300 vos donne\u0301es d&rsquo;authentification, celles-ci e\u0301tant stocke\u0301es de manie\u0300re crypte\u0301e dans le syste\u0300me conforme\u0301ment a\u0300 la re\u0301glementation applicable. De me\u0302me, <a href=\"https:\/\/sustainablealmond.eu\/fr\/\">https:\/\/sustainablealmond.eu<\/a> ne demandera jamais de virements, de nume\u0301ros de comptes bancaires, de nume\u0301ros de cartes de cre\u0301dit ou de de\u0301bit ou tout autre type d&rsquo;information financie\u0300re en dehors des canaux e\u0301tablis sur le site web pour la souscription de services ou l&rsquo;achat de produits. Dans le cas ou\u0300 vous feriez l&rsquo;objet d&rsquo;une telle demande, vous devrez refuser de communiquer vos donne\u0301es d&rsquo;acce\u0300s, ainsi que toute autre information personnelle en dehors des canaux pre\u0301vus par le site web pour demander des informations et en informer ALMENDRAVE et le CNCFS.<\/p>\n<p>Il est interdit de te\u0301le\u0301charger des logiciels ou d&rsquo;acce\u0301der a\u0300 des liens contenus dans le corps des messages des utilisateurs du site, car il s&rsquo;agit d&rsquo;une pratique non autorise\u0301e qui constitue une possible menace pour la se\u0301curite\u0301 de votre e\u0301quipement informatique, avec le danger qui en de\u0301coule pour votre vie prive\u0301e et familiale et le risque que ces donne\u0301es soient utilise\u0301es a\u0300 des fins illicites et\/ou frauduleuses. Toute action de tiers associe\u0301e aux pratiques de\u0301crites ci-dessus sera porte\u0301e a\u0300 l&rsquo;attention des autorite\u0301s compe\u0301tentes.<\/p>\n<p>EXONE\u0301RATION DE RESPONSABILITE\u0301<\/p>\n<p>INTERCUN se r\u00e9serve le droit d&rsquo;effectuer, chaque fois que ne\u0301cessaire et sans pre\u0301avis, toutes les modifications et mises a\u0300 jour de l&rsquo;information contenue sur son site Web, aussi bien dans sa version espagnole que dans d&rsquo;autres langues, la configuration et la pre\u0301sentation de celui-ci et les conditions d&rsquo;acce\u0300s. Les documents et les graphiques publie\u0301s sur ce site Web peuvent comporter des inexactitudes techniques ou des erreurs typographiques.<\/p>\n<p>ALMENDRAVE et CNCFS fournissent le mate\u0301riel et les graphiques contenus dans ce site web sans garantie expresse ou implicite d&rsquo;aucune sorte et rejettent l&rsquo;existence de toute garantie ou condition implicite concernant les informations contenues dans ce site, y compris les garanties de qualite\u0301 marchande, de non-violation de la proprie\u0301te\u0301 intellectuelle ou d&rsquo;ade\u0301quation a\u0300 un usage particulier.<\/p>\n<p>En aucun cas ALMENDRAVE et CNCFS ou ses fournisseurs ne pourront e\u0302tre tenus responsables de dommages de quelque nature que ce soit, y compris ceux re\u0301sultant d&rsquo;un manque a\u0300 gagner, d&rsquo;une interruption d&rsquo;activite\u0301 ou d&rsquo;une perte de donne\u0301es due a\u0300 l&rsquo;utilisation ou a\u0300 la mauvaise utilisation des documents contenus dans ce serveur, me\u0302me si ALMENDRAVE et CNCFS ont e\u0301te\u0301 informe\u0301s de la possibilite\u0301 de tels dommages.<\/p>\n<p>ALMENDRAVE et CNCFS ne garantissent pas l&rsquo;absence d&rsquo;interruptions ou d&rsquo;erreurs dans l&rsquo;acce\u0300s a\u0300 leur site web ou a\u0300 ses diffe\u0301rents contenus. Ils ne garantissent pas non plus qu&rsquo;il soit toujours et dans tous les cas a\u0300 jour, bien qu&rsquo;ils s&rsquo;efforceront de les e\u0301viter, de les corriger ou d&rsquo;en actualiser le contenu dans les meilleurs de\u0301lais. INTERCUN n&rsquo;assume aucune responsabilite\u0301 quant a\u0300 l&rsquo;information contenue dans d&rsquo;autres sites Web auxquels le Web peut renvoyer par le biais de liens hypertextes ou \u00ab\u00a0links\u00a0\u00bb.<\/p>\n<p>ALMENDRAVE et CNCFS n&rsquo;assument aucune responsabilite\u0301 de\u0301rive\u0301e de la concession ou du contenu des liens de tiers auxquels il est fait re\u0301fe\u0301rence sur le site web, ni ne garantissent l&rsquo;absence de virus ou d&rsquo;autres e\u0301le\u0301ments dans ces derniers qui pourraient causer des alte\u0301rations dans le syste\u0300me informatique (mate\u0301riel et logiciel), les documents ou les fichiers de l&rsquo;utilisateur, excluant toute responsabilite\u0301 pour les dommages de toute nature cause\u0301s a\u0300 l&rsquo;utilisateur pour cette raison. Par conse\u0301quent, elle n&rsquo;est pas responsable du contenu de ces sites, ni des changements ou mises a\u0300 jour qu&rsquo;ils pourraient subir.<\/p>\n<p>L&rsquo;acce\u0300s a\u0300 ce site web et l&rsquo;utilisation qui peut e\u0302tre faite des informations qu&rsquo;il contient rele\u0300vent de la responsabilite\u0301 exclusive de l&rsquo;utilisateur. ALMENDRAVE et la CNCFS ne sont pas responsables des conse\u0301quences ou des dommages pouvant re\u0301sulter de cet acce\u0300s ou de cette utilisation des informations. ALMENDRAVE et CNCFS ne sont pas responsables des e\u0301ventuelles erreurs de se\u0301curite\u0301 qui pourraient se produire ni des dommages qui pourraient e\u0302tre cause\u0301s au syste\u0300me informatique de l&rsquo;utilisateur (mate\u0301riel et logiciel) ou aux fichiers ou documents qui y sont stocke\u0301s en raison de la pre\u0301sence d&rsquo;un virus dans l&rsquo;ordinateur de l&rsquo;utilisateur utilise\u0301 pour se connecter aux services et contenus du site web, du mauvais fonctionnement du navigateur ou de l&rsquo;utilisation de versions non mises a\u0300 jour de celui-ci.<\/p>\n<p>De me\u0302me, ALMENDRAVE et CNCFS est titulaire des droits de proprie\u0301te\u0301 industrielle relatifs a\u0300 ses produits et services, et notamment ceux relatifs a\u0300 la marque de\u0301pose\u0301e. En ce qui concerne les citations de produits et services de tiers, ALMENDRAVE et CNCFS<\/p>\n<p>reconnai\u0302t les droits de proprie\u0301te\u0301 industrielle et intellectuelle correspondants en faveur de leurs proprie\u0301taires, et leur simple mention ou apparition sur le site web n&rsquo;implique l&rsquo;existence d&rsquo;aucun droit ou responsabilite\u0301 d&rsquo;ALMENDRAVE et CNCFS a\u0300 leur e\u0301gard, ni aucune approbation, parrainage ou recommandation de la part d&rsquo;ALMENDRAVE et CNCFS.<\/p>\n<p>L&rsquo;utilisation non autorise\u0301e de toute information contenue dans ce site web, sa revente, ainsi que toute violation des droits de proprie\u0301te\u0301 intellectuelle ou industrielle d&rsquo;ALMENDRAVE et de CNCFS donneront lieu aux responsabilite\u0301s le\u0301galement e\u0301tablies.<\/p>\n<p>Tout lien d&rsquo;un tiers vers ce site doit renvoyer a\u0300 la page d&rsquo;accueil ou a\u0300 la page d&rsquo;inscription.<\/p>\n<p>[\/et_pb_text][\/et_pb_column][\/et_pb_row][\/et_pb_section]<\/p>\n","protected":false},"excerpt":{"rendered":"<p>Avis juridique PROPRI\u00c9T\u00c9 La propri\u00e9t\u00e9 de ce site web https:\/\/sustainablealmond.eu correspond \u00e0 ALMENDRAVE &#8211; Spanish Almond Board &#8211; Almendrave, avec C.I.F. G-20712428 avec adresse pour fins de contact \u00e0 Madrid, Diego de Le\u00f3n, 54 -28006, et o CNCFS &#8211; Centro Nacional de Competi\u00e7\u00f5es de Frutose Seca com o C.I.F. 513419306 com morada para efeitos de [&hellip;]<\/p>\n","protected":false},"author":1,"featured_media":0,"parent":0,"menu_order":0,"comment_status":"closed","ping_status":"closed","template":"","meta":{"_et_pb_use_builder":"on","_et_pb_old_content":"","_et_gb_content_width":"","footnotes":""},"class_list":["post-243452","page","type-page","status-publish","hentry"],"_links":{"self":[{"href":"https:\/\/sustainablealmond.eu\/fr\/wp-json\/wp\/v2\/pages\/243452"}],"collection":[{"href":"https:\/\/sustainablealmond.eu\/fr\/wp-json\/wp\/v2\/pages"}],"about":[{"href":"https:\/\/sustainablealmond.eu\/fr\/wp-json\/wp\/v2\/types\/page"}],"author":[{"embeddable":true,"href":"https:\/\/sustainablealmond.eu\/fr\/wp-json\/wp\/v2\/users\/1"}],"replies":[{"embeddable":true,"href":"https:\/\/sustainablealmond.eu\/fr\/wp-json\/wp\/v2\/comments?post=243452"}],"version-history":[{"count":5,"href":"https:\/\/sustainablealmond.eu\/fr\/wp-json\/wp\/v2\/pages\/243452\/revisions"}],"predecessor-version":[{"id":243498,"href":"https:\/\/sustainablealmond.eu\/fr\/wp-json\/wp\/v2\/pages\/243452\/revisions\/243498"}],"wp:attachment":[{"href":"https:\/\/sustainablealmond.eu\/fr\/wp-json\/wp\/v2\/media?parent=243452"}],"curies":[{"name":"wp","href":"https:\/\/api.w.org\/{rel}","templated":true}]}}