{"id":244240,"date":"2024-12-19T16:18:54","date_gmt":"2024-12-19T16:18:54","guid":{"rendered":"https:\/\/sustainablealmond.eu\/sial-fr\/"},"modified":"2024-12-19T18:18:40","modified_gmt":"2024-12-19T18:18:40","slug":"sial-fr","status":"publish","type":"page","link":"https:\/\/sustainablealmond.eu\/fr\/sial-fr\/","title":{"rendered":"Sial FR"},"content":{"rendered":"<p>[et_pb_section fb_built=\u00a0\u00bb1&Prime; custom_padding_last_edited=\u00a0\u00bbon|tablet\u00a0\u00bb next_background_color=\u00a0\u00bb#ffffff\u00a0\u00bb admin_label=\u00a0\u00bbHeader\u00a0\u00bb _builder_version=\u00a0\u00bb4.20.4&Prime; background_color=\u00a0\u00bb#fcfaf7&Prime; background_image=\u00a0\u00bbhttps:\/\/sustainablealmond.eu\/wp-content\/uploads\/2023\/04\/header_almond_picture.png\u00a0\u00bb background_size=\u00a0\u00bbinitial\u00a0\u00bb background_position=\u00a0\u00bbtop_center\u00a0\u00bb custom_padding_tablet=\u00a0\u00bb||0vw|\u00a0\u00bb custom_padding_phone=\u00a0\u00bb\u00a0\u00bb bottom_divider_style=\u00a0\u00bbwave\u00a0\u00bb bottom_divider_height=\u00a0\u00bb80%\u00a0\u00bb bottom_divider_repeat=\u00a0\u00bb0.6x\u00a0\u00bb bottom_divider_flip=\u00a0\u00bbvertical|horizontal\u00a0\u00bb da_disable_devices=\u00a0\u00bboff|off|off\u00a0\u00bb global_colors_info=\u00a0\u00bb{}\u00a0\u00bb da_is_popup=\u00a0\u00bboff\u00a0\u00bb da_exit_intent=\u00a0\u00bboff\u00a0\u00bb da_has_close=\u00a0\u00bbon\u00a0\u00bb da_alt_close=\u00a0\u00bboff\u00a0\u00bb da_dark_close=\u00a0\u00bboff\u00a0\u00bb da_not_modal=\u00a0\u00bbon\u00a0\u00bb da_is_singular=\u00a0\u00bboff\u00a0\u00bb da_with_loader=\u00a0\u00bboff\u00a0\u00bb da_has_shadow=\u00a0\u00bbon\u00a0\u00bb][et_pb_row column_structure=\u00a0\u00bb3_5,2_5&Prime; _builder_version=\u00a0\u00bb4.16&Prime; custom_margin=\u00a0\u00bb100px||\u00a0\u00bb custom_margin_tablet=\u00a0\u00bb||\u00a0\u00bb custom_margin_phone=\u00a0\u00bb0px|||\u00a0\u00bb custom_margin_last_edited=\u00a0\u00bbon|tablet\u00a0\u00bb global_colors_info=\u00a0\u00bb{}\u00a0\u00bb][et_pb_column type=\u00a0\u00bb3_5&Prime; _builder_version=\u00a0\u00bb4.16&Prime; custom_padding=\u00a0\u00bb|||\u00a0\u00bb global_colors_info=\u00a0\u00bb{}\u00a0\u00bb custom_padding__hover=\u00a0\u00bb|||\u00a0\u00bb][et_pb_text _builder_version=\u00a0\u00bb4.27.0&Prime; header_font=\u00a0\u00bbRns Sanz|700|||||||\u00a0\u00bb header_text_color=\u00a0\u00bb#ad521b\u00a0\u00bb header_font_size=\u00a0\u00bb60px\u00a0\u00bb header_letter_spacing=\u00a0\u00bb1px\u00a0\u00bb header_line_height=\u00a0\u00bb1.2em\u00a0\u00bb header_font_size_tablet=\u00a0\u00bb40px\u00a0\u00bb header_font_size_phone=\u00a0\u00bb34px\u00a0\u00bb header_font_size_last_edited=\u00a0\u00bbon|phone\u00a0\u00bb header_letter_spacing_tablet=\u00a0\u00bb0px\u00a0\u00bb header_letter_spacing_phone=\u00a0\u00bb0px\u00a0\u00bb header_letter_spacing_last_edited=\u00a0\u00bbon|tablet\u00a0\u00bb global_colors_info=\u00a0\u00bb{}\u00a0\u00bb]<\/p>\n<h1>SIAL Paris 2024<\/h1>\n<p>[\/et_pb_text][et_pb_text _builder_version=\u00a0\u00bb4.27.0&Prime; text_font=\u00a0\u00bbRns Sanz||||||||\u00a0\u00bb text_letter_spacing=\u00a0\u00bb0.5px\u00a0\u00bb text_line_height=\u00a0\u00bb1.5em\u00a0\u00bb transform_scale_tablet=\u00a0\u00bb\u00a0\u00bb transform_scale_phone=\u00a0\u00bb\u00a0\u00bb transform_scale_last_edited=\u00a0\u00bbon|desktop\u00a0\u00bb transform_translate_tablet=\u00a0\u00bb\u00a0\u00bb transform_translate_phone=\u00a0\u00bb\u00a0\u00bb transform_translate_last_edited=\u00a0\u00bbon|desktop\u00a0\u00bb transform_rotate_tablet=\u00a0\u00bb\u00a0\u00bb transform_rotate_phone=\u00a0\u00bb\u00a0\u00bb transform_rotate_last_edited=\u00a0\u00bbon|desktop\u00a0\u00bb transform_skew_tablet=\u00a0\u00bb\u00a0\u00bb transform_skew_phone=\u00a0\u00bb\u00a0\u00bb transform_skew_last_edited=\u00a0\u00bbon|desktop\u00a0\u00bb transform_origin_tablet=\u00a0\u00bb\u00a0\u00bb transform_origin_phone=\u00a0\u00bb\u00a0\u00bb transform_origin_last_edited=\u00a0\u00bbon|desktop\u00a0\u00bb transform_styles_last_edited=\u00a0\u00bbon|desktop\u00a0\u00bb hover_enabled=\u00a0\u00bb0&Prime; text_font_size_tablet=\u00a0\u00bb16px\u00a0\u00bb text_font_size_phone=\u00a0\u00bb14px\u00a0\u00bb text_font_size_last_edited=\u00a0\u00bbon|phone\u00a0\u00bb text_letter_spacing_tablet=\u00a0\u00bb\u00a0\u00bb text_letter_spacing_phone=\u00a0\u00bb0px\u00a0\u00bb text_letter_spacing_last_edited=\u00a0\u00bbon|tablet\u00a0\u00bb transform_styles_tablet=\u00a0\u00bb\u00a0\u00bb transform_styles_phone=\u00a0\u00bb\u00a0\u00bb global_colors_info=\u00a0\u00bb{}\u00a0\u00bb sticky_enabled=\u00a0\u00bb0&Prime;]<\/p>\n<p>Du 17 au 20 avril 2023, le Salon Gourmets \u00e0 IFEMA (Madrid) a \u00e9t\u00e9 le th\u00e9\u00e2tre du pr\u00e9lancement de la campagne \u00ab\u00a0European Sustainable Almond\u00a0\u00bb. L&rsquo;amande europ\u00e9enne s&rsquo;est distingu\u00e9e par son excellence gastronomique et son engagement en faveur de la durabilit\u00e9. Dans un stand sp\u00e9cialement con\u00e7u pour l&rsquo;\u00e9v\u00e9nement, des d\u00e9gustations de vari\u00e9t\u00e9s telles que Marcona et Guara ont \u00e9t\u00e9 propos\u00e9es, ainsi que la distribution de mat\u00e9riels promotionnels de la campagne, positionnant l&rsquo;amande europ\u00e9enne comme une r\u00e9f\u00e9rence en mati\u00e8re de durabilit\u00e9.<\/p>\n<p>[\/et_pb_text][\/et_pb_column][et_pb_column type=\u00a0\u00bb2_5&Prime; _builder_version=\u00a0\u00bb4.16&Prime; custom_padding=\u00a0\u00bb|||\u00a0\u00bb global_colors_info=\u00a0\u00bb{}\u00a0\u00bb custom_padding__hover=\u00a0\u00bb|||\u00a0\u00bb][et_pb_image src=\u00a0\u00bbhttps:\/\/sustainablealmond.eu\/wp-content\/uploads\/2024\/12\/SIAL-LOGO.png\u00a0\u00bb title_text=\u00a0\u00bbSIAL LOGO\u00a0\u00bb align=\u00a0\u00bbright\u00a0\u00bb _builder_version=\u00a0\u00bb4.27.0&Prime; width_tablet=\u00a0\u00bb80%\u00a0\u00bb width_phone=\u00a0\u00bb100%\u00a0\u00bb width_last_edited=\u00a0\u00bbon|phone\u00a0\u00bb module_alignment=\u00a0\u00bbcenter\u00a0\u00bb custom_margin=\u00a0\u00bb|||\u00a0\u00bb always_center_on_mobile=\u00a0\u00bboff\u00a0\u00bb global_colors_info=\u00a0\u00bb{}\u00a0\u00bb][\/et_pb_image][\/et_pb_column][\/et_pb_row][et_pb_row _builder_version=\u00a0\u00bb4.27.0&Prime; _module_preset=\u00a0\u00bbdefault\u00a0\u00bb global_colors_info=\u00a0\u00bb{}\u00a0\u00bb][et_pb_column type=\u00a0\u00bb4_4&Prime; _builder_version=\u00a0\u00bb4.27.0&Prime; _module_preset=\u00a0\u00bbdefault\u00a0\u00bb global_colors_info=\u00a0\u00bb{}\u00a0\u00bb][et_pb_gallery gallery_ids=\u00a0\u00bb244141,244146,244151,244156,244161,244166,244171,244176&Prime; posts_number=\u00a0\u00bb20&Prime; show_title_and_caption=\u00a0\u00bboff\u00a0\u00bb show_pagination=\u00a0\u00bboff\u00a0\u00bb _builder_version=\u00a0\u00bb4.27.0&Prime; _module_preset=\u00a0\u00bbdefault\u00a0\u00bb global_colors_info=\u00a0\u00bb{}\u00a0\u00bb][\/et_pb_gallery][\/et_pb_column][\/et_pb_row][\/et_pb_section]<\/p>\n","protected":false},"excerpt":{"rendered":"<p>SIAL Paris 2024Du 17 au 20 avril 2023, le Salon Gourmets \u00e0 IFEMA (Madrid) a \u00e9t\u00e9 le th\u00e9\u00e2tre du pr\u00e9lancement de la campagne \u00ab\u00a0European Sustainable Almond\u00a0\u00bb. L&rsquo;amande europ\u00e9enne s&rsquo;est distingu\u00e9e par son excellence gastronomique et son engagement en faveur de la durabilit\u00e9. Dans un stand sp\u00e9cialement con\u00e7u pour l&rsquo;\u00e9v\u00e9nement, des d\u00e9gustations de vari\u00e9t\u00e9s telles que [&hellip;]<\/p>\n","protected":false},"author":1,"featured_media":0,"parent":0,"menu_order":0,"comment_status":"closed","ping_status":"closed","template":"","meta":{"_et_pb_use_builder":"on","_et_pb_old_content":"","_et_gb_content_width":"","footnotes":""},"class_list":["post-244240","page","type-page","status-publish","hentry"],"_links":{"self":[{"href":"https:\/\/sustainablealmond.eu\/fr\/wp-json\/wp\/v2\/pages\/244240"}],"collection":[{"href":"https:\/\/sustainablealmond.eu\/fr\/wp-json\/wp\/v2\/pages"}],"about":[{"href":"https:\/\/sustainablealmond.eu\/fr\/wp-json\/wp\/v2\/types\/page"}],"author":[{"embeddable":true,"href":"https:\/\/sustainablealmond.eu\/fr\/wp-json\/wp\/v2\/users\/1"}],"replies":[{"embeddable":true,"href":"https:\/\/sustainablealmond.eu\/fr\/wp-json\/wp\/v2\/comments?post=244240"}],"version-history":[{"count":4,"href":"https:\/\/sustainablealmond.eu\/fr\/wp-json\/wp\/v2\/pages\/244240\/revisions"}],"predecessor-version":[{"id":244262,"href":"https:\/\/sustainablealmond.eu\/fr\/wp-json\/wp\/v2\/pages\/244240\/revisions\/244262"}],"wp:attachment":[{"href":"https:\/\/sustainablealmond.eu\/fr\/wp-json\/wp\/v2\/media?parent=244240"}],"curies":[{"name":"wp","href":"https:\/\/api.w.org\/{rel}","templated":true}]}}