{"id":243120,"date":"2023-04-26T14:38:42","date_gmt":"2023-04-26T14:38:42","guid":{"rendered":"https:\/\/sustainablealmond.eu\/economia-circular\/"},"modified":"2023-07-05T10:00:51","modified_gmt":"2023-07-05T10:00:51","slug":"economia-circular","status":"publish","type":"page","link":"https:\/\/sustainablealmond.eu\/pt-pt\/economia-circular\/","title":{"rendered":"Economia circular"},"content":{"rendered":"<p>[et_pb_section fb_built=&#8221;1&#8243; custom_padding_last_edited=&#8221;on|tablet&#8221; next_background_color=&#8221;#ffffff&#8221; admin_label=&#8221;Header&#8221; _builder_version=&#8221;4.20.4&#8243; background_color=&#8221;#fcfaf7&#8243; background_image=&#8221;https:\/\/sustainablealmond.eu\/wp-content\/uploads\/2023\/04\/header_almond_picture.png&#8221; background_size=&#8221;initial&#8221; background_position=&#8221;top_center&#8221; custom_padding_tablet=&#8221;||0vw|&#8221; custom_padding_phone=&#8221;&#8221; bottom_divider_style=&#8221;wave&#8221; bottom_divider_height=&#8221;80%&#8221; bottom_divider_repeat=&#8221;0.6x&#8221; bottom_divider_flip=&#8221;vertical|horizontal&#8221; global_colors_info=&#8221;{}&#8221;][et_pb_row column_structure=&#8221;1_2,1_2&#8243; _builder_version=&#8221;4.16&#8243; custom_margin=&#8221;100px||&#8221; custom_margin_tablet=&#8221;||&#8221; custom_margin_phone=&#8221;0px|||&#8221; custom_margin_last_edited=&#8221;on|tablet&#8221; global_colors_info=&#8221;{}&#8221;][et_pb_column type=&#8221;1_2&#8243; _builder_version=&#8221;4.16&#8243; custom_padding=&#8221;|||&#8221; global_colors_info=&#8221;{}&#8221; custom_padding__hover=&#8221;|||&#8221;][et_pb_text _builder_version=&#8221;4.20.4&#8243; header_font=&#8221;Rns Sanz|700|||||||&#8221; header_text_color=&#8221;#ad521b&#8221; header_font_size=&#8221;60px&#8221; header_letter_spacing=&#8221;1px&#8221; header_line_height=&#8221;1.2em&#8221; header_font_size_tablet=&#8221;40px&#8221; header_font_size_phone=&#8221;34px&#8221; header_font_size_last_edited=&#8221;on|phone&#8221; header_letter_spacing_tablet=&#8221;0px&#8221; header_letter_spacing_phone=&#8221;0px&#8221; header_letter_spacing_last_edited=&#8221;on|tablet&#8221; global_colors_info=&#8221;{}&#8221;]<\/p>\n<h1>Economia circular<\/h1>\n<p>[\/et_pb_text][et_pb_text _builder_version=&#8221;4.20.4&#8243; text_font=&#8221;Rns Sanz||||||||&#8221; text_letter_spacing=&#8221;0.5px&#8221; text_line_height=&#8221;1.5em&#8221; transform_scale_tablet=&#8221;&#8221; transform_scale_phone=&#8221;&#8221; transform_scale_last_edited=&#8221;on|desktop&#8221; transform_translate_tablet=&#8221;&#8221; transform_translate_phone=&#8221;&#8221; transform_translate_last_edited=&#8221;on|desktop&#8221; transform_rotate_tablet=&#8221;&#8221; transform_rotate_phone=&#8221;&#8221; transform_rotate_last_edited=&#8221;on|desktop&#8221; transform_skew_tablet=&#8221;&#8221; transform_skew_phone=&#8221;&#8221; transform_skew_last_edited=&#8221;on|desktop&#8221; transform_origin_tablet=&#8221;&#8221; transform_origin_phone=&#8221;&#8221; transform_origin_last_edited=&#8221;on|desktop&#8221; transform_styles_last_edited=&#8221;on|desktop&#8221; hover_enabled=&#8221;0&#8243; text_font_size_tablet=&#8221;16px&#8221; text_font_size_phone=&#8221;14px&#8221; text_font_size_last_edited=&#8221;on|phone&#8221; text_letter_spacing_tablet=&#8221;&#8221; text_letter_spacing_phone=&#8221;0px&#8221; text_letter_spacing_last_edited=&#8221;on|tablet&#8221; transform_styles_tablet=&#8221;&#8221; transform_styles_phone=&#8221;&#8221; global_colors_info=&#8221;{}&#8221; sticky_enabled=&#8221;0&#8243;]<\/p>\n<p>O sector da am\u00eandoa ib\u00e9rica tamb\u00e9m est\u00e1 a progredir com sucesso na <strong>utiliza\u00e7\u00e3o dos subprodutos<\/strong> que gera. \u00c9 algo essencial para minimizar os res\u00edduos e promover a economia circular. As utiliza\u00e7\u00f5es dos res\u00edduos s\u00e3o diversas.<\/p>\n<p>[\/et_pb_text][et_pb_blurb title=&#8221;Cascas de am\u00eandoa&#8221; use_icon=&#8221;on&#8221; icon_placement=&#8221;left&#8221; image_icon_width=&#8221;90px&#8221; content_max_width=&#8221;800px&#8221; image_icon_width_tablet=&#8221;&#8221; image_icon_width_phone=&#8221;60px&#8221; image_icon_width_last_edited=&#8221;on|phone&#8221; _builder_version=&#8221;4.20.4&#8243; header_font=&#8221;Rns Sanz|700|||||||&#8221; header_text_color=&#8221;#ad521b&#8221; header_font_size=&#8221;26px&#8221; body_font=&#8221;Rns Sanz||||||||&#8221; body_font_size=&#8221;16px&#8221; body_line_height=&#8221;2em&#8221; background_color=&#8221;#ffffff&#8221; background_color_gradient_direction=&#8221;-60deg&#8221; custom_margin=&#8221;||&#8221; custom_padding=&#8221;30px|30px|30px|30px|true|true&#8221; animation=&#8221;off&#8221; hover_enabled=&#8221;0&#8243; header_font_size_tablet=&#8221;&#8221; header_font_size_phone=&#8221;21px&#8221; header_font_size_last_edited=&#8221;on|phone&#8221; body_font_size_tablet=&#8221;&#8221; body_font_size_phone=&#8221;14px&#8221; body_font_size_last_edited=&#8221;on|phone&#8221; body_line_height_tablet=&#8221;&#8221; body_line_height_phone=&#8221;1.8em&#8221; body_line_height_last_edited=&#8221;on|phone&#8221; border_radii=&#8221;on|6px|6px|6px|6px&#8221; box_shadow_style=&#8221;preset6&#8243; box_shadow_blur=&#8221;0px&#8221; box_shadow_spread=&#8221;2px&#8221; box_shadow_color=&#8221;rgba(0,0,0,0.1)&#8221; image_max_width=&#8221;90px&#8221; image_max_width_tablet=&#8221;&#8221; image_max_width_phone=&#8221;60px&#8221; image_max_width_last_edited=&#8221;on|phone&#8221; locked=&#8221;off&#8221; global_colors_info=&#8221;{}&#8221; sticky_enabled=&#8221;0&#8243;]<\/p>\n<p>Um material perfeito para a produ\u00e7\u00e3o de energia a partir de biomassa. \u00c9 um dos res\u00edduos agroindustriais mais utilizados, de acordo com o guia de biocombust\u00edveis publicado em 2022 no \u00e2mbito do projeto europeu AgroBioHeat.<\/p>\n<p>Representa entre 62% e 78% do peso total do fruto, pelo que se calcula que <strong>a Pen\u00ednsula Ib\u00e9rica produza cerca de 314\u00a0000 toneladas de cascas<\/strong> por ano.<\/p>\n<p><a href=\"https:\/\/agrobioheat.eu\/wp-content\/uploads\/2022\/04\/agrobioheat-guia-2022-ES-small.pdf\">O guia<\/a> indica que, se for armazenado corretamente e tiver um tratamento para homogeneizar o tamanho das part\u00edculas, pode obter-se \u00abum <strong>biocombust\u00edvel s\u00f3lido de boa qualidade\u00bb<\/strong>. <\/p>\n<p>[\/et_pb_blurb][et_pb_blurb title=&#8221;As cascas de am\u00eandoa&#8221; use_icon=&#8221;on&#8221; icon_placement=&#8221;left&#8221; image_icon_width=&#8221;90px&#8221; content_max_width=&#8221;800px&#8221; image_icon_width_tablet=&#8221;&#8221; image_icon_width_phone=&#8221;60px&#8221; image_icon_width_last_edited=&#8221;on|phone&#8221; _builder_version=&#8221;4.20.4&#8243; header_font=&#8221;Rns Sanz|700|||||||&#8221; header_text_color=&#8221;#ad521b&#8221; header_font_size=&#8221;26px&#8221; body_font=&#8221;Rns Sanz||||||||&#8221; body_font_size=&#8221;16px&#8221; body_line_height=&#8221;2em&#8221; background_color=&#8221;#ffffff&#8221; background_color_gradient_direction=&#8221;-60deg&#8221; custom_margin=&#8221;||&#8221; custom_padding=&#8221;30px|30px|30px|30px|true|true&#8221; animation=&#8221;off&#8221; hover_enabled=&#8221;0&#8243; header_font_size_tablet=&#8221;&#8221; header_font_size_phone=&#8221;21px&#8221; header_font_size_last_edited=&#8221;on|phone&#8221; body_font_size_tablet=&#8221;&#8221; body_font_size_phone=&#8221;14px&#8221; body_font_size_last_edited=&#8221;on|phone&#8221; body_line_height_tablet=&#8221;&#8221; body_line_height_phone=&#8221;1.8em&#8221; body_line_height_last_edited=&#8221;on|phone&#8221; border_radii=&#8221;on|6px|6px|6px|6px&#8221; box_shadow_style=&#8221;preset6&#8243; box_shadow_blur=&#8221;0px&#8221; box_shadow_spread=&#8221;2px&#8221; box_shadow_color=&#8221;rgba(0,0,0,0.1)&#8221; image_max_width=&#8221;90px&#8221; image_max_width_tablet=&#8221;&#8221; image_max_width_phone=&#8221;60px&#8221; image_max_width_last_edited=&#8221;on|phone&#8221; locked=&#8221;off&#8221; global_colors_info=&#8221;{}&#8221; sticky_enabled=&#8221;0&#8243;]<\/p>\n<p>Ricas em fibra, j\u00e1 nem sequer s\u00e3o consideradas um res\u00edduo, pois est\u00e3o a ser incorporadas cada vez mais em v\u00e1rios alimentos funcionais. A partir delas, podem obter-se excipientes para produtos veterin\u00e1rios.<\/p>\n<p>[\/et_pb_blurb][\/et_pb_column][et_pb_column type=&#8221;1_2&#8243; _builder_version=&#8221;4.16&#8243; custom_padding=&#8221;|||&#8221; global_colors_info=&#8221;{}&#8221; custom_padding__hover=&#8221;|||&#8221;][et_pb_image src=&#8221;https:\/\/sustainablealmond.eu\/wp-content\/uploads\/2023\/04\/economia_circular.png&#8221; title_text=&#8221;economia_circular&#8221; align=&#8221;right&#8221; _builder_version=&#8221;4.20.4&#8243; width_tablet=&#8221;300px&#8221; width_phone=&#8221;60%&#8221; width_last_edited=&#8221;on|tablet&#8221; custom_margin=&#8221;|||&#8221; always_center_on_mobile=&#8221;off&#8221; global_colors_info=&#8221;{}&#8221;][\/et_pb_image][\/et_pb_column][\/et_pb_row][\/et_pb_section]<\/p>\n","protected":false},"excerpt":{"rendered":"<p>Economia circularO sector da am\u00eandoa ib\u00e9rica tamb\u00e9m est\u00e1 a progredir com sucesso na utiliza\u00e7\u00e3o dos subprodutos que gera. \u00c9 algo essencial para minimizar os res\u00edduos e promover a economia circular. As utiliza\u00e7\u00f5es dos res\u00edduos s\u00e3o diversas.Um material perfeito para a produ\u00e7\u00e3o de energia a partir de biomassa. \u00c9 um dos res\u00edduos agroindustriais mais utilizados, de [&hellip;]<\/p>\n","protected":false},"author":1,"featured_media":0,"parent":0,"menu_order":0,"comment_status":"closed","ping_status":"closed","template":"","meta":{"_et_pb_use_builder":"on","_et_pb_old_content":"","_et_gb_content_width":"","footnotes":""},"class_list":["post-243120","page","type-page","status-publish","hentry"],"_links":{"self":[{"href":"https:\/\/sustainablealmond.eu\/pt-pt\/wp-json\/wp\/v2\/pages\/243120"}],"collection":[{"href":"https:\/\/sustainablealmond.eu\/pt-pt\/wp-json\/wp\/v2\/pages"}],"about":[{"href":"https:\/\/sustainablealmond.eu\/pt-pt\/wp-json\/wp\/v2\/types\/page"}],"author":[{"embeddable":true,"href":"https:\/\/sustainablealmond.eu\/pt-pt\/wp-json\/wp\/v2\/users\/1"}],"replies":[{"embeddable":true,"href":"https:\/\/sustainablealmond.eu\/pt-pt\/wp-json\/wp\/v2\/comments?post=243120"}],"version-history":[{"count":5,"href":"https:\/\/sustainablealmond.eu\/pt-pt\/wp-json\/wp\/v2\/pages\/243120\/revisions"}],"predecessor-version":[{"id":243176,"href":"https:\/\/sustainablealmond.eu\/pt-pt\/wp-json\/wp\/v2\/pages\/243120\/revisions\/243176"}],"wp:attachment":[{"href":"https:\/\/sustainablealmond.eu\/pt-pt\/wp-json\/wp\/v2\/media?parent=243120"}],"curies":[{"name":"wp","href":"https:\/\/api.w.org\/{rel}","templated":true}]}}