{"id":243183,"date":"2023-05-03T08:49:14","date_gmt":"2023-05-03T08:49:14","guid":{"rendered":"https:\/\/sustainablealmond.eu\/beneficios-nutricionais\/"},"modified":"2023-07-05T11:55:38","modified_gmt":"2023-07-05T11:55:38","slug":"beneficios-nutricionais","status":"publish","type":"page","link":"https:\/\/sustainablealmond.eu\/pt-pt\/beneficios-nutricionais\/","title":{"rendered":"Benef\u00edcios nutricionais"},"content":{"rendered":"<p>[et_pb_section fb_built=&#8221;1&#8243; custom_padding_last_edited=&#8221;on|tablet&#8221; next_background_color=&#8221;#ffffff&#8221; admin_label=&#8221;Header&#8221; _builder_version=&#8221;4.20.4&#8243; background_color=&#8221;#fcfaf7&#8243; background_image=&#8221;https:\/\/sustainablealmond.eu\/wp-content\/uploads\/2023\/04\/header_almond_picture.png&#8221; background_size=&#8221;initial&#8221; background_position=&#8221;top_center&#8221; custom_padding_tablet=&#8221;||0vw|&#8221; custom_padding_phone=&#8221;&#8221; bottom_divider_style=&#8221;wave&#8221; bottom_divider_height=&#8221;80%&#8221; bottom_divider_repeat=&#8221;0.6x&#8221; bottom_divider_flip=&#8221;vertical|horizontal&#8221; global_colors_info=&#8221;{}&#8221;][et_pb_row column_structure=&#8221;1_2,1_2&#8243; _builder_version=&#8221;4.16&#8243; custom_margin=&#8221;100px||&#8221; custom_margin_tablet=&#8221;||&#8221; custom_margin_phone=&#8221;0px|||&#8221; custom_margin_last_edited=&#8221;on|tablet&#8221; global_colors_info=&#8221;{}&#8221;][et_pb_column type=&#8221;1_2&#8243; _builder_version=&#8221;4.16&#8243; custom_padding=&#8221;|||&#8221; global_colors_info=&#8221;{}&#8221; custom_padding__hover=&#8221;|||&#8221;][et_pb_text _builder_version=&#8221;4.20.4&#8243; header_font=&#8221;Rns Sanz|700|||||||&#8221; header_text_color=&#8221;#ad521b&#8221; header_font_size=&#8221;60px&#8221; header_letter_spacing=&#8221;1px&#8221; header_line_height=&#8221;1.2em&#8221; header_font_size_tablet=&#8221;40px&#8221; header_font_size_phone=&#8221;34px&#8221; header_font_size_last_edited=&#8221;on|phone&#8221; header_letter_spacing_tablet=&#8221;0px&#8221; header_letter_spacing_phone=&#8221;0px&#8221; header_letter_spacing_last_edited=&#8221;on|tablet&#8221; global_colors_info=&#8221;{}&#8221;]<\/p>\n<h1>Benef\u00edcios nutricionais<\/h1>\n<p>[\/et_pb_text][et_pb_text _builder_version=&#8221;4.20.4&#8243; text_font=&#8221;Rns Sanz||||||||&#8221; text_letter_spacing=&#8221;0.5px&#8221; text_line_height=&#8221;1.5em&#8221; transform_scale_tablet=&#8221;&#8221; transform_scale_phone=&#8221;&#8221; transform_scale_last_edited=&#8221;on|desktop&#8221; transform_translate_tablet=&#8221;&#8221; transform_translate_phone=&#8221;&#8221; transform_translate_last_edited=&#8221;on|desktop&#8221; transform_rotate_tablet=&#8221;&#8221; transform_rotate_phone=&#8221;&#8221; transform_rotate_last_edited=&#8221;on|desktop&#8221; transform_skew_tablet=&#8221;&#8221; transform_skew_phone=&#8221;&#8221; transform_skew_last_edited=&#8221;on|desktop&#8221; transform_origin_tablet=&#8221;&#8221; transform_origin_phone=&#8221;&#8221; transform_origin_last_edited=&#8221;on|desktop&#8221; transform_styles_last_edited=&#8221;on|desktop&#8221; text_font_size_tablet=&#8221;16px&#8221; text_font_size_phone=&#8221;14px&#8221; text_font_size_last_edited=&#8221;on|phone&#8221; text_letter_spacing_tablet=&#8221;&#8221; text_letter_spacing_phone=&#8221;0px&#8221; text_letter_spacing_last_edited=&#8221;on|tablet&#8221; transform_styles_tablet=&#8221;&#8221; transform_styles_phone=&#8221;&#8221; global_colors_info=&#8221;{}&#8221;]<\/p>\n<p>Como elemento-chave da Dieta Mediterr\u00e2nica desde tempos imemoriais, o <strong>perfil nutricional da am\u00eandoa \u00e9 muito completo e<\/strong>, como todos os outros frutos secos, \u00e9 essencial para manter uma alimenta\u00e7\u00e3o saud\u00e1vel.<\/p>\n<p>Tem, por exemplo, um elevado teor de gorduras (nomeadamente gorduras <strong>insaturadas, ou seja, ben\u00e9ficas para a sa\u00fade cardiovascular)<\/strong> e um elevado teor de prote\u00ednas vegetais de boa qualidade, completas em termos de amino\u00e1cidos essenciais.<\/p>\n<p>O seu valor cal\u00f3rico \u00e9 elevado, mas, precisamente por isso, t\u00eam um <strong>importante efeito saciante.<\/strong><\/p>\n<p>Entre os minerais, destaca-se o<strong> c\u00e1lcio<\/strong>. De facto, \u00e9 uma das fontes vegetais mais ricas em c\u00e1lcio, raz\u00e3o pela qual o leite de am\u00eandoa \u00e9 frequentemente utilizado como substituto do leite de vaca, em caso de intoler\u00e2ncia. O seu consumo \u00e9 recomendado para fortalecer os ossos e prevenir a osteoporose. Tamb\u00e9m se destaca pelo seu teor de f\u00f3sforo, que assegura igualmente uma boa qualidade \u00f3ssea.<\/p>\n<p>Al\u00e9m disso, possui quantidades moderadas de vitaminas B e \u00e9 uma <strong>boa fonte de vitamina E,<\/strong> que tem uma a\u00e7\u00e3o antioxidante (para al\u00e9m de doses relevantes de zinco e fitoester\u00f3is).<\/p>\n<p>Por todas estas raz\u00f5es, as am\u00eandoas s\u00e3o recomendadas <strong>para crian\u00e7as em idade de crescimento<\/strong> e desportistas.<\/p>\n<p>[\/et_pb_text][et_pb_image src=&#8221;https:\/\/sustainablealmond.eu\/wp-content\/uploads\/2023\/05\/almond_03b.png&#8221; title_text=&#8221;almond_03b&#8221; align_tablet=&#8221;center&#8221; align_phone=&#8221;&#8221; align_last_edited=&#8221;on|desktop&#8221; _builder_version=&#8221;4.20.4&#8243; transform_origin=&#8221;100%|0%&#8221; width_tablet=&#8221;50%&#8221; width_phone=&#8221;&#8221; width_last_edited=&#8221;on|tablet&#8221; custom_margin=&#8221;0px|||-10vw|false|false&#8221; custom_margin_tablet=&#8221;0vw|||0vw&#8221; custom_margin_phone=&#8221;&#8221; custom_margin_last_edited=&#8221;on|phone&#8221; global_colors_info=&#8221;{}&#8221;][\/et_pb_image][et_pb_text _builder_version=&#8221;4.20.4&#8243; _module_preset=&#8221;default&#8221; header_2_font_size=&#8221;22px&#8221; global_colors_info=&#8221;{}&#8221;]<\/p>\n<h2>Vitaminas<\/h2>\n<p>[\/et_pb_text][dvmd_table_maker tbl_row_header_count=&#8221;0&#8243; tbl_responsive_breakpoint=&#8221;none&#8221; tbl_stripes_active=&#8221;on&#8221; tbl_stripes_apply=&#8221;on|off|off|off|off&#8221; tbl_stripes_brightness=&#8221;95%&#8221; tbl_tcell_cell_color=&#8221;#FFFFFF&#8221; tbl_tcell_cell_align_horz=&#8221;center&#8221; tbl_tcell_cell_align_vert=&#8221;center&#8221; tbl_chead_cell_color=&#8221;rgba(224,153,0,0.3)&#8221; tbl_chead_cell_align_horz=&#8221;center&#8221; tbl_chead_cell_align_vert=&#8221;center&#8221; tbl_rhead_cell_color=&#8221;#FFFFFF&#8221; tbl_rhead_cell_align_horz=&#8221;center&#8221; tbl_rhead_cell_align_vert=&#8221;center&#8221; tbl_chead_text_wrap=&#8221;normal&#8221; _builder_version=&#8221;4.20.4&#8243; _module_preset=&#8221;default&#8221; tbl_tcell_text_font=&#8221;Rns Sanz||||||||&#8221; tbl_tcell_text_font_size=&#8221;17px&#8221; tbl_chead_text_font=&#8221;Rns Sanz|700||on|||||&#8221; tbl_chead_text_text_color=&#8221;#000000&#8243; tbl_chead_text_font_size=&#8221;18px&#8221; tbl_rhead_text_font=&#8221;Open Sans|700|||||||&#8221; tbl_rhead_text_text_color=&#8221;#7a7a7a&#8221; custom_margin=&#8221;-25px||||false|false&#8221; hover_enabled=&#8221;0&#8243; locked=&#8221;off&#8221; global_colors_info=&#8221;{}&#8221; sticky_enabled=&#8221;0&#8243;][dvmd_table_maker_item col_label=&#8221;Componente&#8221; col_content=&#8221;Componente<br \/>\nvitamina A (equivalentes de retinol das actividades de retin\u00f3is e caroten\u00f3ides)<br \/>\nvitamina D<br \/>\nvitamina E (equivalentes de alfa-tocoferol das actividades da vitamina E)<br \/>\nfolato, total<br \/>\nvitamina B3 (equivalentes de niacina, totales)<br \/>\nvitamina B2 (riboflavina)<br \/>\nvitamina B1 (tiamina)<br \/>\nvitamina B12<br \/>\nvitamina B6, total<br \/>\nvitamina C (\u00e1cido asc\u00f3rbico)&#8221; col_column_max_width=&#8221;60%&#8221; col_tcell_cell_color=&#8221;#ffffff&#8221; col_tcell_cell_align_horz=&#8221;left&#8221; col_chead_cell_align_horz=&#8221;left&#8221; _builder_version=&#8221;4.20.4&#8243; _module_preset=&#8221;default&#8221; col_chead_text_text_color=&#8221;#000000&#8243; col_chead_text_font_size=&#8221;18px&#8221; hover_enabled=&#8221;0&#8243; global_colors_info=&#8221;{}&#8221; sticky_enabled=&#8221;0&#8243;][\/dvmd_table_maker_item][dvmd_table_maker_item col_label=&#8221;Valor&#8221; col_content=&#8221;Valor\/unidade<br \/>\n0\u03bcg<br \/>\n0\u03bcg<br \/>\n24mg<br \/>\n70\u03bcg<br \/>\n5,3mg<br \/>\n0,78mg<br \/>\n0,21mg<br \/>\n0\u03bcg<br \/>\n0,11mg<br \/>\ntraza mg&#8221; _builder_version=&#8221;4.20.4&#8243; _module_preset=&#8221;default&#8221; col_chead_text_text_color=&#8221;#000000&#8243; col_chead_text_font_size=&#8221;18px&#8221; hover_enabled=&#8221;0&#8243; global_colors_info=&#8221;{}&#8221; sticky_enabled=&#8221;0&#8243;][\/dvmd_table_maker_item][\/dvmd_table_maker][\/et_pb_column][et_pb_column type=&#8221;1_2&#8243; _builder_version=&#8221;4.16&#8243; custom_padding=&#8221;|||&#8221; global_colors_info=&#8221;{}&#8221; custom_padding__hover=&#8221;|||&#8221;][et_pb_text _builder_version=&#8221;4.20.4&#8243; _module_preset=&#8221;default&#8221; header_2_font_size=&#8221;22px&#8221; hover_enabled=&#8221;0&#8243; global_colors_info=&#8221;{}&#8221; sticky_enabled=&#8221;0&#8243;]<\/p>\n<h2>Proximal<\/h2>\n<p>[\/et_pb_text][dvmd_table_maker tbl_row_header_count=&#8221;0&#8243; tbl_responsive_breakpoint=&#8221;none&#8221; tbl_stripes_active=&#8221;on&#8221; tbl_stripes_apply=&#8221;on|off|off|off|off&#8221; tbl_stripes_brightness=&#8221;95%&#8221; tbl_tcell_cell_color=&#8221;#FFFFFF&#8221; tbl_tcell_cell_align_horz=&#8221;center&#8221; tbl_tcell_cell_align_vert=&#8221;center&#8221; tbl_chead_cell_color=&#8221;rgba(224,153,0,0.3)&#8221; tbl_chead_cell_align_horz=&#8221;center&#8221; tbl_chead_cell_align_vert=&#8221;center&#8221; tbl_rhead_cell_color=&#8221;#FFFFFF&#8221; tbl_rhead_cell_align_horz=&#8221;center&#8221; tbl_rhead_cell_align_vert=&#8221;center&#8221; tbl_chead_text_wrap=&#8221;normal&#8221; _builder_version=&#8221;4.20.4&#8243; _module_preset=&#8221;default&#8221; tbl_tcell_text_font=&#8221;Rns Sanz||||||||&#8221; tbl_tcell_text_font_size=&#8221;17px&#8221; tbl_chead_text_font=&#8221;Rns Sanz|700||on|||||&#8221; tbl_chead_text_text_color=&#8221;#000000&#8243; tbl_chead_text_font_size=&#8221;18px&#8221; tbl_rhead_text_font=&#8221;Open Sans|700|||||||&#8221; tbl_rhead_text_text_color=&#8221;#7a7a7a&#8221; custom_margin=&#8221;-25px||||false|false&#8221; hover_enabled=&#8221;0&#8243; locked=&#8221;off&#8221; global_colors_info=&#8221;{}&#8221; sticky_enabled=&#8221;0&#8243;][dvmd_table_maker_item col_label=&#8221;Componente&#8221; col_content=&#8221;Componente<br \/>\n\u00c1lcool (etanol)<br \/>\nenergia, total<br \/>\ngordura, total<br \/>\nprote\u00edna, total<br \/>\n\u00e1gua (humidade)&#8221; col_column_max_width=&#8221;60%&#8221; col_tcell_cell_color=&#8221;#ffffff&#8221; col_tcell_cell_align_horz=&#8221;left&#8221; col_chead_cell_align_horz=&#8221;left&#8221; _builder_version=&#8221;4.20.4&#8243; _module_preset=&#8221;default&#8221; col_chead_text_text_color=&#8221;#000000&#8243; col_chead_text_font_size=&#8221;18px&#8221; hover_enabled=&#8221;0&#8243; global_colors_info=&#8221;{}&#8221; sticky_enabled=&#8221;0&#8243;][\/dvmd_table_maker_item][dvmd_table_maker_item col_label=&#8221;Valor&#8221; col_content=&#8221;Valor\/unidade<br \/>\n0g<br \/>\n2453 (589)KJ (Kcal)<br \/>\n45,22g<br \/>\n19,1333g<br \/>\n5,8682g&#8221; _builder_version=&#8221;4.20.4&#8243; _module_preset=&#8221;default&#8221; col_chead_text_text_color=&#8221;#000000&#8243; col_chead_text_font_size=&#8221;18px&#8221; hover_enabled=&#8221;0&#8243; global_colors_info=&#8221;{}&#8221; sticky_enabled=&#8221;0&#8243;][\/dvmd_table_maker_item][\/dvmd_table_maker][et_pb_text _builder_version=&#8221;4.20.4&#8243; _module_preset=&#8221;default&#8221; header_2_font_size=&#8221;22px&#8221; hover_enabled=&#8221;0&#8243; global_colors_info=&#8221;{}&#8221; sticky_enabled=&#8221;0&#8243;]<\/p>\n<h2>Hidratos de Carbono<\/h2>\n<p>[\/et_pb_text][dvmd_table_maker tbl_row_header_count=&#8221;0&#8243; tbl_responsive_breakpoint=&#8221;none&#8221; tbl_stripes_active=&#8221;on&#8221; tbl_stripes_apply=&#8221;on|off|off|off|off&#8221; tbl_stripes_brightness=&#8221;95%&#8221; tbl_tcell_cell_color=&#8221;#FFFFFF&#8221; tbl_tcell_cell_align_horz=&#8221;center&#8221; tbl_tcell_cell_align_vert=&#8221;center&#8221; tbl_chead_cell_color=&#8221;rgba(224,153,0,0.3)&#8221; tbl_chead_cell_align_horz=&#8221;center&#8221; tbl_chead_cell_align_vert=&#8221;center&#8221; tbl_rhead_cell_color=&#8221;#FFFFFF&#8221; tbl_rhead_cell_align_horz=&#8221;center&#8221; tbl_rhead_cell_align_vert=&#8221;center&#8221; tbl_chead_text_wrap=&#8221;normal&#8221; _builder_version=&#8221;4.20.4&#8243; _module_preset=&#8221;default&#8221; tbl_tcell_text_font=&#8221;Rns Sanz||||||||&#8221; tbl_tcell_text_font_size=&#8221;17px&#8221; tbl_chead_text_font=&#8221;Rns Sanz|700||on|||||&#8221; tbl_chead_text_text_color=&#8221;#000000&#8243; tbl_chead_text_font_size=&#8221;18px&#8221; tbl_rhead_text_font=&#8221;Open Sans|700|||||||&#8221; tbl_rhead_text_text_color=&#8221;#7a7a7a&#8221; custom_margin=&#8221;-25px||||false|false&#8221; hover_enabled=&#8221;0&#8243; locked=&#8221;off&#8221; global_colors_info=&#8221;{}&#8221; sticky_enabled=&#8221;0&#8243;][dvmd_table_maker_item col_label=&#8221;Componente&#8221; col_content=&#8221;Componente<br \/>\nfibra, dieta total<br \/>\nHidratos de carbono&#8221; col_column_max_width=&#8221;60%&#8221; col_tcell_cell_color=&#8221;#ffffff&#8221; col_tcell_cell_align_horz=&#8221;left&#8221; col_chead_cell_align_horz=&#8221;left&#8221; _builder_version=&#8221;4.20.4&#8243; _module_preset=&#8221;default&#8221; col_chead_text_text_color=&#8221;#000000&#8243; col_chead_text_font_size=&#8221;18px&#8221; hover_enabled=&#8221;0&#8243; global_colors_info=&#8221;{}&#8221; sticky_enabled=&#8221;0&#8243;][\/dvmd_table_maker_item][dvmd_table_maker_item col_label=&#8221;Valor&#8221; col_content=&#8221;Valor\/unidade<br \/>\n8,3475g<br \/>\n6,2038g&#8221; _builder_version=&#8221;4.20.4&#8243; _module_preset=&#8221;default&#8221; col_chead_text_text_color=&#8221;#000000&#8243; col_chead_text_font_size=&#8221;18px&#8221; hover_enabled=&#8221;0&#8243; global_colors_info=&#8221;{}&#8221; sticky_enabled=&#8221;0&#8243;][\/dvmd_table_maker_item][\/dvmd_table_maker][et_pb_text _builder_version=&#8221;4.20.4&#8243; _module_preset=&#8221;default&#8221; header_2_font_size=&#8221;22px&#8221; hover_enabled=&#8221;0&#8243; global_colors_info=&#8221;{}&#8221; sticky_enabled=&#8221;0&#8243;]<\/p>\n<h2>Gorduras<\/h2>\n<p>[\/et_pb_text][dvmd_table_maker tbl_row_header_count=&#8221;0&#8243; tbl_responsive_breakpoint=&#8221;none&#8221; tbl_stripes_active=&#8221;on&#8221; tbl_stripes_apply=&#8221;on|off|off|off|off&#8221; tbl_stripes_brightness=&#8221;95%&#8221; tbl_tcell_cell_color=&#8221;#FFFFFF&#8221; tbl_tcell_cell_align_horz=&#8221;center&#8221; tbl_tcell_cell_align_vert=&#8221;center&#8221; tbl_chead_cell_color=&#8221;rgba(224,153,0,0.3)&#8221; tbl_chead_cell_align_horz=&#8221;center&#8221; tbl_chead_cell_align_vert=&#8221;center&#8221; tbl_rhead_cell_color=&#8221;#FFFFFF&#8221; tbl_rhead_cell_align_horz=&#8221;center&#8221; tbl_rhead_cell_align_vert=&#8221;center&#8221; tbl_chead_text_wrap=&#8221;normal&#8221; _builder_version=&#8221;4.20.4&#8243; _module_preset=&#8221;default&#8221; tbl_tcell_text_font=&#8221;Rns Sanz||||||||&#8221; tbl_tcell_text_font_size=&#8221;17px&#8221; tbl_chead_text_font=&#8221;Rns Sanz|700||on|||||&#8221; tbl_chead_text_text_color=&#8221;#000000&#8243; tbl_chead_text_font_size=&#8221;18px&#8221; tbl_rhead_text_font=&#8221;Open Sans|700|||||||&#8221; tbl_rhead_text_text_color=&#8221;#7a7a7a&#8221; custom_margin=&#8221;-25px||||false|false&#8221; hover_enabled=&#8221;0&#8243; locked=&#8221;off&#8221; global_colors_info=&#8221;{}&#8221; sticky_enabled=&#8221;0&#8243;][dvmd_table_maker_item col_label=&#8221;Componente&#8221; col_content=&#8221;Componente<br \/>\n\u00e1cido gordo 22:6 n-3 (\u00e1cido docosahexaenoico)<br \/>\n\u00e1cido gordo, moninsaturado total<br \/>\n\u00e1cido gordo, polinsaturados totais<br \/>\n\u00e1cido gordo, total de saturados<br \/>\n\u00e1cido gordo, 12:0 (l\u00e1urico)<br \/>\n\u00e1cido gordo, 14:0 (\u00e1cido mir\u00edstico)<br \/>\n\u00e1cido gordo, 16:0 (\u00e1cido palm\u00edtico)<br \/>\n\u00e1cido gordo, 18:0 (\u00e1cido este\u00e1rico)<br \/>\n\u00e1cido gordo, 18:1 n-9 cis (\u00e1cido oleico)<br \/>\ncolesterol<br \/>\n\u00e1cido gordo 18:2<br \/>\n\u00e1cido gordo 18:3<br \/>\n\u00e1cido gordo 20:4 n-6 (\u00e1cido araquid\u00f3nico)<br \/>\n\u00e1cido gordo 20:5 (\u00e1cido eicosapentaen\u00f3ico)&#8221; col_column_max_width=&#8221;60%&#8221; col_tcell_cell_color=&#8221;#ffffff&#8221; col_tcell_cell_align_horz=&#8221;left&#8221; col_chead_cell_align_horz=&#8221;left&#8221; _builder_version=&#8221;4.20.4&#8243; _module_preset=&#8221;default&#8221; col_chead_text_text_color=&#8221;#000000&#8243; col_chead_text_font_size=&#8221;18px&#8221; hover_enabled=&#8221;0&#8243; global_colors_info=&#8221;{}&#8221; sticky_enabled=&#8221;0&#8243;][\/dvmd_table_maker_item][dvmd_table_maker_item col_label=&#8221;Valor&#8221; col_content=&#8221;Valor\/unidade<br \/>\n&#8212;<br \/>\n27,98g<br \/>\n11,14g<br \/>\n4,32g<br \/>\n&#8212;<br \/>\n0,03g<br \/>\n2,98g<br \/>\n1,08g<br \/>\n27,3g<br \/>\n0mg<br \/>\n11,06g<br \/>\n0,05g<br \/>\n&#8212;<br \/>\n&#8211;&#8221; _builder_version=&#8221;4.20.4&#8243; _module_preset=&#8221;default&#8221; col_chead_text_text_color=&#8221;#000000&#8243; col_chead_text_font_size=&#8221;18px&#8221; hover_enabled=&#8221;0&#8243; global_colors_info=&#8221;{}&#8221; sticky_enabled=&#8221;0&#8243;][\/dvmd_table_maker_item][\/dvmd_table_maker][et_pb_text _builder_version=&#8221;4.20.4&#8243; _module_preset=&#8221;default&#8221; header_2_font_size=&#8221;22px&#8221; hover_enabled=&#8221;0&#8243; global_colors_info=&#8221;{}&#8221; sticky_enabled=&#8221;0&#8243;]<\/p>\n<h2>Minerais<\/h2>\n<p>[\/et_pb_text][dvmd_table_maker tbl_row_header_count=&#8221;0&#8243; tbl_responsive_breakpoint=&#8221;none&#8221; tbl_stripes_active=&#8221;on&#8221; tbl_stripes_apply=&#8221;on|off|off|off|off&#8221; tbl_stripes_brightness=&#8221;95%&#8221; tbl_tcell_cell_color=&#8221;#FFFFFF&#8221; tbl_tcell_cell_align_horz=&#8221;center&#8221; tbl_tcell_cell_align_vert=&#8221;center&#8221; tbl_chead_cell_color=&#8221;rgba(224,153,0,0.3)&#8221; tbl_chead_cell_align_horz=&#8221;center&#8221; tbl_chead_cell_align_vert=&#8221;center&#8221; tbl_rhead_cell_color=&#8221;#FFFFFF&#8221; tbl_rhead_cell_align_horz=&#8221;center&#8221; tbl_rhead_cell_align_vert=&#8221;center&#8221; tbl_chead_text_wrap=&#8221;normal&#8221; _builder_version=&#8221;4.20.4&#8243; _module_preset=&#8221;default&#8221; tbl_tcell_text_font=&#8221;Rns Sanz||||||||&#8221; tbl_tcell_text_font_size=&#8221;17px&#8221; tbl_chead_text_font=&#8221;Rns Sanz|700||on|||||&#8221; tbl_chead_text_text_color=&#8221;#000000&#8243; tbl_chead_text_font_size=&#8221;18px&#8221; tbl_rhead_text_font=&#8221;Open Sans|700|||||||&#8221; tbl_rhead_text_text_color=&#8221;#7a7a7a&#8221; custom_margin=&#8221;-25px||||false|false&#8221; hover_enabled=&#8221;0&#8243; locked=&#8221;off&#8221; global_colors_info=&#8221;{}&#8221; sticky_enabled=&#8221;0&#8243;][dvmd_table_maker_item col_label=&#8221;Componente&#8221; col_content=&#8221;Componente<br \/>\nc\u00e1lcio<br \/>\nferro, total<br \/>\npot\u00e1ssio<br \/>\nmagn\u00e9sio<br \/>\ns\u00f3dio<br \/>\nf\u00f3sforo<br \/>\niodo<br \/>\nsel\u00e9nio, total<br \/>\nzinco&#8221; col_column_max_width=&#8221;60%&#8221; col_tcell_cell_color=&#8221;#ffffff&#8221; col_tcell_cell_align_horz=&#8221;left&#8221; col_chead_cell_align_horz=&#8221;left&#8221; _builder_version=&#8221;4.20.4&#8243; _module_preset=&#8221;default&#8221; col_chead_text_text_color=&#8221;#000000&#8243; col_chead_text_font_size=&#8221;18px&#8221; hover_enabled=&#8221;0&#8243; global_colors_info=&#8221;{}&#8221; sticky_enabled=&#8221;0&#8243;][\/dvmd_table_maker_item][dvmd_table_maker_item col_label=&#8221;Valor&#8221; col_content=&#8221;Valor\/unidade<br \/>\n248,25mg<br \/>\n3,5875mg<br \/>\n767,25mg<br \/>\n258,125mg<br \/>\n10,3625mg<br \/>\n524,875mg<br \/>\n2\u03bcg<br \/>\n4\u03bcg<br \/>\n3,6mg&#8221; _builder_version=&#8221;4.20.4&#8243; _module_preset=&#8221;default&#8221; col_chead_text_text_color=&#8221;#000000&#8243; col_chead_text_font_size=&#8221;18px&#8221; hover_enabled=&#8221;0&#8243; global_colors_info=&#8221;{}&#8221; sticky_enabled=&#8221;0&#8243;][\/dvmd_table_maker_item][\/dvmd_table_maker][\/et_pb_column][\/et_pb_row][\/et_pb_section][et_pb_section fb_built=&#8221;1&#8243; _builder_version=&#8221;4.20.4&#8243; _module_preset=&#8221;default&#8221; custom_margin=&#8221;0px||||false|false&#8221; custom_padding=&#8221;0px||||false|false&#8221; global_colors_info=&#8221;{}&#8221;][et_pb_row _builder_version=&#8221;4.20.4&#8243; _module_preset=&#8221;default&#8221; min_height=&#8221;425.1px&#8221; global_colors_info=&#8221;{}&#8221;][et_pb_column type=&#8221;4_4&#8243; _builder_version=&#8221;4.20.4&#8243; _module_preset=&#8221;default&#8221; global_colors_info=&#8221;{}&#8221;][et_pb_text _builder_version=&#8221;4.20.4&#8243; _module_preset=&#8221;default&#8221; text_text_color=&#8221;#000000&#8243; text_font_size=&#8221;30px&#8221; text_line_height=&#8221;1.2em&#8221; text_orientation=&#8221;center&#8221; global_colors_info=&#8221;{}&#8221;]<\/p>\n<p>De acordo com os dados da Base de Dados Espanhola de Composi\u00e7\u00e3o de Alimentos (BEDCA) do Minist\u00e9rio da Ci\u00eancia e Inova\u00e7\u00e3o, estes s\u00e3o os seus atributos:<\/p>\n<p>[\/et_pb_text][et_pb_slider arrows_custom_color=&#8221;#E09900&#8243; dot_nav_custom_color=&#8221;#E09900&#8243; _builder_version=&#8221;4.20.4&#8243; body_font=&#8221;Merriweather||||||||&#8221; body_font_size=&#8221;20px&#8221; body_line_height=&#8221;2em&#8221; background_color=&#8221;rgba(155,155,155,0.1)&#8221; custom_padding=&#8221;100px|||||&#8221; custom_padding_tablet=&#8221;20px||&#8221; custom_padding_phone=&#8221;&#8221; custom_padding_last_edited=&#8221;on|tablet&#8221; auto=&#8221;on&#8221; body_font_size_tablet=&#8221;&#8221; body_font_size_phone=&#8221;14px&#8221; body_font_size_last_edited=&#8221;on|phone&#8221; global_colors_info=&#8221;{}&#8221;][et_pb_slide heading=&#8221;Alto teor de gorduras insaturadas (39 g por cada 100 g)&#8221; _builder_version=&#8221;4.20.4&#8243; header_font_size=&#8221;30px&#8221; body_font=&#8221;Rns Sanz||||||||&#8221; background_layout=&#8221;light&#8221; global_colors_info=&#8221;{}&#8221; sticky_transition=&#8221;on&#8221;]<\/p>\n<p>De acordo com a Ag\u00eancia Espanhola de Seguran\u00e7a Alimentar e Nutricional (AESAN), \u00aba substitui\u00e7\u00e3o de gorduras saturadas por gorduras insaturadas na dieta demonstrou reduzir o colesterol no sangue. O colesterol elevado \u00e9 um fator de risco de doen\u00e7a coron\u00e1ria\u00bb.<\/p>\n<p>[\/et_pb_slide][et_pb_slide heading=&#8221;Fonte de prote\u00ednas de origem vegetal (19 g por cada 100 g)&#8221; _builder_version=&#8221;4.20.4&#8243; header_font_size=&#8221;30px&#8221; body_font=&#8221;Rns Sanz||||||||&#8221; background_layout=&#8221;light&#8221; global_colors_info=&#8221;{}&#8221; sticky_transition=&#8221;on&#8221;]<\/p>\n<p>As prote\u00ednas que cont\u00eam s\u00e3o de boa qualidade, completas em termos de teor de amino\u00e1cidos essenciais, segundo o MAPA.<\/p>\n<p>[\/et_pb_slide][et_pb_slide heading=&#8221;Elevado teor de fibra (8 g por cada 100 g)&#8221; _builder_version=&#8221;4.20.4&#8243; header_font_size=&#8221;30px&#8221; body_font=&#8221;Rns Sanz||||||||&#8221; background_layout=&#8221;light&#8221; global_colors_info=&#8221;{}&#8221; sticky_transition=&#8221;on&#8221;]<\/p>\n<p>Destaca-se dos outros frutos secos.<\/p>\n<p>[\/et_pb_slide][et_pb_slide heading=&#8221;Elevado teor de vitamina E (24 mg por cada 100 g)&#8221; _builder_version=&#8221;4.20.4&#8243; header_font_size=&#8221;30px&#8221; body_font=&#8221;Rns Sanz||||||||&#8221; background_layout=&#8221;light&#8221; global_colors_info=&#8221;{}&#8221; sticky_transition=&#8221;on&#8221;]<\/p>\n<p>A vitamina E \u00abcontribui para a prote\u00e7\u00e3o das c\u00e9lulas contra os danos oxidativos\u00bb, segundo a AESAN. Apenas 50 g de am\u00eandoas cruas fornecem 100% da dose di\u00e1ria recomendada.<\/p>\n<p>[\/et_pb_slide][et_pb_slide heading=&#8221;Ricas em f\u00f3sforo, magn\u00e9sio, c\u00e1lcio e zinco, e fonte de ferro.&#8221; _builder_version=&#8221;4.20.4&#8243; header_font_size=&#8221;30px&#8221; body_font=&#8221;Rns Sanz||||||||&#8221; background_layout=&#8221;light&#8221; global_colors_info=&#8221;{}&#8221; sticky_transition=&#8221;on&#8221;]<\/p>\n<p>Uma por\u00e7\u00e3o de 20 g de am\u00eandoas cruas fornece 15% da dose di\u00e1ria recomendada de f\u00f3sforo e magn\u00e9sio, e cerca de 6% da dose di\u00e1ria recomendada de ferro, pot\u00e1ssio e c\u00e1lcio.<\/p>\n<p>[\/et_pb_slide][\/et_pb_slider][et_pb_text _builder_version=&#8221;4.20.4&#8243; _module_preset=&#8221;default&#8221; text_font_size=&#8221;22px&#8221; global_colors_info=&#8221;{}&#8221;]<\/p>\n<p>Por todas estas raz\u00f5es, os quatro pa\u00edses visados pela campanha <strong>recomendam o consumo regular de am\u00eandoas<\/strong> e outros frutos secos.<\/p>\n<p>Estas s\u00e3o as diretrizes publicadas pelos v\u00e1rios Estados, de acordo com os relat\u00f3rios da Comiss\u00e3o Europeia:<\/p>\n<p>&nbsp;<\/p>\n<ul>\n<li style=\"list-style-type: none;\">\n<ul>\n<li>Espanha: \u00abOs frutos secos fornecem fibra, prote\u00ednas de origem vegetal e \u00e1cidos gordos \u00f3mega-3, uma gordura insaturada que beneficia a sa\u00fade cardiovascular\u00bb.<\/li>\n<li>Alemanha: \u00ab25 g de frutos secos podem substituir uma por\u00e7\u00e3o de fruta\u00bb.<\/li>\n<li>Fran\u00e7a: \u00ab[Coma] uma m\u00e3o-cheia de frutos secos sem sal por dia\u00bb.<\/li>\n<li>Portugal: \u00abComa frutos secos como parte da sua dieta\u00bb.<\/li>\n<\/ul>\n<\/li>\n<\/ul>\n<p>[\/et_pb_text][\/et_pb_column][\/et_pb_row][\/et_pb_section]<\/p>\n","protected":false},"excerpt":{"rendered":"<p>Benef\u00edcios nutricionaisComo elemento-chave da Dieta Mediterr\u00e2nica desde tempos imemoriais, o perfil nutricional da am\u00eandoa \u00e9 muito completo e, como todos os outros frutos secos, \u00e9 essencial para manter uma alimenta\u00e7\u00e3o saud\u00e1vel. Tem, por exemplo, um elevado teor de gorduras (nomeadamente gorduras insaturadas, ou seja, ben\u00e9ficas para a sa\u00fade cardiovascular) e um elevado teor de prote\u00ednas [&hellip;]<\/p>\n","protected":false},"author":1,"featured_media":0,"parent":0,"menu_order":0,"comment_status":"closed","ping_status":"closed","template":"","meta":{"_et_pb_use_builder":"on","_et_pb_old_content":"","_et_gb_content_width":"","footnotes":""},"class_list":["post-243183","page","type-page","status-publish","hentry"],"_links":{"self":[{"href":"https:\/\/sustainablealmond.eu\/pt-pt\/wp-json\/wp\/v2\/pages\/243183"}],"collection":[{"href":"https:\/\/sustainablealmond.eu\/pt-pt\/wp-json\/wp\/v2\/pages"}],"about":[{"href":"https:\/\/sustainablealmond.eu\/pt-pt\/wp-json\/wp\/v2\/types\/page"}],"author":[{"embeddable":true,"href":"https:\/\/sustainablealmond.eu\/pt-pt\/wp-json\/wp\/v2\/users\/1"}],"replies":[{"embeddable":true,"href":"https:\/\/sustainablealmond.eu\/pt-pt\/wp-json\/wp\/v2\/comments?post=243183"}],"version-history":[{"count":6,"href":"https:\/\/sustainablealmond.eu\/pt-pt\/wp-json\/wp\/v2\/pages\/243183\/revisions"}],"predecessor-version":[{"id":243479,"href":"https:\/\/sustainablealmond.eu\/pt-pt\/wp-json\/wp\/v2\/pages\/243183\/revisions\/243479"}],"wp:attachment":[{"href":"https:\/\/sustainablealmond.eu\/pt-pt\/wp-json\/wp\/v2\/media?parent=243183"}],"curies":[{"name":"wp","href":"https:\/\/api.w.org\/{rel}","templated":true}]}}