{"id":243467,"date":"2023-06-19T08:13:49","date_gmt":"2023-06-19T08:13:49","guid":{"rendered":"https:\/\/sustainablealmond.eu\/politica-de-cookies\/"},"modified":"2023-07-10T10:10:29","modified_gmt":"2023-07-10T10:10:29","slug":"politica-de-cookies","status":"publish","type":"page","link":"https:\/\/sustainablealmond.eu\/pt-pt\/politica-de-cookies\/","title":{"rendered":"Pol\u00edtica de cookies"},"content":{"rendered":"<p>[et_pb_section fb_built=&#8221;1&#8243; _builder_version=&#8221;4.20.4&#8243; _module_preset=&#8221;default&#8221; global_colors_info=&#8221;{}&#8221;][et_pb_row _builder_version=&#8221;4.20.4&#8243; _module_preset=&#8221;default&#8221; global_colors_info=&#8221;{}&#8221;][et_pb_column type=&#8221;4_4&#8243; _builder_version=&#8221;4.20.4&#8243; _module_preset=&#8221;default&#8221; global_colors_info=&#8221;{}&#8221;][et_pb_text _builder_version=&#8221;4.20.4&#8243; _module_preset=&#8221;default&#8221; header_font_size=&#8221;45px&#8221; hover_enabled=&#8221;0&#8243; global_colors_info=&#8221;{}&#8221; sticky_enabled=&#8221;0&#8243;]<\/p>\n<h1>Pol\u00edtica de Cookies<\/h1>\n<p>Em cumprimento com a Lei n.\u00ba 58\/2019 de 8 de agosto que assegura a execu\u00e7\u00e3o do Regulamento (UE) 2016\/679 do Parlamento Europeu e do Conselho, que \u00e9 o novo Regulamento Geral sobre a Prote\u00e7\u00e3o de Dados (RGPD) da Uni\u00e3o Europeia (UE), este website d\u00e1 informa\u00e7\u00e3o sobre a pol\u00edtica de recolha e tratamento de cookies.<\/p>\n<p><strong>O QUE S\u00c3O COOKIES?<\/strong><\/p>\n<p>S\u00e3o ficheiros que s\u00e3o descarregados para o seu computador ao aceder a determinadas p\u00e1ginas de internet. Os cookies permitem a uma p\u00e1gina web, entre outras coisas, armazenar e recuperar informa\u00e7\u00e3o sobre h\u00e1bitos de navega\u00e7\u00e3o de um utilizador ou da sua equipa e, dependendo da informa\u00e7\u00e3o que contenham e da forma que utiliza o seu equipamento, podem ser utilizados para reconhecer o utilizador.<\/p>\n<p><strong>QUE TIPO DE COOKIES S\u00c3O USADOS NESTA P\u00c1GINA?<\/strong><\/p>\n<p>Esta p\u00e1gina web utiliza os seguintes tipos de cookies:<\/p>\n<p style=\"padding-left: 40px;\"><strong>Cookies de an\u00e1lise:<\/strong>\u00a0s\u00e3o os que, processados por n\u00f3s ou por terceiros, nos permitem quantificar o n\u00famero de utilizadores e dessa forma realizar a an\u00e1lise estat\u00edstica da utiliza\u00e7\u00e3o que os utilizadores fazem dos nossos servi\u00e7os. Para isso \u00e9 analisada a sua navega\u00e7\u00e3o na nossa p\u00e1gina, com a finalidade de melhorar a oferta de produtos e servi\u00e7os que oferecemos.<\/p>\n<p style=\"padding-left: 40px;\"><strong>Cookies t\u00e9cnicos:<\/strong>\u00a0permitem ao utilizador navegar atrav\u00e9s da \u00e1rea restringida e a utiliza\u00e7\u00e3o de diferentes fun\u00e7\u00f5es, como por exemplo avan\u00e7ar com o processo de troca de um artigo.<\/p>\n<p style=\"padding-left: 40px;\"><strong>Cookies de personaliza\u00e7\u00e3o:<\/strong>\u00a0permitem ao utilizador aceder ao servi\u00e7o com algumas caracter\u00edsticas de car\u00e1ter geral predefinidas em fun\u00e7\u00e3o de uma s\u00e9rie de crit\u00e9rios no terminal do utilizador, como por exemplo o idioma e o tipo de navegador atrav\u00e9s do qual se liga ao servi\u00e7o.<\/p>\n<p style=\"padding-left: 40px;\"><strong>Cookies publicit\u00e1rios:<\/strong>\u00a0permitem gerir da forma mais eficaz poss\u00edvel a oferta dos espa\u00e7os publicit\u00e1rios que existem na p\u00e1gina web, adequando o conte\u00fado do an\u00fancio ao conte\u00fado do servi\u00e7o solicitado ou \u00e0 utiliza\u00e7\u00e3o que faz da nossa p\u00e1gina web. Para isso podemos analisar os seus h\u00e1bitos de navega\u00e7\u00e3o na internet e podemos mostrar-lhe publicidade relacionada com o seu perfil de navega\u00e7\u00e3o.<\/p>\n<p style=\"padding-left: 40px;\"><strong>Cookies de publicidade comportamental:<\/strong>\u00a0permitem a gest\u00e3o, da forma mais eficaz poss\u00edvel, dos espa\u00e7os publicit\u00e1rios que, em cada caso, o editor tenha inclu\u00eddo numa p\u00e1gina web, aplica\u00e7\u00e3o ou plataforma, desde que preste o servi\u00e7o solicitado. Este tipo de cookies armazena informa\u00e7\u00e3o do comportamento dos visitantes, obtida atrav\u00e9s da observa\u00e7\u00e3o continuada dos seus h\u00e1bitos de navega\u00e7\u00e3o, o que permite desenvolver um perfil espec\u00edfico para mostrar an\u00fancios publicit\u00e1rios em fun\u00e7\u00e3o do mesmo.<\/p>\n<p><strong>DESATIVAR COOKIES<\/strong><\/p>\n<p>Pode permitir, bloquear ou eliminar os cookies instalados no seu equipamento, mediante a configura\u00e7\u00e3o das op\u00e7\u00f5es do navegador instalado no seu computador.<\/p>\n<p>Na maioria dos navegadores de internet \u00e9 oferecida a possibilidade de permitir, bloquear ou eliminar os cookies instalados no seu equipamento.<\/p>\n<p>De seguida pode aceder \u00e0 configura\u00e7\u00e3o dos navegadores de internet mais frequentes para aceitar, instalar ou desativar os cookies:<\/p>\n<p><a href=\"https:\/\/support.google.com\/chrome\/answer\/95647?hl=pt\" target=\"_blank\" rel=\"noopener\">Configurar cookies no Google Chrome<\/a><\/p>\n<p><a href=\"https:\/\/support.microsoft.com\/pt-pt\/windows\" target=\"_blank\" rel=\"noopener\">Configurar cookies no Microsoft Internet Explorer<\/a><\/p>\n<p><a href=\"https:\/\/support.mozilla.org\/es\/kb\/habilitar-y-deshabilitar-cookies-sitios-web-rastrear-preferencias?redirectlocale=es&amp;redirectslug=habilitar-y-deshabilitar-cookies-que-los-sitios-we\" target=\"_blank\" rel=\"noopener\">Configurar cookies no Mozilla Firefox<\/a><\/p>\n<p><a href=\"https:\/\/support.apple.com\/pt-pt\/HT201265\" target=\"_blank\" rel=\"noopener\">Configurar cookies no Safari (Apple)<\/a><\/p>\n<p><strong>COOKIES DE TERCEIROS<\/strong><\/p>\n<p>Esta p\u00e1gina web utiliza servi\u00e7os de terceiros para recolher informa\u00e7\u00e3o para fins estat\u00edsticos e de utiliza\u00e7\u00e3o da p\u00e1gina. S\u00e3o utilizados cookies de DoubleClick para melhorar a publicidade inclu\u00edda na p\u00e1gina. S\u00e3o utilizados para orientar a publicidade segundo o conte\u00fado que \u00e9 relevante para o utilizador, melhorando assim a qualidade da experi\u00eancia.<\/p>\n<p>Em concreto, usamos os servi\u00e7os de Google Adsense e de Google Analytics para as nossas estat\u00edsticas e publicidade. Alguns cookies s\u00e3o essenciais para o funcionamento do website, por exemplo a op\u00e7\u00e3o de pesquisa.<\/p>\n<p>A nossa p\u00e1gina inclui outras funcionalidades proporcionadas por terceiros. Pode facilmente partilhar o conte\u00fado nas redes sociais como Facebook, Twitter ou Google+, com os bot\u00f5es que inclu\u00edmos para o efeito.<\/p>\n<p><strong>ADVERT\u00caNCIA SOBRE ELIMINAR COOKIES<\/strong><\/p>\n<p>Pode eliminar ou bloquear todos os cookies desta p\u00e1gina, mas parte da p\u00e1gina n\u00e3o funcionar\u00e1, ou a qualidade da mesma pode ser afetada.<\/p>\n<p>Se tem alguma d\u00favida acerca da nossa pol\u00edtica de cookies, pode contactar-nos atrav\u00e9s dos nossos canais de contacto.<\/p>\n<p>[\/et_pb_text][\/et_pb_column][\/et_pb_row][\/et_pb_section]<\/p>\n","protected":false},"excerpt":{"rendered":"<p>Pol\u00edtica de Cookies Em cumprimento com a Lei n.\u00ba 58\/2019 de 8 de agosto que assegura a execu\u00e7\u00e3o do Regulamento (UE) 2016\/679 do Parlamento Europeu e do Conselho, que \u00e9 o novo Regulamento Geral sobre a Prote\u00e7\u00e3o de Dados (RGPD) da Uni\u00e3o Europeia (UE), este website d\u00e1 informa\u00e7\u00e3o sobre a pol\u00edtica de recolha e tratamento [&hellip;]<\/p>\n","protected":false},"author":1,"featured_media":0,"parent":0,"menu_order":0,"comment_status":"closed","ping_status":"closed","template":"","meta":{"_et_pb_use_builder":"on","_et_pb_old_content":"","_et_gb_content_width":"","footnotes":""},"class_list":["post-243467","page","type-page","status-publish","hentry"],"_links":{"self":[{"href":"https:\/\/sustainablealmond.eu\/pt-pt\/wp-json\/wp\/v2\/pages\/243467"}],"collection":[{"href":"https:\/\/sustainablealmond.eu\/pt-pt\/wp-json\/wp\/v2\/pages"}],"about":[{"href":"https:\/\/sustainablealmond.eu\/pt-pt\/wp-json\/wp\/v2\/types\/page"}],"author":[{"embeddable":true,"href":"https:\/\/sustainablealmond.eu\/pt-pt\/wp-json\/wp\/v2\/users\/1"}],"replies":[{"embeddable":true,"href":"https:\/\/sustainablealmond.eu\/pt-pt\/wp-json\/wp\/v2\/comments?post=243467"}],"version-history":[{"count":4,"href":"https:\/\/sustainablealmond.eu\/pt-pt\/wp-json\/wp\/v2\/pages\/243467\/revisions"}],"predecessor-version":[{"id":243502,"href":"https:\/\/sustainablealmond.eu\/pt-pt\/wp-json\/wp\/v2\/pages\/243467\/revisions\/243502"}],"wp:attachment":[{"href":"https:\/\/sustainablealmond.eu\/pt-pt\/wp-json\/wp\/v2\/media?parent=243467"}],"curies":[{"name":"wp","href":"https:\/\/api.w.org\/{rel}","templated":true}]}}