{"id":243476,"date":"2023-06-19T08:19:08","date_gmt":"2023-06-19T08:19:08","guid":{"rendered":"https:\/\/sustainablealmond.eu\/politica-de-privacidade\/"},"modified":"2023-07-10T09:46:16","modified_gmt":"2023-07-10T09:46:16","slug":"politica-de-privacidade","status":"publish","type":"page","link":"https:\/\/sustainablealmond.eu\/pt-pt\/politica-de-privacidade\/","title":{"rendered":"Pol\u00edtica de privacidade"},"content":{"rendered":"<p>[et_pb_section fb_built=&#8221;1&#8243; _builder_version=&#8221;4.20.4&#8243; _module_preset=&#8221;default&#8221; global_colors_info=&#8221;{}&#8221;][et_pb_row _builder_version=&#8221;4.20.4&#8243; _module_preset=&#8221;default&#8221; global_colors_info=&#8221;{}&#8221;][et_pb_column type=&#8221;4_4&#8243; _builder_version=&#8221;4.20.4&#8243; _module_preset=&#8221;default&#8221; global_colors_info=&#8221;{}&#8221;][et_pb_text _builder_version=&#8221;4.20.4&#8243; _module_preset=&#8221;default&#8221; header_font_size=&#8221;45px&#8221; hover_enabled=&#8221;0&#8243; global_colors_info=&#8221;{}&#8221; sticky_enabled=&#8221;0&#8243;]<\/p>\n<h1>Pol\u00edtica de privacidade<\/h1>\n<p>A <strong>ALMENDRAVE E CNCFS<\/strong> informa todos os utilizadores do website sobre a sua pol\u00edtica de tratamento e prote\u00e7\u00e3o de dados pessoais dos utilizadores e clientes que possam ser recolhidos ao navegar ou contratar servi\u00e7os atrav\u00e9s do seu website.<\/p>\n<p>Nesse sentido, a <strong>ALMENDRAVE E CNCFS<\/strong> garante o cumprimento da legisla\u00e7\u00e3o em vigor em mat\u00e9ria de prote\u00e7\u00e3o de dados pessoais: Lei n.\u00ba 58\/2019 de 8 de agosto que assegura a execu\u00e7\u00e3o do Regulamento (UE) 2016\/679 do Parlamento Europeu e do Conselho, que \u00e9 o novo Regulamento Geral sobre a Prote\u00e7\u00e3o de Dados (RGPD) da Uni\u00e3o Europeia (UE).<\/p>\n<p>A utiliza\u00e7\u00e3o deste website implica a aceita\u00e7\u00e3o desta pol\u00edtica de privacidade.<\/p>\n<p>Dados do respons\u00e1vel:<\/p>\n<ul>\n<li style=\"list-style-type: none;\">\n<ul>\n<li><strong>Titular:<\/strong>\u00a0ALMENDRAVE &#8211; Spanish Almond Board &#8211; Almendrave<\/li>\n<li><strong>NIF\/CIF:<\/strong>\u00a0G-20712428<\/li>\n<li><strong>Domic\u00edlio:<\/strong>\u00a0Diego de Le\u00f3n, 54 \u201328006 Madrid<\/li>\n<\/ul>\n<\/li>\n<\/ul>\n<p style=\"padding-left: 40px;\">\n<ul>\n<li style=\"list-style-type: none;\">\n<ul>\n<li><strong>Titular:<\/strong>\u00a0CNCFS &#8211; centro nacional de compet\u00eancias dos frutos secos<\/li>\n<li><strong>NIF\/CIF:<\/strong>\u00a0513419306<\/li>\n<li><strong>Domic\u00edlio:<\/strong> Edif\u00edcio do Brigantia EcoPark, Avenida Cidade de Le\u00f3n, N.\u00ba 506. 5300-358 Bragan\u00e7a, Portugal<\/li>\n<\/ul>\n<\/li>\n<\/ul>\n<p><strong>Princ\u00edpios que ser\u00e3o aplicados \u00e0 sua informa\u00e7\u00e3o pessoal<\/strong><\/p>\n<p>No tratamento dos seus dados pessoais, aplicaremos os seguintes princ\u00edpios, que se ajustam \u00e0s exig\u00eancias da nova legisla\u00e7\u00e3o europeia de prote\u00e7\u00e3o de dados:<\/p>\n<p>Princ\u00edpio da legalidade, lealdade e transpar\u00eancia: vamos sempre pedir o seu consentimento para o tratamento dos seus dados pessoais para uma ou v\u00e1rias finalidades espec\u00edficas, as quais comunicaremos previamente de forma transparente.<\/p>\n<p>Princ\u00edpio da minimizar\u00e3o de dados: s\u00f3 vamos solicitar os dados estritamente necess\u00e1rios de acordo com a finalidade do que requeremos. O m\u00ednimo poss\u00edvel.<\/p>\n<p>Princ\u00edpio da limita\u00e7\u00e3o do prazo de armazenamento: os dados ser\u00e3o mantidos apenas durante o tempo estritamente necess\u00e1rio para o seu tratamento, em fun\u00e7\u00e3o da finalidade, e ser\u00e1 informado do tempo de armazenamento correspondente, em caso de subscri\u00e7\u00f5es, periodicamente faremos a revis\u00e3o das nossas listas e eliminamos os registos que se encontrem inativos por um per\u00edodo consider\u00e1vel.<\/p>\n<p>Princ\u00edpio da integridade e confidencialidade: os seus dados pessoais ser\u00e3o tratados de forma a garantir toda a seguran\u00e7a e confidencialidade. Tomamos todas as precau\u00e7\u00f5es necess\u00e1rias para evitar o acesso n\u00e3o autorizado aos dados dos nossos utilizadores por parte de terceiros.<\/p>\n<p><strong>Como obtivemos os seus dados?<\/strong><\/p>\n<p>Para que possa navegar em <a href=\"https:\/\/sustainablealmond.eu\/inicio\">https:\/\/sustainablealmond.eu<\/a> n\u00e3o \u00e9 necess\u00e1rio facultar qualquer informa\u00e7\u00e3o pessoal.<\/p>\n<p>Os casos em que faculta os seus dados pessoais s\u00e3o os seguintes: ao contactar-nos atrav\u00e9s dos formul\u00e1rios de contacto ou atrav\u00e9s de e-mail.<\/p>\n<p><strong>Quais s\u00e3o os seus direitos quando nos faculta os seus dados?<\/strong><\/p>\n<p>Tem o direito a:<\/p>\n<p>Solicitar o acesso aos dados pessoais relativos \u00e0 pessoa interessada.<\/p>\n<p>Solicitar a sua retifica\u00e7\u00e3o ou supress\u00e3o.<\/p>\n<p>Solicitar a limita\u00e7\u00e3o do seu tratamento.<\/p>\n<p>Opor-se ao tratamento.<\/p>\n<p>&nbsp;<\/p>\n<p>N\u00e3o se pode exercer o direito \u00e0 portabilidade dos dados.<\/p>\n<p>O exerc\u00edcio destes direitos \u00e9 pessoa e deve ser exercido pelo interessado, solicitando-o directamente \u00e0 <strong>ALMENDRAVE E CNCFS<\/strong>, o que significa que qualquer cliente, subscritor ou colaborador que tenha facultado os dados em determinado momento, pode dirigir-se \u00e0 <strong>ALMENDRAVE E CNCFS<\/strong> e pedir informa\u00e7\u00e3o sobre os dados armazenados e como foram obtidos (direito de acesso), pode solicitar a retifica\u00e7\u00e3o dos mesmos, opor-se ao seu tratamento, limitar ou cancelar a sua utiliza\u00e7\u00e3o desses ficheiros.<\/p>\n<p>Pode enviar qualquer pedido deste g\u00e9nero e exercer este direito de acesso, retifica\u00e7\u00e3o, cancelamento e oposi\u00e7\u00e3o atrav\u00e9s de correio eletr\u00f3nico, enviando um e-mail para <strong>almendrave@almendrave.com<\/strong>, juntamente com uma prova v\u00e1lida (fotoc\u00f3pia de documento de identifica\u00e7\u00e3o)<\/p>\n<p>Os interessados tamb\u00e9m ter\u00e3o direito a tutela judicial efetiva e a apresentar uma reclama\u00e7\u00e3o perante a entidade reguladora, neste caso a Comiss\u00e3o Nacional de Prote\u00e7\u00e3o de Dados \u2013 se considerarem que o tratamento dos seus dados pessoais infringiu a legisla\u00e7\u00e3o.<\/p>\n<p><strong>Com que finalidade tratamos os deuses dados pessoais?<\/strong><\/p>\n<p>Quando um utilizador se liga a <a href=\"https:\/\/sustainablealmond.eu\/inicio\">https:\/\/sustainablealmond.eu<\/a> para enviar uma mensagem ao titular, criar uma subscri\u00e7\u00e3o ou realizar alguma transa\u00e7\u00e3o, est\u00e1 a facilitar informa\u00e7\u00e3o pessoal pela qual a <strong>ALMENDRAVE E CNCFS<\/strong> fica respons\u00e1vel. Essa informa\u00e7\u00e3o pode incluir dados de car\u00e1ter pessoal como a morada do IP, nome, morada, e-mail, n\u00famero de telefone ou outras informa\u00e7\u00f5es. Ao facilitar esta informa\u00e7\u00e3o, o utilizador d\u00e1 o seu consentimento para que a informa\u00e7\u00e3o seja recolhida, utilizada, gerida e armazenada por <a href=\"https:\/\/sustainablealmond.eu\/inicio\">https:\/\/sustainablealmond.eu<\/a><\/p>\n<p>Em <a href=\"https:\/\/sustainablealmond.eu\/inicio\">https:\/\/sustainablealmond.eu<\/a> existem diferentes formas de recolher informa\u00e7\u00e3o pessoal e a mesma \u00e9 tratada de acordo com cada finalidade, dependendo do formul\u00e1rio:<\/p>\n<p>Formul\u00e1rios de contacto: solicitamos os seguintes dados pessoais: nome, e-mail, telefone, que o podem ajudar a responder aos requerimentos dos utilizadores de <a href=\"https:\/\/sustainablealmond.eu\/inicio\">https:\/\/sustainablealmond.eu<\/a>. Por exemplo, podemos utilizar esses dados para responder aos seus pedidos e dar resposta \u00e0s suas d\u00favidas, queixas ou coment\u00e1rios que tenha relativamente \u00e0 informa\u00e7\u00e3o que est\u00e1 presente no nosso website, aos servi\u00e7os que prestamos, ao tratamento de dados pessoais, quest\u00f5es referentes aos textos legais inclu\u00eddos no website, assim como quaisquer outras quest\u00f5es que possa ter e que n\u00e3o estejam sujeitas \u00e0s condi\u00e7\u00f5es de contrata\u00e7\u00e3o.<\/p>\n<p><strong>Existem outras finalidades para as quais processamos os seus dados pessoais:<\/strong><\/p>\n<p>Para garantir o cumprimento das condi\u00e7\u00f5es de utiliza\u00e7\u00e3o da lei aplic\u00e1vel. Isto pode incluir o desenvolvimento de ferramentas e algoritmos que ajudam este website a garantir a confidencialidade dos dados pessoais que recolhe.<\/p>\n<p>Para apoiar e melhor os servi\u00e7os que este website oferece.<\/p>\n<p>Tamb\u00e9m s\u00e3o recolhidos outros dados n\u00e3o identificativos que s\u00e3o obtidos mediante alguns cookies que s\u00e3o descarregados para o computador do utilizador quando navega neste website, e que detalhamos na pol\u00edtica de cookies.<\/p>\n<p>Para gerir as redes sociais: a <strong>ALMENDRAVE E CNCFS<\/strong> pode ter uma presen\u00e7a nas redes sociais. O tratamento dos dados das pessoas que se tornem seguidoras nas redes sociais das p\u00e1ginas oficiais da <strong>ALMENDRAVE E CNCFS<\/strong> ser\u00e3o geridas por esta morada. Assim como as condi\u00e7\u00f5es utiliza\u00e7\u00e3o, pol\u00edticas de privacidade e regras de acesso que perten\u00e7am \u00e0 rede social e que foram previamente aceites pelo utilizador. A <strong>ALMENDRAVE E CNCFS<\/strong> tratar\u00e1 os seus dados com a finalidade de administrar correctamente a sua presen\u00e7a na rede social, informando-o das atividades, produtos ou servi\u00e7os da <strong>ALMENDRAVE E CNCFS<\/strong>. Assim como para qualquer outra finalidade que as regras das redes sociais permitam. Em nenhum caso utilizaremos os perfis dos seguidores das redes socais para enviar publicidade de forma individual.<\/p>\n<p><strong>Como protegemos os seus dados<\/strong><\/p>\n<p>Este website est\u00e1 alojado em <a href=\"https:\/\/www.minervahosting.com\">https:\/\/www.minervahosting.com<\/a> a seguran\u00e7a dos seus dados est\u00e1 garantida, por serem tomadas todas as medidas de seguran\u00e7a necess\u00e1rias para o efeito. Pode consultar a pol\u00edtica de privacidade para ter mais informa\u00e7\u00e3o.<\/p>\n<p>Para proteger a sua informa\u00e7\u00e3o pessoal, tomamos precau\u00e7\u00f5es razo\u00e1veis e seguimos as melhores pr\u00e1ticas da ind\u00fastria para assegurarmos que n\u00e3o \u00e9 indevidamente utilizada, acedida, divulgada, alterada ou destru\u00edda.<\/p>\n<p>A <strong>ALMENDRAVE E CNCFS<\/strong> informa os utilizadores que os seus dados pessoais n\u00e3o ser\u00e3o cedidos a terceiras organiza\u00e7\u00f5es, com a excep\u00e7\u00e3o de que essa ced\u00eancia de dados resulte de uma obriga\u00e7\u00e3o pegar ou quando a presta\u00e7\u00e3o de um servi\u00e7o implique a necessidade de uma rela\u00e7\u00e3o contratual com o respons\u00e1vel pelo tratamento. Neste \u00faltimo caso s\u00f3 ser\u00e1 levada a cabo a ced\u00eancia de dados a terceiras quando a <strong>ALMENDRAVE E CNCFS<\/strong> disponha do consentimento expresso do utilizador.<\/p>\n<p>Em alguns casos podem ser realizadas colabora\u00e7\u00f5es com outros profissionais, nesses casos ser\u00e1 requerido consentimento aos utilizadores informando-os sobre a identidade do colaborador e a finalidade da colabora\u00e7\u00e3o. Tudo ser\u00e1 realizado com os mais rigorosos padr\u00f5es de seguran\u00e7a.<\/p>\n<p><strong>Conte\u00fado de outros websites<\/strong><\/p>\n<p>Os artigos deste website podem incluir conte\u00fado incorporado (videos, imagens, artigos, etc.). O conte\u00fado incorporado de outros websites comporta-se da mesma forma como da anterior visita do utilizador a outro website.<\/p>\n<p>Estas p\u00e1ginas podem recolher dados sobre si, utilizar cookies, incorporar um acompanhamento adicional de terceiros e supervisionar a sua intera\u00e7\u00e3o com esse conte\u00fado incorporado, incluindo o acompanhamento da sua intera\u00e7\u00e3o com o conte\u00fado incorporado se tem uma conta e est\u00e1 ligado a essa p\u00e1gina.<\/p>\n<p><strong>Cookies<\/strong><\/p>\n<p>Para que o website funcione corretamente, necessita de utilizar cookies, que s\u00e3o a informa\u00e7\u00e3o que \u00e9 armazenada no seu browser para facilitar a navega\u00e7\u00e3o.<\/p>\n<p>Pode consultar<a href=\"https:\/\/sustainablealmond.eu\/pt-pt\/politica-de-cookies\/\">\u00a0aqui.<\/a><\/p>\n<p><strong>Legitima\u00e7\u00e3o para o tratamento dos seus dados<\/strong><\/p>\n<p>A base legal para o tratamento dos seus dados \u00e9: o consentimento.<\/p>\n<p>Para contactar ou fazer coment\u00e1rios neste website \u00e9 necess\u00e1ria a aceita\u00e7\u00e3o desta pol\u00edtica de privacidade.<\/p>\n<p><strong>Categoria de dados<\/strong><\/p>\n<p>As categorias de dados que s\u00e3o tratados s\u00e3o dados identificativos.<\/p>\n<p>N\u00e3o se tratam categorias de dados especialmente protegidos.<\/p>\n<p><strong>Por quanto tempo vamos armazenar os seus dados?<\/strong><\/p>\n<p>Os dados pessoais fornecidos ser\u00e3o armazenados at\u00e9 pedido de supress\u00e3o por parte do interessado.<\/p>\n<p><strong>A quem ser\u00e3o comunicados os seus dados?<\/strong><\/p>\n<p>Google Analytics \u2013 um servi\u00e7o anal\u00edtico de web prestado pelo Google, Inc., uma empresa de Delaware, cuja sede se encontra em 1600 Amphitheatre Parkway, Mountain View (California), CA 94043, Estados Unidos (\u201cGoogle\u201d). Google Analytics utiliza \u201ccookies\u201d que s\u00e3o arquivos de texto localizados no seu computador para ajudar <a href=\"https:\/\/sustainablealmond.eu\/inicio\">https:\/\/sustainablealmond.eu<\/a> a analisar a utiliza\u00e7\u00e3o dos visitantes do website. A informa\u00e7\u00e3o que gera a cookie sobre a sua utiliza\u00e7\u00e3o de <a href=\"https:\/\/sustainablealmond.eu\/inicio\">https:\/\/sustainablealmond.eu<\/a> (incluindo o seu IP) ser\u00e1 diretamente transmitida e arquivada pela Google nos seus servidores nos Estados Unidos.<\/p>\n<p><strong>Navega\u00e7\u00e3o Web<\/strong><\/p>\n<p>Ao navegar por <a href=\"https:\/\/sustainablealmond.eu\/inicio\">https:\/\/sustainablealmond.eu<\/a> podem ser recolhidos dados n\u00e3o identific\u00e1veis que podem incluir o seu IP, localiza\u00e7\u00e3o geogr\u00e1fica (aproximadamente), um registo de como s\u00e3o utilizados os servi\u00e7os, e outros dados que n\u00e3o podem ser utilizados para identificar o utilizador. Entre os dados n\u00e3o identificativos est\u00e3o tamb\u00e9m os relacionados aos seus h\u00e1bitos de navega\u00e7\u00e3o atrav\u00e9s de servi\u00e7os de terceiros.<\/p>\n<p>Estas p\u00e1ginas utilizam os seguintes servi\u00e7os de an\u00e1lises de terceiros: Google Analytics<\/p>\n<p>Utilizamos esta informa\u00e7\u00e3o para analisar tend\u00eancias, administrar o website, rastrear os movimentos dos utilizadores no webstie e para recolher informa\u00e7\u00e3o demogr\u00e1fica sobre a nossa base de utilizadores no seu total.<\/p>\n<p><strong>Exatid\u00e3o e veracidade dos dados<\/strong><\/p>\n<p>Como utilizador, ser\u00e1 o \u00fanico respons\u00e1vel pela veracidade e corre\u00e7\u00e3o dos dados que remete para a <strong>ALMENDRAVE E CNCFS<\/strong>, exonerando a <strong>ALMENDRAVE E CNCFS<\/strong> de qualquer responsabilidade a esse respeito.<\/p>\n<p>Os utilizadores garantem e respondem, em qualquer caso, pela exatid\u00e3o, vig\u00eancia e autenticidade dos dados pessoais fornecidos, e comprometem-se a mantemos devidamente atualizados. O utilizador aceita fornecer informa\u00e7\u00e3o completa e correta no formul\u00e1rio de contacto ou subscri\u00e7\u00e3o.<\/p>\n<p><strong>Aceita\u00e7\u00e3o e consentimento<\/strong><\/p>\n<p>O utilizador declara ter sido informado das condi\u00e7\u00f5es sobre a prote\u00e7\u00e3o de dados de car\u00e1ter pessoal, aceitando e consentido o tratamento dos mesmos por parte da <strong>ALMENDRAVE E CNCFS<\/strong> na forma e finalidades indicadas nesta pol\u00edtica de privacidade.<\/p>\n<p>Revogabilidade<\/p>\n<p>Em qualquer momento, os utilizadores que queiram aceder aos seus dados, retific\u00e1-los ou cancel\u00e1-los, pode enviar um e-mail para\u00a0<strong>almendrave@almendrave.com<\/strong>\u00a0e ser\u00e1 elucidado como pode exercer os seus direitos de oposi\u00e7\u00e3o, acesso e informa\u00e7\u00e3o, retifica\u00e7\u00e3o, cancelamento de dados e revoga\u00e7\u00e3o da autoriza\u00e7\u00e3o.<\/p>\n<p>Isto n\u00e3o inclui dados que estejamos obrigados a manter para fins administrativos, legais ou de seguran\u00e7a.<\/p>\n<p><strong>Altera\u00e7\u00f5es na pol\u00edtica de privacidade<\/strong><\/p>\n<p>A <strong>ALMENDRAVE E CNCFS<\/strong> reserva-se o direito de modificar a presente pol\u00edtica para adapt\u00e1-la a novidades legislativas ou jurisprudenciais,assim com a pr\u00e1ticas da ind\u00fastria. Com estes pressupostos a <strong>ALMENDRAVE E CNCFS<\/strong> anunciar\u00e1 nesta p\u00e1gina as altera\u00e7\u00f5es introduzidas com anteced\u00eancia, antes de serem postas em pr\u00e1tica.<\/p>\n<p>&nbsp;<\/p>\n<p>[\/et_pb_text][\/et_pb_column][\/et_pb_row][\/et_pb_section]<\/p>\n","protected":false},"excerpt":{"rendered":"<p>Pol\u00edtica de privacidade A ALMENDRAVE E CNCFS informa todos os utilizadores do website sobre a sua pol\u00edtica de tratamento e prote\u00e7\u00e3o de dados pessoais dos utilizadores e clientes que possam ser recolhidos ao navegar ou contratar servi\u00e7os atrav\u00e9s do seu website. Nesse sentido, a ALMENDRAVE E CNCFS garante o cumprimento da legisla\u00e7\u00e3o em vigor em [&hellip;]<\/p>\n","protected":false},"author":1,"featured_media":0,"parent":0,"menu_order":0,"comment_status":"closed","ping_status":"closed","template":"","meta":{"_et_pb_use_builder":"on","_et_pb_old_content":"","_et_gb_content_width":"","footnotes":""},"class_list":["post-243476","page","type-page","status-publish","hentry"],"_links":{"self":[{"href":"https:\/\/sustainablealmond.eu\/pt-pt\/wp-json\/wp\/v2\/pages\/243476"}],"collection":[{"href":"https:\/\/sustainablealmond.eu\/pt-pt\/wp-json\/wp\/v2\/pages"}],"about":[{"href":"https:\/\/sustainablealmond.eu\/pt-pt\/wp-json\/wp\/v2\/types\/page"}],"author":[{"embeddable":true,"href":"https:\/\/sustainablealmond.eu\/pt-pt\/wp-json\/wp\/v2\/users\/1"}],"replies":[{"embeddable":true,"href":"https:\/\/sustainablealmond.eu\/pt-pt\/wp-json\/wp\/v2\/comments?post=243476"}],"version-history":[{"count":3,"href":"https:\/\/sustainablealmond.eu\/pt-pt\/wp-json\/wp\/v2\/pages\/243476\/revisions"}],"predecessor-version":[{"id":243492,"href":"https:\/\/sustainablealmond.eu\/pt-pt\/wp-json\/wp\/v2\/pages\/243476\/revisions\/243492"}],"wp:attachment":[{"href":"https:\/\/sustainablealmond.eu\/pt-pt\/wp-json\/wp\/v2\/media?parent=243476"}],"curies":[{"name":"wp","href":"https:\/\/api.w.org\/{rel}","templated":true}]}}