{"id":244525,"date":"2025-10-15T11:32:02","date_gmt":"2025-10-15T11:32:02","guid":{"rendered":"https:\/\/sustainablealmond.eu\/anuga-2025\/"},"modified":"2025-10-15T11:36:07","modified_gmt":"2025-10-15T11:36:07","slug":"anuga-2025","status":"publish","type":"page","link":"https:\/\/sustainablealmond.eu\/pt-pt\/anuga-2025\/","title":{"rendered":"Anuga 2025"},"content":{"rendered":"<p>[et_pb_section fb_built=&#8221;1&#8243; custom_padding_last_edited=&#8221;on|tablet&#8221; next_background_color=&#8221;#ffffff&#8221; admin_label=&#8221;Header&#8221; _builder_version=&#8221;4.20.4&#8243; background_color=&#8221;#fcfaf7&#8243; background_image=&#8221;https:\/\/sustainablealmond.eu\/wp-content\/uploads\/2023\/04\/header_almond_picture.png&#8221; background_size=&#8221;initial&#8221; background_position=&#8221;top_center&#8221; custom_padding_tablet=&#8221;||0vw|&#8221; custom_padding_phone=&#8221;&#8221; bottom_divider_style=&#8221;wave&#8221; bottom_divider_height=&#8221;80%&#8221; bottom_divider_repeat=&#8221;0.6x&#8221; bottom_divider_flip=&#8221;vertical|horizontal&#8221; da_disable_devices=&#8221;off|off|off&#8221; global_colors_info=&#8221;{}&#8221; da_is_popup=&#8221;off&#8221; da_exit_intent=&#8221;off&#8221; da_has_close=&#8221;on&#8221; da_alt_close=&#8221;off&#8221; da_dark_close=&#8221;off&#8221; da_not_modal=&#8221;on&#8221; da_is_singular=&#8221;off&#8221; da_with_loader=&#8221;off&#8221; da_has_shadow=&#8221;on&#8221;][et_pb_row column_structure=&#8221;3_5,2_5&#8243; _builder_version=&#8221;4.16&#8243; custom_margin=&#8221;100px||&#8221; custom_margin_tablet=&#8221;||&#8221; custom_margin_phone=&#8221;0px|||&#8221; custom_margin_last_edited=&#8221;on|tablet&#8221; global_colors_info=&#8221;{}&#8221;][et_pb_column type=&#8221;3_5&#8243; _builder_version=&#8221;4.16&#8243; custom_padding=&#8221;|||&#8221; global_colors_info=&#8221;{}&#8221; custom_padding__hover=&#8221;|||&#8221;][et_pb_text _builder_version=&#8221;4.27.0&#8243; header_font=&#8221;Rns Sanz|700|||||||&#8221; header_text_color=&#8221;#ad521b&#8221; header_font_size=&#8221;60px&#8221; header_letter_spacing=&#8221;1px&#8221; header_line_height=&#8221;1.2em&#8221; header_font_size_tablet=&#8221;40px&#8221; header_font_size_phone=&#8221;34px&#8221; header_font_size_last_edited=&#8221;on|phone&#8221; header_letter_spacing_tablet=&#8221;0px&#8221; header_letter_spacing_phone=&#8221;0px&#8221; header_letter_spacing_last_edited=&#8221;on|tablet&#8221; global_colors_info=&#8221;{}&#8221;]<\/p>\n<h1>Anuga 2025<\/h1>\n<p>[\/et_pb_text][et_pb_text _builder_version=&#8221;4.27.0&#8243; text_font=&#8221;Rns Sanz||||||||&#8221; text_letter_spacing=&#8221;0.5px&#8221; text_line_height=&#8221;1.5em&#8221; transform_scale_tablet=&#8221;&#8221; transform_scale_phone=&#8221;&#8221; transform_scale_last_edited=&#8221;on|desktop&#8221; transform_translate_tablet=&#8221;&#8221; transform_translate_phone=&#8221;&#8221; transform_translate_last_edited=&#8221;on|desktop&#8221; transform_rotate_tablet=&#8221;&#8221; transform_rotate_phone=&#8221;&#8221; transform_rotate_last_edited=&#8221;on|desktop&#8221; transform_skew_tablet=&#8221;&#8221; transform_skew_phone=&#8221;&#8221; transform_skew_last_edited=&#8221;on|desktop&#8221; transform_origin_tablet=&#8221;&#8221; transform_origin_phone=&#8221;&#8221; transform_origin_last_edited=&#8221;on|desktop&#8221; transform_styles_last_edited=&#8221;on|desktop&#8221; hover_enabled=&#8221;0&#8243; text_font_size_tablet=&#8221;16px&#8221; text_font_size_phone=&#8221;14px&#8221; text_font_size_last_edited=&#8221;on|phone&#8221; text_letter_spacing_tablet=&#8221;&#8221; text_letter_spacing_phone=&#8221;0px&#8221; text_letter_spacing_last_edited=&#8221;on|tablet&#8221; transform_styles_tablet=&#8221;&#8221; transform_styles_phone=&#8221;&#8221; global_colors_info=&#8221;{}&#8221; sticky_enabled=&#8221;0&#8243;]<\/p>\n<p>A Anuga 2025 foi o cen\u00e1rio ideal para continuar a valorizar as am\u00eandoas europeias num dos maiores encontros internacionais do setor alimentar. Em Col\u00f3nia, a campanha Sustainable EU Almond destacou o compromisso com uma produ\u00e7\u00e3o sustent\u00e1vel, real\u00e7ando o trabalho conjunto de Espanha e Portugal. Os visitantes mostraram grande interesse em descobrir como as am\u00eandoas europeias combinam sabor, qualidade e respeito pelo meio ambiente.<\/p>\n<p>[\/et_pb_text][\/et_pb_column][et_pb_column type=&#8221;2_5&#8243; _builder_version=&#8221;4.16&#8243; custom_padding=&#8221;|||&#8221; global_colors_info=&#8221;{}&#8221; custom_padding__hover=&#8221;|||&#8221;][et_pb_image src=&#8221;https:\/\/sustainablealmond.eu\/wp-content\/uploads\/2025\/10\/anuga_logo.png&#8221; title_text=&#8221;anuga_logo&#8221; align=&#8221;center&#8221; _builder_version=&#8221;4.27.0&#8243; width_tablet=&#8221;80%&#8221; width_phone=&#8221;100%&#8221; width_last_edited=&#8221;on|phone&#8221; module_alignment=&#8221;center&#8221; custom_margin=&#8221;|||&#8221; always_center_on_mobile=&#8221;off&#8221; global_colors_info=&#8221;{}&#8221;][\/et_pb_image][\/et_pb_column][\/et_pb_row][et_pb_row _builder_version=&#8221;4.27.0&#8243; _module_preset=&#8221;default&#8221; global_colors_info=&#8221;{}&#8221;][et_pb_column type=&#8221;4_4&#8243; _builder_version=&#8221;4.27.0&#8243; _module_preset=&#8221;default&#8221; global_colors_info=&#8221;{}&#8221;][et_pb_gallery gallery_ids=&#8221;244484,244489,244494,244499,244504,244509,244514,244519&#8243; posts_number=&#8221;20&#8243; show_title_and_caption=&#8221;off&#8221; show_pagination=&#8221;off&#8221; _builder_version=&#8221;4.27.0&#8243; _module_preset=&#8221;default&#8221; global_colors_info=&#8221;{}&#8221;][\/et_pb_gallery][\/et_pb_column][\/et_pb_row][\/et_pb_section]<\/p>\n","protected":false},"excerpt":{"rendered":"<p>Anuga 2025A Anuga 2025 foi o cen\u00e1rio ideal para continuar a valorizar as am\u00eandoas europeias num dos maiores encontros internacionais do setor alimentar. Em Col\u00f3nia, a campanha Sustainable EU Almond destacou o compromisso com uma produ\u00e7\u00e3o sustent\u00e1vel, real\u00e7ando o trabalho conjunto de Espanha e Portugal. Os visitantes mostraram grande interesse em descobrir como as am\u00eandoas [&hellip;]<\/p>\n","protected":false},"author":1,"featured_media":0,"parent":0,"menu_order":0,"comment_status":"closed","ping_status":"closed","template":"","meta":{"_et_pb_use_builder":"on","_et_pb_old_content":"","_et_gb_content_width":"","footnotes":""},"class_list":["post-244525","page","type-page","status-publish","hentry"],"_links":{"self":[{"href":"https:\/\/sustainablealmond.eu\/pt-pt\/wp-json\/wp\/v2\/pages\/244525"}],"collection":[{"href":"https:\/\/sustainablealmond.eu\/pt-pt\/wp-json\/wp\/v2\/pages"}],"about":[{"href":"https:\/\/sustainablealmond.eu\/pt-pt\/wp-json\/wp\/v2\/types\/page"}],"author":[{"embeddable":true,"href":"https:\/\/sustainablealmond.eu\/pt-pt\/wp-json\/wp\/v2\/users\/1"}],"replies":[{"embeddable":true,"href":"https:\/\/sustainablealmond.eu\/pt-pt\/wp-json\/wp\/v2\/comments?post=244525"}],"version-history":[{"count":3,"href":"https:\/\/sustainablealmond.eu\/pt-pt\/wp-json\/wp\/v2\/pages\/244525\/revisions"}],"predecessor-version":[{"id":244528,"href":"https:\/\/sustainablealmond.eu\/pt-pt\/wp-json\/wp\/v2\/pages\/244525\/revisions\/244528"}],"wp:attachment":[{"href":"https:\/\/sustainablealmond.eu\/pt-pt\/wp-json\/wp\/v2\/media?parent=244525"}],"curies":[{"name":"wp","href":"https:\/\/api.w.org\/{rel}","templated":true}]}}